{"id":43012,"date":"2023-03-16T11:02:19","date_gmt":"2023-03-16T04:02:19","guid":{"rendered":"https:\/\/mouldking.store\/shop\/moc-factory-89443-foxy-boxy-lankybot-with-331-pieces\/"},"modified":"2025-12-16T22:25:08","modified_gmt":"2025-12-16T15:25:08","slug":"moc-factory-89443-foxy-boxy-lankybot-with-331-pieces","status":"publish","type":"product","link":"https:\/\/mouldking.store\/de\/shop\/moc-factory-89443-foxy-boxy-lankybot-with-331-pieces\/","title":{"rendered":"MOC Factory 89443 Foxy Boxy LankyBot mit 331 Teilen"},"content":{"rendered":"<div>\u2705 MOC-89443 Foxy Boxy LankyBot<\/p>\n<p>\u2705 \u201eLankybox\u201c ist ein YouTube-Kanal mit zwei YouTubern, Adam und Justin, die kom\u00f6diantische Videos \u00fcber Popkultur, Videospiele und Internettrends machen. Sie erstellen oft originelle Charaktere und Sketche, wie \u201eFoxy\u201c und \u201eBoxy\u201c, die anthropomorphe Fuchs- bzw. Box-Charaktere sind.<\/p>\n<p>\ud83d\udeab WICHTIG!<\/p>\n<p>Produktname: Foxy Boxy LankyBot<\/p>\n<p>Kategorie: Sch\u00f6pfer<\/p>\n<p>Dieses Kit enth\u00e4lt: C9285<\/p>\n<p>331 St\u00fcck Steine von guter Qualit\u00e4t<\/p>\n<p>Gr\u00f6\u00dfe: 15,2 x 5 x 11,6 cm<\/p>\n<p>Gewicht: 0,25 kg<\/p>\n<p>PDF-Anleitung<\/p>\n<p>\ud83d\udcccNatur des Protagonisten<\/p>\n<p>Die Einf\u00fchrung unserer stolzen Kollektion namens \u201eFoxy Boxy LankyBot\u201c sollten Sie nicht verpassen.<\/p>\n<p>Foxy ist ein roter anthropomorpher Fuchs, der von Lankybox erschaffen wurde. Er wird oft als energisch und schelmisch dargestellt und erscheint in vielen Lankybox-Videos und Sketchen. Boxy ist eine blaue anthropomorphe Boxfigur, die ebenfalls von Lankybox erstellt wurde. Er wird oft als s\u00fc\u00df und unschuldig dargestellt und tritt h\u00e4ufig neben Foxy in Lankybox-Videos auf. Lankybot ist eine von Lankybox erstellte Roboterfigur. Er wird oft als kom\u00f6diantische Figur dargestellt und erscheint in verschiedenen Sketchen und Videos auf dem Lankybox-Kanal. Lankybot hat ein einzigartiges Design mit einem schlaksigen K\u00f6rper und einem Roboterkopf und wird oft in Videos gezeigt, die Videospiele und andere Ph\u00e4nomene der Popkultur parodieren.<\/p><\/div>","protected":false},"excerpt":{"rendered":"<p>Marke: MOC-Fabrik<br \/>\nGeschlecht: Unisex<br \/>\nAltersspanne: &gt; 6 Jahre alt<br \/>\nModellnummer: 89443<br \/>\nEinstufung: Assemblage<br \/>\nKunststoffblockform: Selbstsichernde Steine<br \/>\nMaterial: Kunststoff<br \/>\nKunststofftyp: ABS<br \/>\nZiegelsteine: 331 +<br \/>\nKeine Originalverpackung<\/p>","protected":false},"featured_media":43004,"comment_status":"open","ping_status":"closed","template":"","meta":{"_acf_changed":false},"product_cat":[1365,371,581,1408],"product_tag":[11556,11072,8452,11555,11557,434],"class_list":["product","first","instock","shipping-taxable","purchasable","product-type-simple"],"acf":[],"_links":{"self":[{"href":"https:\/\/mouldking.store\/de\/wp-json\/wp\/v2\/product\/43012","targetHints":{"allow":["GET"]}}],"collection":[{"href":"https:\/\/mouldking.store\/de\/wp-json\/wp\/v2\/product"}],"about":[{"href":"https:\/\/mouldking.store\/de\/wp-json\/wp\/v2\/types\/product"}],"replies":[{"embeddable":true,"href":"https:\/\/mouldking.store\/de\/wp-json\/wp\/v2\/comments?post=43012"}],"wp:featuredmedia":[{"embeddable":true,"href":"https:\/\/mouldking.store\/de\/wp-json\/wp\/v2\/media\/43004"}],"wp:attachment":[{"href":"https:\/\/mouldking.store\/de\/wp-json\/wp\/v2\/media?parent=43012"}],"wp:term":[{"taxonomy":"product_cat","embeddable":true,"href":"https:\/\/mouldking.store\/de\/wp-json\/wp\/v2\/product_cat?post=43012"},{"taxonomy":"product_tag","embeddable":true,"href":"https:\/\/mouldking.store\/de\/wp-json\/wp\/v2\/product_tag?post=43012"}],"curies":[{"name":"wp","href":"https:\/\/api.w.org\/{rel}","templated":true}]}}