{"id":43033,"date":"2023-03-16T11:16:04","date_gmt":"2023-03-16T04:16:04","guid":{"rendered":"https:\/\/mouldking.store\/shop\/moc-factory-121058-atlas-v-heavy-with-1597-pieces\/"},"modified":"2025-12-16T22:25:08","modified_gmt":"2025-12-16T15:25:08","slug":"moc-factory-121058-atlas-v-heavy-with-1597-pieces","status":"publish","type":"product","link":"https:\/\/mouldking.store\/de\/shop\/moc-factory-121058-atlas-v-heavy-with-1597-pieces\/","title":{"rendered":"MOC Factory 121058 Atlas V Heavy mit 1597 Teilen"},"content":{"rendered":"<div>\u2705 MOC-121058 Atlas V Schwer<\/p>\n<p>\u2705Die Atlas V Heavy ist eine Variante der Atlas V-Rakete, einer Familie von Einwegraketen, die von der United Launch Alliance (ULA), einem Joint Venture zwischen Lockheed Martin und Boeing, hergestellt wird. Die Atlas V Heavy ist eine Heavy-Lift-Version der Atlas V-Rakete, die viel gr\u00f6\u00dfere Nutzlasten in den Weltraum bringen kann als die Standard-Atlas V.<\/p>\n<p>\ud83d\udeab WICHTIG!<\/p>\n<p>Produktname: Atlas V Heavy<\/p>\n<p>Kategorie: Weltraum<\/p>\n<p>Dieses Kit enth\u00e4lt: C9302<\/p>\n<p>1597 St\u00fcck Ziegel von guter Qualit\u00e4t<\/p>\n<p>Gr\u00f6\u00dfe: 12,3 x 4,8 x 59,2 cm<\/p>\n<p>Gewicht: 0,87 kg<\/p>\n<p>PDF-Anleitung<\/p>\n<p>\ud83d\udcccNatur des Protagonisten<\/p>\n<p>Die Einf\u00fchrung unserer stolzen Kollektion namens \u201eAtlas V Heavy\u201c sollten Sie sich nicht entgehen lassen.<\/p>\n<p>Der Atlas V Heavy verf\u00fcgt \u00fcber einen gemeinsamen Kern-Booster mit zwei oder drei zus\u00e4tzlichen Feststoffraketen-Boostern, die daran befestigt sind, um zus\u00e4tzlichen Schub zu liefern. Diese Konfiguration erm\u00f6glicht es der Rakete, Nutzlasten mit einem Gewicht von bis zu 12.000 kg (26.000 Pfund) in eine geosynchrone Umlaufbahn oder bis zu 26.000 kg (57.000 Pfund) in eine erdnahe Umlaufbahn zu heben. Der Atlas V Heavy wurde f\u00fcr eine Vielzahl von Missionen eingesetzt, darunter der Start von Aufkl\u00e4rungssatelliten f\u00fcr das US-Milit\u00e4r, wissenschaftliche Raumfahrzeuge und kommerzielle Kommunikationssatelliten. Die Rakete ist \u00e4u\u00dferst zuverl\u00e4ssig und hat eine nachgewiesene Erfolgsbilanz erfolgreicher Starts, was sie zu einer der vertrauensw\u00fcrdigsten Tr\u00e4gerraketen der Branche macht.<\/p><\/div>","protected":false},"excerpt":{"rendered":"<p>Marke: MOC-Fabrik<br \/>\nGeschlecht: Unisex<br \/>\nAltersspanne: &gt; 12 Jahre alt<br \/>\nModellnummer: 121058<br \/>\nEinstufung: Assemblage<br \/>\nKunststoffblockform: Selbstsichernde Steine<br \/>\nMaterial: Kunststoff<br \/>\nKunststofftyp: ABS<br \/>\nZiegelsteine: 1597 +<br \/>\nKeine Originalverpackung<\/p>","protected":false},"featured_media":43024,"comment_status":"open","ping_status":"closed","template":"","meta":{"_acf_changed":false},"product_cat":[1357,6016,364],"product_tag":[11559,8162,2276,389],"class_list":["product","first","instock","shipping-taxable","purchasable","product-type-simple"],"acf":[],"_links":{"self":[{"href":"https:\/\/mouldking.store\/de\/wp-json\/wp\/v2\/product\/43033","targetHints":{"allow":["GET"]}}],"collection":[{"href":"https:\/\/mouldking.store\/de\/wp-json\/wp\/v2\/product"}],"about":[{"href":"https:\/\/mouldking.store\/de\/wp-json\/wp\/v2\/types\/product"}],"replies":[{"embeddable":true,"href":"https:\/\/mouldking.store\/de\/wp-json\/wp\/v2\/comments?post=43033"}],"wp:featuredmedia":[{"embeddable":true,"href":"https:\/\/mouldking.store\/de\/wp-json\/wp\/v2\/media\/43024"}],"wp:attachment":[{"href":"https:\/\/mouldking.store\/de\/wp-json\/wp\/v2\/media?parent=43033"}],"wp:term":[{"taxonomy":"product_cat","embeddable":true,"href":"https:\/\/mouldking.store\/de\/wp-json\/wp\/v2\/product_cat?post=43033"},{"taxonomy":"product_tag","embeddable":true,"href":"https:\/\/mouldking.store\/de\/wp-json\/wp\/v2\/product_tag?post=43033"}],"curies":[{"name":"wp","href":"https:\/\/api.w.org\/{rel}","templated":true}]}}