{"id":43057,"date":"2023-03-16T11:38:19","date_gmt":"2023-03-16T04:38:19","guid":{"rendered":"https:\/\/mouldking.store\/shop\/mould-king-26009-rainbow-ladder-upgraded-version-motor-great-ball-contraption-%e2%85%b1-with-1281-pieces\/"},"modified":"2023-03-16T11:38:19","modified_gmt":"2023-03-16T04:38:19","slug":"mould-king-26009-rainbow-ladder-upgraded-version-motor-great-ball-contraption-%e2%85%b1-with-1281-pieces","status":"publish","type":"product","link":"https:\/\/mouldking.store\/de\/shop\/mould-king-26009-rainbow-ladder-upgraded-version-motor-great-ball-contraption-%e2%85%b1-with-1281-pieces\/","title":{"rendered":"MOLD KING 26009 Rainbow Ladder Verbesserte Version Motor Great Ball Contraption \u2161 mit 1281 Teilen"},"content":{"rendered":"<div>\u2705 Mold King 26009 GBC Flie\u00dfbandfabrik Rainbow Ladder Verbesserte Version Motor Great Ball Contraption \u2161<br \/>&nbsp;<br \/>\u2705Die GBC-Flie\u00dfbandfabrik: Rainbow Ladder ist eine benutzerdefinierte Ziegelkreation, die als Teil der Great Ball Contraption (GBC)-Community entwickelt wurde. Ein GBC ist eine komplexe Maschine aus Ziegeln, die dazu dient, kleine Plastikkugeln mithilfe einer Reihe mechanischer Komponenten wie Motoren, Getrieben und F\u00f6rderb\u00e4ndern von einem Ort zum anderen zu bewegen.<br \/>&nbsp;<br \/>\ud83d\udeab WICHTIG!&nbsp;<br \/>&nbsp;<br \/>Produktname: GBC Flie\u00dfband Fabrik Rainbow Ladder Verbesserte Version Motor Great Ball Contraption \u2161<br \/>&nbsp;<br \/>Kategorie: Sch\u00f6pfer&nbsp;<br \/>&nbsp;<br \/>Dieses Kit enth\u00e4lt: Mould King 26009<br \/>&nbsp;<br \/>1281 St\u00fcck Ziegel von guter Qualit\u00e4t&nbsp;<br \/>&nbsp;<br \/>Gr\u00f6\u00dfe: 17,3 \u00d7 12,8 \u00d7 73,6 cm<br \/>&nbsp;<br \/>Manuelle Anweisungen&nbsp;<br \/>&nbsp;<br \/>\ud83d\udcccNatur des Protagonisten&nbsp;<br \/>&nbsp;<br \/>Die Einf\u00fchrung unserer stolzen Kollektion mit dem Namen \u201eGBC Assembly Line Factory Rainbow Ladder Upgraded Version Motor Great Ball Contraption \u2161\u201c sollten Sie nicht verpassen.&nbsp;<br \/>&nbsp;<br \/>Die Regenbogenleiter ist ein Modul innerhalb der gr\u00f6\u00dferen GBC-Flie\u00dfbandfabrik. Es soll die kleinen Plastikkugeln in einer Endlosschleife eine regenbogenfarbene Treppe hinaufbewegen, die aus einer Reihe abgewinkelter Platten besteht, die spiralf\u00f6rmig angeordnet sind. Am oberen Ende der Treppe fallen die B\u00e4lle auf ein F\u00f6rderband, das sie zum n\u00e4chsten Modul im GBC transportiert.<\/div>","protected":false},"excerpt":{"rendered":"<p>Marke: MOLD KING<br \/>\nGeschlecht: Unisex<br \/>\nAltersspanne: &gt; 14 Jahre alt<br \/>\nModellnummer: 26009<br \/>\nEinstufung: Assemblage<br \/>\nKunststoffblockform: Selbstsichernde Steine<br \/>\nMaterial: Kunststoff<br \/>\nKunststofftyp: ABS<br \/>\nZiegelsteine: 1281 +<br \/>\nKeine Originalverpackung<\/p>","protected":false},"featured_media":43052,"comment_status":"open","ping_status":"closed","template":"","meta":{"_acf_changed":false},"product_cat":[1365,371],"product_tag":[11562,11564,7291,11072,8452,9188,11563,6687,11565],"class_list":["product","first","instock","shipping-taxable","purchasable","product-type-simple"],"acf":[],"_links":{"self":[{"href":"https:\/\/mouldking.store\/de\/wp-json\/wp\/v2\/product\/43057","targetHints":{"allow":["GET"]}}],"collection":[{"href":"https:\/\/mouldking.store\/de\/wp-json\/wp\/v2\/product"}],"about":[{"href":"https:\/\/mouldking.store\/de\/wp-json\/wp\/v2\/types\/product"}],"replies":[{"embeddable":true,"href":"https:\/\/mouldking.store\/de\/wp-json\/wp\/v2\/comments?post=43057"}],"wp:featuredmedia":[{"embeddable":true,"href":"https:\/\/mouldking.store\/de\/wp-json\/wp\/v2\/media\/43052"}],"wp:attachment":[{"href":"https:\/\/mouldking.store\/de\/wp-json\/wp\/v2\/media?parent=43057"}],"wp:term":[{"taxonomy":"product_cat","embeddable":true,"href":"https:\/\/mouldking.store\/de\/wp-json\/wp\/v2\/product_cat?post=43057"},{"taxonomy":"product_tag","embeddable":true,"href":"https:\/\/mouldking.store\/de\/wp-json\/wp\/v2\/product_tag?post=43057"}],"curies":[{"name":"wp","href":"https:\/\/api.w.org\/{rel}","templated":true}]}}