{"id":43081,"date":"2023-03-16T12:04:42","date_gmt":"2023-03-16T05:04:42","guid":{"rendered":"https:\/\/mouldking.store\/shop\/moc-factory-89440-palais-galliera-with-41452-pieces\/"},"modified":"2025-12-16T22:25:08","modified_gmt":"2025-12-16T15:25:08","slug":"moc-factory-89440-palais-galliera-with-41452-pieces","status":"publish","type":"product","link":"https:\/\/mouldking.store\/de\/shop\/moc-factory-89440-palais-galliera-with-41452-pieces\/","title":{"rendered":"MOC Factory 89440 Palais-Galliera mit 41452 St\u00fcck"},"content":{"rendered":"<div>\u2705 MOC-89440 Palais-Galliera<\/p>\n<p>\u2705Palais Galliera ist ein Museum f\u00fcr Mode und Modegeschichte in Paris, Frankreich. Es ist nach dem Architekten benannt, der das Geb\u00e4ude entworfen hat, den Palast im Neorenaissance-Stil an der Avenue Pierre-Ier-de-Serbie im 16. Arrondissement von Paris. Das Museum wurde 1977 gegr\u00fcndet und ist das einzige Museum in Frankreich, das sich ausschlie\u00dflich dem Mode- und Kost\u00fcmdesign widmet.<\/p>\n<p>\ud83d\udeab WICHTIG!<\/p>\n<p>Produktname: Palais-Galliera<\/p>\n<p>Kategorie: Modulares Bauen<\/p>\n<p>Dieses Kit enth\u00e4lt: MOC-89440<\/p>\n<p>41452 St\u00fcck Ziegel von guter Qualit\u00e4t<\/p>\n<p>Gewicht: 34500 g<\/p>\n<p>PDF-Anleitung<\/p>\n<p>\ud83d\udcccNatur des Protagonisten<\/p>\n<p>Die Einf\u00fchrung unserer stolzen Kollektion namens \u201ePalais-Galliera\u201c sollten Sie nicht verpassen.<\/p>\n<p>Das Palais Galliera verf\u00fcgt \u00fcber eine Sammlung von \u00fcber 200.000 Artikeln, darunter Kleidung, Accessoires und Textilien, die vom 18. Jahrhundert bis zur zeitgen\u00f6ssischen Mode reichen. Das Museum hat einen starken Fokus auf franz\u00f6sische Mode und Designer, mit vielen St\u00fccken ber\u00fchmter franz\u00f6sischer Couture-H\u00e4user wie Chanel, Dior und Yves Saint Laurent. Das Palais Galliera beherbergt das ganze Jahr \u00fcber Wechselausstellungen, die verschiedene Aspekte der Modegeschichte und des Designs zeigen. Neben seinen Ausstellungen verf\u00fcgt das Museum auch \u00fcber eine umfangreiche Forschungsbibliothek und eine Restaurierungswerkstatt, in der Gegenst\u00e4nde aus der Sammlung restauriert und konserviert werden.<\/p><\/div>","protected":false},"excerpt":{"rendered":"<p>Marke: MOC-Fabrik<br \/>\nGeschlecht: Unisex<br \/>\nAltersspanne: &gt; 12 Jahre alt<br \/>\nModellnummer: 89440<br \/>\nEinstufung: Assemblage<br \/>\nKunststoffblockform: Selbstsichernde Steine<br \/>\nMaterial: Kunststoff<br \/>\nKunststofftyp: ABS<br \/>\nZiegelsteine: 41452 +<br \/>\nVorbereitungszeit: 4-8 Wochen<\/p>","protected":false},"featured_media":43075,"comment_status":"open","ping_status":"closed","template":"","meta":{"_acf_changed":false},"product_cat":[1395,390],"product_tag":[4883,392,11569],"class_list":["product","first","instock","shipping-taxable","purchasable","product-type-simple"],"acf":[],"_links":{"self":[{"href":"https:\/\/mouldking.store\/de\/wp-json\/wp\/v2\/product\/43081","targetHints":{"allow":["GET"]}}],"collection":[{"href":"https:\/\/mouldking.store\/de\/wp-json\/wp\/v2\/product"}],"about":[{"href":"https:\/\/mouldking.store\/de\/wp-json\/wp\/v2\/types\/product"}],"replies":[{"embeddable":true,"href":"https:\/\/mouldking.store\/de\/wp-json\/wp\/v2\/comments?post=43081"}],"wp:featuredmedia":[{"embeddable":true,"href":"https:\/\/mouldking.store\/de\/wp-json\/wp\/v2\/media\/43075"}],"wp:attachment":[{"href":"https:\/\/mouldking.store\/de\/wp-json\/wp\/v2\/media?parent=43081"}],"wp:term":[{"taxonomy":"product_cat","embeddable":true,"href":"https:\/\/mouldking.store\/de\/wp-json\/wp\/v2\/product_cat?post=43081"},{"taxonomy":"product_tag","embeddable":true,"href":"https:\/\/mouldking.store\/de\/wp-json\/wp\/v2\/product_tag?post=43081"}],"curies":[{"name":"wp","href":"https:\/\/api.w.org\/{rel}","templated":true}]}}