{"id":43119,"date":"2023-03-17T10:08:18","date_gmt":"2023-03-17T03:08:18","guid":{"rendered":"https:\/\/mouldking.store\/shop\/moc-factory-128611-atlas-v-launchpad-with-3429-pieces\/"},"modified":"2025-12-16T22:25:08","modified_gmt":"2025-12-16T15:25:08","slug":"moc-factory-128611-atlas-v-launchpad-with-3429-pieces","status":"publish","type":"product","link":"https:\/\/mouldking.store\/de\/shop\/moc-factory-128611-atlas-v-launchpad-with-3429-pieces\/","title":{"rendered":"MOC Factory 128611 Atlas V Launchpad mit 3429 Teilen"},"content":{"rendered":"<div>\u2705 MOC-128611 Atlas V-Startrampe<\/p>\n<p>\u2705Das Atlas V Launchpad ist ein spezieller Startplatz auf der Cape Canaveral Space Force Station in Florida, USA. Es wird verwendet, um Raketen zu starten, die von der United Launch Alliance (ULA), einem Joint Venture zwischen zwei gro\u00dfen amerikanischen Luft- und Raumfahrtunternehmen, Boeing und Lockheed Martin, gebaut wurden.<\/p>\n<p>\ud83d\udeab WICHTIG!<\/p>\n<p>Produktname: Atlas V Launchpad<\/p>\n<p>Kategorie: Weltraum<\/p>\n<p>Dieses Kit enth\u00e4lt: C9303<\/p>\n<p>3429 St\u00fcck Ziegel von guter Qualit\u00e4t<\/p>\n<p>Gr\u00f6\u00dfe: 97 x 14,4 x 114,3 cm<\/p>\n<p>Gewicht: 1,68 kg<\/p>\n<p>PDF-Anleitung<\/p>\n<p>\ud83d\udcccNatur des Protagonisten<\/p>\n<p>Die Einf\u00fchrung unserer stolzen Kollektion mit dem Namen \u201eAtlas V Launchpad\u201c sollten Sie nicht verpassen.<\/p>\n<p>Die Atlas V ist eine von ULA entwickelte und betriebene Raketenfamilie. Sie werden verwendet, um eine Vielzahl von Nutzlasten zu starten, darunter Milit\u00e4r- und Geheimdienstsatelliten, wissenschaftliche Missionen und kommerzielle Kommunikationssatelliten. Das Atlas V Launchpad wurde speziell entwickelt, um die einzigartigen Anforderungen der Atlas V-Raketenfamilie zu unterst\u00fctzen. Es umfasst spezialisierte Infrastruktur- und Unterst\u00fctzungssysteme wie Betankungsausr\u00fcstung, Startrampen und Kommunikationsausr\u00fcstung. Die Startrampe ist au\u00dferdem mit Sicherheitssystemen und -verfahren ausgestattet, um sicherzustellen, dass der Start sicher und zuverl\u00e4ssig durchgef\u00fchrt wird.<\/p><\/div>","protected":false},"excerpt":{"rendered":"<p>Marke: MOC-Fabrik<br \/>\nGeschlecht: Unisex<br \/>\nAltersspanne: &gt; 14 Jahre alt<br \/>\nModellnummer: 128611<br \/>\nEinstufung: Assemblage<br \/>\nKunststoffblockform: Selbstsichernde Steine<br \/>\nMaterial: Kunststoff<br \/>\nKunststofftyp: ABS<br \/>\nZiegelsteine: 3429 +<br \/>\nKeine Originalverpackung<\/p>","protected":false},"featured_media":43110,"comment_status":"open","ping_status":"closed","template":"","meta":{"_acf_changed":false},"product_cat":[1357,6016,364],"product_tag":[11559,11576,11577,2276,389],"class_list":["product","first","instock","shipping-taxable","purchasable","product-type-simple"],"acf":[],"_links":{"self":[{"href":"https:\/\/mouldking.store\/de\/wp-json\/wp\/v2\/product\/43119","targetHints":{"allow":["GET"]}}],"collection":[{"href":"https:\/\/mouldking.store\/de\/wp-json\/wp\/v2\/product"}],"about":[{"href":"https:\/\/mouldking.store\/de\/wp-json\/wp\/v2\/types\/product"}],"replies":[{"embeddable":true,"href":"https:\/\/mouldking.store\/de\/wp-json\/wp\/v2\/comments?post=43119"}],"wp:featuredmedia":[{"embeddable":true,"href":"https:\/\/mouldking.store\/de\/wp-json\/wp\/v2\/media\/43110"}],"wp:attachment":[{"href":"https:\/\/mouldking.store\/de\/wp-json\/wp\/v2\/media?parent=43119"}],"wp:term":[{"taxonomy":"product_cat","embeddable":true,"href":"https:\/\/mouldking.store\/de\/wp-json\/wp\/v2\/product_cat?post=43119"},{"taxonomy":"product_tag","embeddable":true,"href":"https:\/\/mouldking.store\/de\/wp-json\/wp\/v2\/product_tag?post=43119"}],"curies":[{"name":"wp","href":"https:\/\/api.w.org\/{rel}","templated":true}]}}