{"id":43130,"date":"2023-03-17T10:31:03","date_gmt":"2023-03-17T03:31:03","guid":{"rendered":"https:\/\/mouldking.store\/shop\/moc-factory-89436-alphabet-lore-lowercase-a-z-with-538-pieces\/"},"modified":"2025-12-16T22:25:08","modified_gmt":"2025-12-16T15:25:08","slug":"moc-factory-89436-alphabet-lore-lowercase-a-z-with-538-pieces","status":"publish","type":"product","link":"https:\/\/mouldking.store\/de\/shop\/moc-factory-89436-alphabet-lore-lowercase-a-z-with-538-pieces\/","title":{"rendered":"MOC Factory 89436 Alphabet Lore Kleinbuchstaben AZ mit 538 St\u00fcck"},"content":{"rendered":"<div>\u2705 MOC-89436 Alphabet Lore Kleinbuchstaben AZ<\/p>\n<p>\u2705Schalten Sie die Macht der Sprache mit der Bausteinserie Alphabet Lore Lowercase AZ frei! Mit 538 Steinen und schlanken Abmessungen von 5 x 5 x 5 cm ist dieses MOCAlphabet Lore-Set perfekt f\u00fcr jeden Liebhaber von Kreationen.<\/p>\n<p>\ud83d\udeab WICHTIG!<\/p>\n<p>Produktname: Alphabet Lore Kleinbuchstaben AZ<\/p>\n<p>Kategorie: Sch\u00f6pfer<\/p>\n<p>Dieses Kit enth\u00e4lt: C9305<\/p>\n<p>538 St\u00fcck Steine von guter Qualit\u00e4t<\/p>\n<p>Gr\u00f6\u00dfe: 5 x 5 x 5 cm<\/p>\n<p>Gewicht: 0,29 kg<\/p>\n<p>PDF-Anleitung<\/p>\n<p>\ud83d\udcccNatur des Protagonisten<\/p>\n<p>Die Einf\u00fchrung unserer stolzen Kollektion mit dem Namen \u201eAlphabet Lore Lowercase AZ\u201c sollten Sie nicht verpassen.<\/p>\n<p>Jeder Block ist fein verarbeitet, um ein atemberaubend sch\u00f6nes Kleinbuchstaben von A bis Z zu erstellen. Mit einem Gewicht von nur 0,29 kg werden Sie von den endlosen M\u00f6glichkeiten begeistert sein, die diese Bl\u00f6cke f\u00fcr Ihr n\u00e4chstes kreatives Projekt bieten. Machen Sie sich bereit, Ihrer Fantasie freien Lauf zu lassen und bauen Sie mit Alphabet Lore Lowercase AZ etwas wirklich Bemerkenswertes!<\/p><\/div>","protected":false},"excerpt":{"rendered":"<p>Marke: MOC-Fabrik<br \/>\nGeschlecht: Unisex<br \/>\nAltersspanne: &gt; 6 Jahre alt<br \/>\nModellnummer: 89436<br \/>\nEinstufung: Assemblage<br \/>\nKunststoffblockform: Selbstsichernde Steine<br \/>\nMaterial: Kunststoff<br \/>\nKunststofftyp: ABS<br \/>\nZiegelsteine: 538 +<br \/>\nKeine Originalverpackung<\/p>","protected":false},"featured_media":43120,"comment_status":"open","ping_status":"closed","template":"","meta":{"_acf_changed":false},"product_cat":[1365,371],"product_tag":[10850,11072,8452,10852,11311],"class_list":["product","first","instock","shipping-taxable","purchasable","product-type-simple"],"acf":[],"_links":{"self":[{"href":"https:\/\/mouldking.store\/de\/wp-json\/wp\/v2\/product\/43130","targetHints":{"allow":["GET"]}}],"collection":[{"href":"https:\/\/mouldking.store\/de\/wp-json\/wp\/v2\/product"}],"about":[{"href":"https:\/\/mouldking.store\/de\/wp-json\/wp\/v2\/types\/product"}],"replies":[{"embeddable":true,"href":"https:\/\/mouldking.store\/de\/wp-json\/wp\/v2\/comments?post=43130"}],"wp:featuredmedia":[{"embeddable":true,"href":"https:\/\/mouldking.store\/de\/wp-json\/wp\/v2\/media\/43120"}],"wp:attachment":[{"href":"https:\/\/mouldking.store\/de\/wp-json\/wp\/v2\/media?parent=43130"}],"wp:term":[{"taxonomy":"product_cat","embeddable":true,"href":"https:\/\/mouldking.store\/de\/wp-json\/wp\/v2\/product_cat?post=43130"},{"taxonomy":"product_tag","embeddable":true,"href":"https:\/\/mouldking.store\/de\/wp-json\/wp\/v2\/product_tag?post=43130"}],"curies":[{"name":"wp","href":"https:\/\/api.w.org\/{rel}","templated":true}]}}