{"id":43141,"date":"2023-03-17T10:38:44","date_gmt":"2023-03-17T03:38:44","guid":{"rendered":"https:\/\/mouldking.store\/shop\/moc-factory-89435-stranger-things-mind-flayer-with-691-pieces\/"},"modified":"2025-12-16T22:25:08","modified_gmt":"2025-12-16T15:25:08","slug":"moc-factory-89435-stranger-things-mind-flayer-with-691-pieces","status":"publish","type":"product","link":"https:\/\/mouldking.store\/de\/shop\/moc-factory-89435-stranger-things-mind-flayer-with-691-pieces\/","title":{"rendered":"MOC Factory 89435 Stranger Things Mind Flayer mit 691 Teilen"},"content":{"rendered":"<div>\u2705 MOC-89435 Stranger Things Mind Flayer<\/p>\n<p>\u2705Der Mind Flayer ist ein fiktives Monster oder Antagonist in der Science-Fiction\/Horror-TV-Serie \u201eStranger Things\u201c. Der Mind Flayer wird als gro\u00dfe, schattenhafte und b\u00f6sartige Kreatur aus einer alternativen Dimension dargestellt, die als Upside Down bekannt ist.<\/p>\n<p>\ud83d\udeab WICHTIG!<\/p>\n<p>Produktname: Stranger Things Mind Flayer<\/p>\n<p>Kategorie: Film<\/p>\n<p>Dieses Kit enth\u00e4lt: C9314<\/p>\n<p>691 St\u00fcck Steine von guter Qualit\u00e4t<\/p>\n<p>Gr\u00f6\u00dfe: 36,5 x 28,4 x 14,5 cm<\/p>\n<p>Gewicht: 0,39 kg<\/p>\n<p>PDF-Anleitung<\/p>\n<p>\ud83d\udcccNatur des Protagonisten<\/p>\n<p>Die Einf\u00fchrung unserer stolzen Kollektion mit dem Namen \u201eStranger Things Mind Flayer\u201c sollten Sie nicht verpassen.<\/p>\n<p>W\u00e4hrend der gesamten Serie wird gezeigt, dass der Mind Flayer m\u00e4chtige psychische F\u00e4higkeiten und Kontrolle \u00fcber andere Kreaturen im Upside Down hat, mit denen er die Stadt Hawkins und ihre Bewohner terrorisiert. Das Aussehen und die F\u00e4higkeiten der Figur sind von Kreaturen aus klassischen Horror- und Science-Fiction-Filmen und -Literatur inspiriert.<\/p><\/div>","protected":false},"excerpt":{"rendered":"<p>Marke: MOC-Fabrik<br \/>\nGeschlecht: Unisex<br \/>\nAltersspanne: &gt; 14 Jahre alt<br \/>\nModellnummer: 89435<br \/>\nEinstufung: Assemblage<br \/>\nKunststoffblockform: Selbstsichernde Steine<br \/>\nMaterial: Kunststoff<br \/>\nKunststofftyp: ABS<br \/>\nZiegelsteine: 691 +<br \/>\nKeine Originalverpackung<\/p>","protected":false},"featured_media":43131,"comment_status":"open","ping_status":"closed","template":"","meta":{"_acf_changed":false},"product_cat":[1365,371,581,1408],"product_tag":[11072,8452,434,5944],"class_list":["product","first","instock","shipping-taxable","purchasable","product-type-simple"],"acf":[],"_links":{"self":[{"href":"https:\/\/mouldking.store\/de\/wp-json\/wp\/v2\/product\/43141","targetHints":{"allow":["GET"]}}],"collection":[{"href":"https:\/\/mouldking.store\/de\/wp-json\/wp\/v2\/product"}],"about":[{"href":"https:\/\/mouldking.store\/de\/wp-json\/wp\/v2\/types\/product"}],"replies":[{"embeddable":true,"href":"https:\/\/mouldking.store\/de\/wp-json\/wp\/v2\/comments?post=43141"}],"wp:featuredmedia":[{"embeddable":true,"href":"https:\/\/mouldking.store\/de\/wp-json\/wp\/v2\/media\/43131"}],"wp:attachment":[{"href":"https:\/\/mouldking.store\/de\/wp-json\/wp\/v2\/media?parent=43141"}],"wp:term":[{"taxonomy":"product_cat","embeddable":true,"href":"https:\/\/mouldking.store\/de\/wp-json\/wp\/v2\/product_cat?post=43141"},{"taxonomy":"product_tag","embeddable":true,"href":"https:\/\/mouldking.store\/de\/wp-json\/wp\/v2\/product_tag?post=43141"}],"curies":[{"name":"wp","href":"https:\/\/api.w.org\/{rel}","templated":true}]}}