{"id":43161,"date":"2023-03-17T10:54:39","date_gmt":"2023-03-17T03:54:39","guid":{"rendered":"https:\/\/mouldking.store\/shop\/moc-factory-89434-high-on-life-gatlians-kenny-with-622-pieces\/"},"modified":"2025-12-16T22:25:08","modified_gmt":"2025-12-16T15:25:08","slug":"moc-factory-89434-high-on-life-gatlians-kenny-with-622-pieces","status":"publish","type":"product","link":"https:\/\/mouldking.store\/de\/shop\/moc-factory-89434-high-on-life-gatlians-kenny-with-622-pieces\/","title":{"rendered":"MOC Factory 89434 High on Life Gatlians-Kenny mit 622 St\u00fcck"},"content":{"rendered":"<div>\u2705 MOC-89434 High on Life Gatlians-Kenny<\/p>\n<p>\u2705Machen Sie sich bereit, Ihre Kreativit\u00e4t mit dem High on Life Gatlians-Kenny-Bausteinset auf ein neues Niveau zu heben!&nbsp;<\/p>\n<p>\ud83d\udeab WICHTIG!<\/p>\n<p>Produktname: High on Life Gatlians-Kenny<\/p>\n<p>Kategorie: Sch\u00f6pfer<\/p>\n<p>Dieses Kit enth\u00e4lt: C9370<\/p>\n<p>622 St\u00fcck Steine von guter Qualit\u00e4t<\/p>\n<p>Gr\u00f6\u00dfe: 20 x 7,5 x 18,5 cm<\/p>\n<p>Gewicht: 0,43 kg<\/p>\n<p>PDF-Anleitung<\/p>\n<p>\ud83d\udcccNatur des Protagonisten<\/p>\n<p>Die Einf\u00fchrung unserer stolzen Kollektion mit dem Namen \u201eHigh on Life Gatlians-Kenny\u201c sollten Sie sich nicht entgehen lassen.<\/p>\n<p>Mit 622 Steinen und einem eleganten Design mit den Ma\u00dfen 20 x 7,5 x 18,5 cm ist dies der wahrgewordene Traum aller Liebhaber von Kreationen. Mit einem Gewicht von nur 0,43 kg k\u00f6nnen Sie Ihr Meisterwerk \u00fcberall zum Leben erwecken. Lassen Sie Ihrer Fantasie freien Lauf und bauen Sie etwas wirklich Spektakul\u00e4res mit diesem unverzichtbaren Bausteinset!<\/p><\/div>","protected":false},"excerpt":{"rendered":"<p>Marke: MOC-Fabrik<br \/>\nGeschlecht: Unisex<br \/>\nAltersspanne: &gt; 6 Jahre alt<br \/>\nModellnummer: 89434<br \/>\nEinstufung: Assemblage<br \/>\nKunststoffblockform: Selbstsichernde Steine<br \/>\nMaterial: Kunststoff<br \/>\nKunststofftyp: ABS<br \/>\nZiegelsteine: 622 +<br \/>\nKeine Originalverpackung<\/p>","protected":false},"featured_media":43151,"comment_status":"open","ping_status":"closed","template":"","meta":{"_acf_changed":false},"product_cat":[1365,371],"product_tag":[11072,8452,9139,11580,11579,11581],"class_list":["product","first","instock","shipping-taxable","purchasable","product-type-simple"],"acf":[],"_links":{"self":[{"href":"https:\/\/mouldking.store\/de\/wp-json\/wp\/v2\/product\/43161","targetHints":{"allow":["GET"]}}],"collection":[{"href":"https:\/\/mouldking.store\/de\/wp-json\/wp\/v2\/product"}],"about":[{"href":"https:\/\/mouldking.store\/de\/wp-json\/wp\/v2\/types\/product"}],"replies":[{"embeddable":true,"href":"https:\/\/mouldking.store\/de\/wp-json\/wp\/v2\/comments?post=43161"}],"wp:featuredmedia":[{"embeddable":true,"href":"https:\/\/mouldking.store\/de\/wp-json\/wp\/v2\/media\/43151"}],"wp:attachment":[{"href":"https:\/\/mouldking.store\/de\/wp-json\/wp\/v2\/media?parent=43161"}],"wp:term":[{"taxonomy":"product_cat","embeddable":true,"href":"https:\/\/mouldking.store\/de\/wp-json\/wp\/v2\/product_cat?post=43161"},{"taxonomy":"product_tag","embeddable":true,"href":"https:\/\/mouldking.store\/de\/wp-json\/wp\/v2\/product_tag?post=43161"}],"curies":[{"name":"wp","href":"https:\/\/api.w.org\/{rel}","templated":true}]}}