{"id":43191,"date":"2023-03-17T11:12:36","date_gmt":"2023-03-17T04:12:36","guid":{"rendered":"https:\/\/mouldking.store\/shop\/moc-factory-136302-mass-effect-2-normandy-sr-2-with-3895-pieces\/"},"modified":"2025-12-16T22:25:07","modified_gmt":"2025-12-16T15:25:07","slug":"moc-factory-136302-mass-effect-2-normandy-sr-2-with-3895-pieces","status":"publish","type":"product","link":"https:\/\/mouldking.store\/de\/shop\/moc-factory-136302-mass-effect-2-normandy-sr-2-with-3895-pieces\/","title":{"rendered":"MOC Factory 136302 Mass Effect 2 Normandy SR-2 mit 3895 Teilen"},"content":{"rendered":"<div>\u2705 MOC-136302 Mass Effect 2 Normandie SR-2<\/p>\n<\/div>\n<div>\u2705 Die Normandy SR-2 ist ein fiktives Raumschiff im Science-Fiction-Videospiel \u201eMass Effect 2\u201c. Es dient als prim\u00e4res Schiff des Charakters des Spielers, Commander Shepard, und seines\/ihres Teams, w\u00e4hrend sie auf verschiedenen Missionen durch die Galaxie reisen.<\/p>\n<\/div>\n<div>\ud83d\udeab WICHTIG!<\/p>\n<p>Produktname: Mass Effect 2 Normandy SR-2<\/p>\n<p>Kategorie: Weltraum<\/p>\n<p>Dieses Kit enth\u00e4lt: C9383<\/p>\n<p>3895 St\u00fcck Ziegel von guter Qualit\u00e4t<\/p>\n<p>Gr\u00f6\u00dfe: 112 x 51 x 24 cm<\/p>\n<p>Gewicht: 3,72 kg<\/p>\n<p>PDF-Anleitung<\/p>\n<p>\ud83d\udcccNatur des Protagonisten<\/p>\n<p>Die Einf\u00fchrung unserer stolzen Kollektion mit dem Namen \u201eMass Effect 2 Normandy SR-2\u201c sollten Sie sich nicht entgehen lassen.<\/p>\n<p>Die Normandy SR-2 ist eine verbesserte Version der urspr\u00fcnglichen Normandy SR-1, die bei den Ereignissen des ersten \u201eMass Effect\u201c-Spiels zerst\u00f6rt wurde. Der SR-2 ist gr\u00f6\u00dfer und schwerer bewaffnet als sein Vorg\u00e4nger und mit fortschrittlicher Stealth-Technologie ausgestattet, die es ihm erm\u00f6glicht, der Entdeckung durch feindliche Schiffe zu entgehen. Im Spiel dient die Normandy SR-2 als Operationszentrum f\u00fcr Commander Shepard und sein\/ihr Team. Es enth\u00e4lt verschiedene Einrichtungen und Ressourcen, darunter eine Br\u00fccke, einen Waffenschrank, eine Technikbucht, eine Krankenstation und eine Shuttlebucht. Das Schiff ist au\u00dferdem mit einem KI-System namens EDI ausgestattet, das der Besatzung logistische Unterst\u00fctzung und Informationen bietet.<\/p><\/div>","protected":false},"excerpt":{"rendered":"<p>Marke: MOC-Fabrik<br \/>\nGeschlecht: Unisex<br \/>\nAltersspanne: &gt; 12 Jahre alt<br \/>\nModellnummer: 136302<br \/>\nEinstufung: Assemblage<br \/>\nKunststoffblockform: Selbstsichernde Steine<br \/>\nMaterial: Kunststoff<br \/>\nKunststofftyp: ABS<br \/>\nZiegelsteine: 3895 +<br \/>\nKeine Originalverpackung<\/p>","protected":false},"featured_media":43183,"comment_status":"open","ping_status":"closed","template":"","meta":{"_acf_changed":false},"product_cat":[1357,6016,364],"product_tag":[6559,6561,2276,389],"class_list":["product","first","instock","shipping-taxable","purchasable","product-type-simple"],"acf":[],"_links":{"self":[{"href":"https:\/\/mouldking.store\/de\/wp-json\/wp\/v2\/product\/43191","targetHints":{"allow":["GET"]}}],"collection":[{"href":"https:\/\/mouldking.store\/de\/wp-json\/wp\/v2\/product"}],"about":[{"href":"https:\/\/mouldking.store\/de\/wp-json\/wp\/v2\/types\/product"}],"replies":[{"embeddable":true,"href":"https:\/\/mouldking.store\/de\/wp-json\/wp\/v2\/comments?post=43191"}],"wp:featuredmedia":[{"embeddable":true,"href":"https:\/\/mouldking.store\/de\/wp-json\/wp\/v2\/media\/43183"}],"wp:attachment":[{"href":"https:\/\/mouldking.store\/de\/wp-json\/wp\/v2\/media?parent=43191"}],"wp:term":[{"taxonomy":"product_cat","embeddable":true,"href":"https:\/\/mouldking.store\/de\/wp-json\/wp\/v2\/product_cat?post=43191"},{"taxonomy":"product_tag","embeddable":true,"href":"https:\/\/mouldking.store\/de\/wp-json\/wp\/v2\/product_tag?post=43191"}],"curies":[{"name":"wp","href":"https:\/\/api.w.org\/{rel}","templated":true}]}}