{"id":43205,"date":"2023-03-17T11:38:45","date_gmt":"2023-03-17T04:38:45","guid":{"rendered":"https:\/\/mouldking.store\/shop\/sembo-ab0004-yu-gi-oh-blue-eyes-white-dragon-with-2000-pieces\/"},"modified":"2023-03-17T11:38:45","modified_gmt":"2023-03-17T04:38:45","slug":"sembo-ab0004-yu-gi-oh-blue-eyes-white-dragon-with-2000-pieces","status":"publish","type":"product","link":"https:\/\/mouldking.store\/de\/shop\/sembo-ab0004-yu-gi-oh-blue-eyes-white-dragon-with-2000-pieces\/","title":{"rendered":"SEMBO AB0004 Yu-Gi-Oh: Blau\u00e4ugiger wei\u00dfer Drache mit 2000 Teilen"},"content":{"rendered":"<div>\u2705 SEMBO AB0004 Yu-Gi-Oh: Blau\u00e4ugiger wei\u00dfer Drache<br \/>&nbsp;<br \/>\u2705 \u201eBlau\u00e4ugiger wei\u00dfer Drache\u201c ist eine Karte aus dem Sammelkartenspiel und der Anime-Serie \u201eYu-Gi-Oh!\u201c. Es ist eine der bekanntesten und bekanntesten Karten im Spiel und wird oft mit dem Protagonisten der Serie, Yugi Moto, in Verbindung gebracht.<br \/>&nbsp;<br \/>\ud83d\udeab WICHTIG!&nbsp;<br \/>&nbsp;<br \/>Produktname: Yu-Gi-Oh: Blau\u00e4ugiger wei\u00dfer Drache<br \/>&nbsp;<br \/>Kategorie: Sch\u00f6pfer&nbsp;<br \/>&nbsp;<br \/>Dieses Kit enth\u00e4lt: SEMBO AB0004<br \/>&nbsp;<br \/>2000 St\u00fcck Steine von guter Qualit\u00e4t&nbsp;<br \/>&nbsp;<br \/>Gr\u00f6\u00dfe: 51,2 \u00d7 38,4 \u00d7 28,8 cm<br \/>&nbsp;<br \/>Manuelle Anweisungen&nbsp;<br \/>&nbsp;<br \/>\ud83d\udcccNatur des Protagonisten&nbsp;<br \/>&nbsp;<br \/>Die Einf\u00fchrung unserer stolzen Kollektion mit dem Namen \u201eYu-Gi-Oh: Blue-Eyes White Dragon\u201c sollten Sie nicht verpassen.&nbsp;<br \/>&nbsp;<br \/>Der blau\u00e4ugige wei\u00dfe Drache ist ein m\u00e4chtiges Drachenmonster mit 3000 Angriffspunkten und 2500 Verteidigungspunkten, was ihn zu einem der st\u00e4rksten Monster im Spiel macht. Es zeichnet sich auch durch sein auff\u00e4lliges Aussehen mit blauen Schuppen, wei\u00dfen Fl\u00fcgeln und durchdringenden blauen Augen aus. Im Yu-Gi-Oh! Anime-Serie ist der Blue-Eyes White Dragon eine der Signaturkarten von Seto Kaiba, einem Rivalen und gelegentlichen Verb\u00fcndeten von Yugi Moto. Kaiba ist besessen vom Blau\u00e4ugigen Wei\u00dfen Drachen und sein Deck enth\u00e4lt oft mehrere Exemplare der Karte.<\/div>","protected":false},"excerpt":{"rendered":"<p>Marke: SEMBO<br \/>\nGeschlecht: Unisex<br \/>\nAltersspanne: &gt; 6 Jahre alt<br \/>\nModellnummer: AB0004<br \/>\nEinstufung: Assemblage<br \/>\nKunststoffblockform: Selbstsichernde Steine<br \/>\nMaterial: Kunststoff<br \/>\nKunststofftyp: ABS<br \/>\nZiegelsteine: 2000 +<br \/>\nKeine Originalverpackung<\/p>","protected":false},"featured_media":43200,"comment_status":"open","ping_status":"closed","template":"","meta":{"_acf_changed":false},"product_cat":[1365,371],"product_tag":[11587,11072,8452,1771,1461,11586],"class_list":["product","first","instock","shipping-taxable","purchasable","product-type-simple"],"acf":[],"_links":{"self":[{"href":"https:\/\/mouldking.store\/de\/wp-json\/wp\/v2\/product\/43205","targetHints":{"allow":["GET"]}}],"collection":[{"href":"https:\/\/mouldking.store\/de\/wp-json\/wp\/v2\/product"}],"about":[{"href":"https:\/\/mouldking.store\/de\/wp-json\/wp\/v2\/types\/product"}],"replies":[{"embeddable":true,"href":"https:\/\/mouldking.store\/de\/wp-json\/wp\/v2\/comments?post=43205"}],"wp:featuredmedia":[{"embeddable":true,"href":"https:\/\/mouldking.store\/de\/wp-json\/wp\/v2\/media\/43200"}],"wp:attachment":[{"href":"https:\/\/mouldking.store\/de\/wp-json\/wp\/v2\/media?parent=43205"}],"wp:term":[{"taxonomy":"product_cat","embeddable":true,"href":"https:\/\/mouldking.store\/de\/wp-json\/wp\/v2\/product_cat?post=43205"},{"taxonomy":"product_tag","embeddable":true,"href":"https:\/\/mouldking.store\/de\/wp-json\/wp\/v2\/product_tag?post=43205"}],"curies":[{"name":"wp","href":"https:\/\/api.w.org\/{rel}","templated":true}]}}