{"id":43223,"date":"2023-03-17T17:38:36","date_gmt":"2023-03-17T10:38:36","guid":{"rendered":"https:\/\/mouldking.store\/shop\/panlosbrick-673101-ford-forse-off-road-vehicle-with-2920-pieces\/"},"modified":"2023-03-17T17:38:36","modified_gmt":"2023-03-17T10:38:36","slug":"panlosbrick-673101-ford-forse-off-road-vehicle-with-2920-pieces","status":"publish","type":"product","link":"https:\/\/mouldking.store\/de\/shop\/panlosbrick-673101-ford-forse-off-road-vehicle-with-2920-pieces\/","title":{"rendered":"PANLOSBRICK 673101 Ford Forse Gel\u00e4ndewagen mit 2920 Teilen"},"content":{"rendered":"<div>\u2705 PanlosBrick 673101 Ford Forse Gel\u00e4ndewagen<br \/>&nbsp;<br \/>\u2705Der Bronco ist ein zweit\u00fcriger SUV, der urspr\u00fcnglich 1966 eingef\u00fchrt und bis 1996 in Produktion war. Im Jahr 2020 k\u00fcndigte Ford die Wiedereinf\u00fchrung des Bronco als Fahrzeug des Modelljahres 2021 an.<br \/>&nbsp;<br \/>\ud83d\udeab WICHTIG!&nbsp;<br \/>&nbsp;<br \/>Produktname: Ford Forse Gel\u00e4ndewagen<br \/>&nbsp;<br \/>Kategorie: Technik<br \/>&nbsp;<br \/>Dieses Kit enth\u00e4lt: PanlosBrick 673101<br \/>&nbsp;<br \/>2920 St\u00fcck Ziegel von guter Qualit\u00e4t&nbsp;<br \/>&nbsp;<br \/>Gr\u00f6\u00dfe: 57 \u00d7 26 \u00d7 23 cm<\/p>\n<p>Gewicht 6 kg<br \/>&nbsp;<br \/>Manuelle Anweisungen&nbsp;<br \/>&nbsp;<br \/>\ud83d\udcccNatur des Protagonisten&nbsp;<br \/>&nbsp;<br \/>Die Einf\u00fchrung unserer stolzen Kollektion mit dem Namen \u201eFord Forse Offroad Vehicle\u201c sollten Sie nicht verpassen.&nbsp;<br \/>&nbsp;<br \/>Der neue Bronco ist sowohl als Zweit\u00fcrer als auch als Viert\u00fcrer erh\u00e4ltlich und mit Funktionen wie einem Terrain-Management-System, elektronischen Sperrdifferenzialen und abnehmbaren T\u00fcren und Dachverkleidungen f\u00fcr den Offroad-Einsatz konzipiert. Der Bronco ist auch mit einer Reihe von Motoroptionen erh\u00e4ltlich, darunter ein 2,3-Liter-Vierzylinder mit Turbolader und ein 2,7-Liter-V6, und wird wahlweise mit Schalt- oder Automatikgetriebe angeboten.<\/div>","protected":false},"excerpt":{"rendered":"<p>Marke: PANLOSBRICK<br \/>\nGeschlecht: Unisex<br \/>\nAltersspanne: &gt; 6 Jahre alt<br \/>\nModellnummer: 673101<br \/>\nEinstufung: Assemblage<br \/>\nKunststoffblockform: Selbstsichernde Steine<br \/>\nMaterial: Kunststoff<br \/>\nKunststofftyp: ABS<br \/>\nZiegelsteine: 2920 +<br \/>\nVORVERKAUF<br \/>\nAUSVERKAUFT<\/p>","protected":false},"featured_media":43220,"comment_status":"open","ping_status":"closed","template":"","meta":{"_acf_changed":false},"product_cat":[1360,1357,364],"product_tag":[11516,457,1747,9573,4734,11590,389,11080,2803],"class_list":["product","first","instock","shipping-taxable","purchasable","product-type-simple"],"acf":[],"_links":{"self":[{"href":"https:\/\/mouldking.store\/de\/wp-json\/wp\/v2\/product\/43223","targetHints":{"allow":["GET"]}}],"collection":[{"href":"https:\/\/mouldking.store\/de\/wp-json\/wp\/v2\/product"}],"about":[{"href":"https:\/\/mouldking.store\/de\/wp-json\/wp\/v2\/types\/product"}],"replies":[{"embeddable":true,"href":"https:\/\/mouldking.store\/de\/wp-json\/wp\/v2\/comments?post=43223"}],"wp:featuredmedia":[{"embeddable":true,"href":"https:\/\/mouldking.store\/de\/wp-json\/wp\/v2\/media\/43220"}],"wp:attachment":[{"href":"https:\/\/mouldking.store\/de\/wp-json\/wp\/v2\/media?parent=43223"}],"wp:term":[{"taxonomy":"product_cat","embeddable":true,"href":"https:\/\/mouldking.store\/de\/wp-json\/wp\/v2\/product_cat?post=43223"},{"taxonomy":"product_tag","embeddable":true,"href":"https:\/\/mouldking.store\/de\/wp-json\/wp\/v2\/product_tag?post=43223"}],"curies":[{"name":"wp","href":"https:\/\/api.w.org\/{rel}","templated":true}]}}