{"id":43231,"date":"2023-03-17T17:53:09","date_gmt":"2023-03-17T10:53:09","guid":{"rendered":"https:\/\/mouldking.store\/shop\/sluban-m38-b1180-mech-master-cyber-wukong-with-755-pieces\/"},"modified":"2023-03-17T17:53:09","modified_gmt":"2023-03-17T10:53:09","slug":"sluban-m38-b1180-mech-master-cyber-wukong-with-755-pieces","status":"publish","type":"product","link":"https:\/\/mouldking.store\/de\/shop\/sluban-m38-b1180-mech-master-cyber-wukong-with-755-pieces\/","title":{"rendered":"Sluban M38-B1180 Mech Master: Cyber \u200b\u200b\u200b\u200bWukong mit 755 St\u00fcck"},"content":{"rendered":"<div>\u2705 Sluban M38-B1180 Mech-Meister: Cyber \u200b\u200b\u200b\u200bWukong<br \/>&nbsp;<br \/>\u2705Machen Sie sich bereit, Ihre innere Kreativit\u00e4t mit Mech Master: Cyber \u200b\u200b\u200b\u200bWukong, der neuesten Erg\u00e4nzung unserer beliebten Bausteinserie, zu entfesseln.<br \/>&nbsp;<br \/>\ud83d\udeab WICHTIG!&nbsp;<br \/>&nbsp;<br \/>Produktname: Mech-Meister: Cyber \u200b\u200b\u200b\u200bWukong<br \/>&nbsp;<br \/>Kategorie: Sch\u00f6pfer&nbsp;<br \/>&nbsp;<br \/>Dieses Kit enth\u00e4lt: Sluban M38-B1180<br \/>&nbsp;<br \/>755 St\u00fcck Steine von guter Qualit\u00e4t&nbsp;<br \/>&nbsp;<br \/>Gr\u00f6\u00dfe: 11,8 \u00d7 23 \u00d7 23,7 cm<br \/>&nbsp;<br \/>Manuelle Anweisungen&nbsp;<br \/>&nbsp;<br \/>\ud83d\udcccNatur des Protagonisten&nbsp;<br \/>&nbsp;<br \/>Die Einf\u00fchrung unserer stolzen Kollektion mit dem Namen \u201eMech Master: Cyber \u200b\u200b\u200b\u200bWukong\u201c sollten Sie nicht verpassen.&nbsp;<br \/>&nbsp;<br \/>Dieser unglaubliche Roboter verf\u00fcgt \u00fcber beeindruckende 755 Partikel und wird mit Sicherheit selbst die erfahrensten Baumeister da drau\u00dfen herausfordern. Mit seinem schlanken Design und den hochmodernen Funktionen ist Robot: Cyber \u200b\u200b\u200b\u200bWukong ein Muss f\u00fcr jeden Liebhaber der Kreation, der nach seinem n\u00e4chsten gro\u00dfen Projekt sucht. Verpassen Sie diese aufregende Neuerscheinung im Jahr 2023 nicht!<\/div>","protected":false},"excerpt":{"rendered":"<p>Marke: Sluban<br \/>\nGeschlecht: Unisex<br \/>\nAltersspanne: &gt; 6 Jahre alt<br \/>\nModellnummer: M38-B1180<br \/>\nEinstufung: Assemblage<br \/>\nKunststoffblockform: Selbstsichernde Steine<br \/>\nMaterial: Kunststoff<br \/>\nKunststofftyp: ABS<br \/>\nZiegelsteine: 755 +<br \/>\nVORVERKAUF<br \/>\nAUSVERKAUFT<\/p>","protected":false},"featured_media":43228,"comment_status":"open","ping_status":"closed","template":"","meta":{"_acf_changed":false},"product_cat":[1365,371],"product_tag":[11072,8452,11592,7133,11233,590,11593],"class_list":["product","first","instock","shipping-taxable","purchasable","product-type-simple"],"acf":[],"_links":{"self":[{"href":"https:\/\/mouldking.store\/de\/wp-json\/wp\/v2\/product\/43231","targetHints":{"allow":["GET"]}}],"collection":[{"href":"https:\/\/mouldking.store\/de\/wp-json\/wp\/v2\/product"}],"about":[{"href":"https:\/\/mouldking.store\/de\/wp-json\/wp\/v2\/types\/product"}],"replies":[{"embeddable":true,"href":"https:\/\/mouldking.store\/de\/wp-json\/wp\/v2\/comments?post=43231"}],"wp:featuredmedia":[{"embeddable":true,"href":"https:\/\/mouldking.store\/de\/wp-json\/wp\/v2\/media\/43228"}],"wp:attachment":[{"href":"https:\/\/mouldking.store\/de\/wp-json\/wp\/v2\/media?parent=43231"}],"wp:term":[{"taxonomy":"product_cat","embeddable":true,"href":"https:\/\/mouldking.store\/de\/wp-json\/wp\/v2\/product_cat?post=43231"},{"taxonomy":"product_tag","embeddable":true,"href":"https:\/\/mouldking.store\/de\/wp-json\/wp\/v2\/product_tag?post=43231"}],"curies":[{"name":"wp","href":"https:\/\/api.w.org\/{rel}","templated":true}]}}