{"id":43237,"date":"2023-03-17T18:05:10","date_gmt":"2023-03-17T11:05:10","guid":{"rendered":"https:\/\/mouldking.store\/shop\/zhegao-dz6018-film-center-with-2127-pieces\/"},"modified":"2023-03-23T15:55:35","modified_gmt":"2023-03-23T08:55:35","slug":"zhegao-dz6018-film-center-with-2127-pieces","status":"publish","type":"product","link":"https:\/\/mouldking.store\/de\/shop\/zhegao-dz6018-film-center-with-2127-pieces\/","title":{"rendered":"ZHEGAO DZ6018 Filmzentrum mit 2127 St\u00fcck"},"content":{"rendered":"<div>\u2705 ZHEGAO DZ6018 Filmzentrum<\/p>\n<p>\u2705Film Center ist ein Kino oder Kino, das sich darauf spezialisiert hat, klassische oder alte Filme zu zeigen, typischerweise aus dem 20. Jahrhundert oder fr\u00fcher. Diese Filme k\u00f6nnen im Originalformat oder in restaurierten Versionen gezeigt werden, und das Retro-Filmzentrum bietet Filmliebhabern, die die Kunst, Geschichte und Kultur des Kinos zu sch\u00e4tzen wissen, ein einzigartiges Seherlebnis.<\/p>\n<p>\ud83d\udeab WICHTIG!<\/p>\n<p>Produktname: Filmzentrum<\/p>\n<p>Kategorie: Sch\u00f6pfer<\/p>\n<p>Dieses Kit enth\u00e4lt: ZHEGAO DZ6018<\/p>\n<p>2127 St\u00fcck Steine von guter Qualit\u00e4t<\/p>\n<p>Gr\u00f6\u00dfe: 27,6 \u00d7 19,2 \u00d7 14,4 cm<\/p>\n<p>Manuelle Anweisungen<\/p>\n<p>\ud83d\udcccNatur des Protagonisten<\/p>\n<p>Die Einf\u00fchrung unserer stolzen Kollektion namens \u201eFilm Center\u201c sollten Sie sich nicht entgehen lassen.<\/p>\n<p>Neben der Vorf\u00fchrung von Filmen kann ein Retro-Filmzentrum auch besondere Veranstaltungen wie Filmfestivals, Frage-und-Antwort-Runden mit Regisseuren oder Schauspielern und andere filmbezogene Aktivit\u00e4ten veranstalten. Diese Zentren k\u00f6nnen eine gro\u00dfartige M\u00f6glichkeit sein, klassische Filme zu entdecken oder wiederzuentdecken, mit anderen Filmliebhabern in Kontakt zu treten und die Magie der gro\u00dfen Leinwand zu erleben.<\/p><\/div>","protected":false},"excerpt":{"rendered":"<p>Marke: ZHEGAO<br \/>\nGeschlecht: Unisex<br \/>\nAltersspanne: &gt; 6 Jahre alt<br \/>\nModellnummer: DZ6018<br \/>\nEinstufung: Assemblage<br \/>\nKunststoffblockform: Selbstsichernde Steine<br \/>\nMaterial: Kunststoff<br \/>\nKunststofftyp: ABS<br \/>\nZiegelsteine: 2127 +<br \/>\nKeine Originalverpackung<\/p>","protected":false},"featured_media":43235,"comment_status":"open","ping_status":"closed","template":"","meta":{"_acf_changed":false},"product_cat":[1365,371],"product_tag":[4552,11072,8452,11595,11594],"class_list":["product","first","instock","shipping-taxable","purchasable","product-type-simple"],"acf":[],"_links":{"self":[{"href":"https:\/\/mouldking.store\/de\/wp-json\/wp\/v2\/product\/43237","targetHints":{"allow":["GET"]}}],"collection":[{"href":"https:\/\/mouldking.store\/de\/wp-json\/wp\/v2\/product"}],"about":[{"href":"https:\/\/mouldking.store\/de\/wp-json\/wp\/v2\/types\/product"}],"replies":[{"embeddable":true,"href":"https:\/\/mouldking.store\/de\/wp-json\/wp\/v2\/comments?post=43237"}],"wp:featuredmedia":[{"embeddable":true,"href":"https:\/\/mouldking.store\/de\/wp-json\/wp\/v2\/media\/43235"}],"wp:attachment":[{"href":"https:\/\/mouldking.store\/de\/wp-json\/wp\/v2\/media?parent=43237"}],"wp:term":[{"taxonomy":"product_cat","embeddable":true,"href":"https:\/\/mouldking.store\/de\/wp-json\/wp\/v2\/product_cat?post=43237"},{"taxonomy":"product_tag","embeddable":true,"href":"https:\/\/mouldking.store\/de\/wp-json\/wp\/v2\/product_tag?post=43237"}],"curies":[{"name":"wp","href":"https:\/\/api.w.org\/{rel}","templated":true}]}}