{"id":43261,"date":"2023-03-20T10:16:21","date_gmt":"2023-03-20T03:16:21","guid":{"rendered":"https:\/\/mouldking.store\/shop\/jiestar-58005-heat-bayonet-with-533-pieces\/"},"modified":"2023-03-20T10:16:21","modified_gmt":"2023-03-20T03:16:21","slug":"jiestar-58005-heat-bayonet-with-533-pieces","status":"publish","type":"product","link":"https:\/\/mouldking.store\/de\/shop\/jiestar-58005-heat-bayonet-with-533-pieces\/","title":{"rendered":"JIESTAR 58005 W\u00e4rmebajonett mit 533 St\u00fcck"},"content":{"rendered":"<div>\u2705 JIESTAR 58005 W\u00e4rmebajonett<br \/>&nbsp;<br \/>\u2705Bajonettheizungen sind eine Art elektrisches Heizger\u00e4t, das normalerweise verwendet wird, um lokalisierte W\u00e4rme in kleinen R\u00e4umen bereitzustellen. Sie werden \u201eBajonett\u201c-Heizungen genannt, weil sie so konzipiert sind, dass sie an einer Halterung oder Armatur montiert werden k\u00f6nnen, die der Form eines Bajonetts \u00e4hnelt.<br \/>&nbsp;<br \/>\ud83d\udeab WICHTIG!&nbsp;<br \/>&nbsp;<br \/>Produktname: W\u00e4rmebajonett<br \/>&nbsp;<br \/>Kategorie: Technik<br \/>&nbsp;<br \/>Dieses Kit enth\u00e4lt: JIESTAR 58005<br \/>&nbsp;<br \/>533 St\u00fcck Steine von guter Qualit\u00e4t&nbsp;<br \/>&nbsp;<br \/>Gr\u00f6\u00dfe: 47,5 \u00d7 28,5 \u00d7 7 cm<br \/>&nbsp;<br \/>Manuelle Anweisungen&nbsp;<br \/>&nbsp;<br \/>\ud83d\udcccNatur des Protagonisten&nbsp;<br \/>&nbsp;<br \/>Die Einf\u00fchrung unserer stolzen Kollektion namens \u201eHeat Bajonett\u201c sollten Sie nicht verpassen.&nbsp;<br \/>&nbsp;<br \/>Bajonettheizungen werden h\u00e4ufig in industriellen oder gewerblichen Umgebungen verwendet, um kleine Bereiche wie Arbeitsr\u00e4ume, Lagerbereiche oder Ger\u00e4ter\u00e4ume zu beheizen. Sie k\u00f6nnen auch in Haushalten als Zusatzheizungen in Bereichen eingesetzt werden, in denen die Zentralheizung m\u00f6glicherweise nicht ausreicht, z. B. in Garagen oder Werkst\u00e4tten.<\/div>","protected":false},"excerpt":{"rendered":"<p>Marke: JIESTAR<br \/>\nGeschlecht: Unisex<br \/>\nAltersspanne: &gt; 6 Jahre alt<br \/>\nModellnummer: 58005<br \/>\nEinstufung: Assemblage<br \/>\nKunststoffblockform: Selbstsichernde Steine<br \/>\nMaterial: Kunststoff<br \/>\nKunststofftyp: ABS<br \/>\nZiegelsteine: 533 +<br \/>\nKeine Originalverpackung<\/p>","protected":false},"featured_media":43255,"comment_status":"open","ping_status":"closed","template":"","meta":{"_acf_changed":false},"product_cat":[1357,364],"product_tag":[8558,9981,11597,389,11080],"class_list":["product","first","instock","shipping-taxable","purchasable","product-type-simple"],"acf":[],"_links":{"self":[{"href":"https:\/\/mouldking.store\/de\/wp-json\/wp\/v2\/product\/43261","targetHints":{"allow":["GET"]}}],"collection":[{"href":"https:\/\/mouldking.store\/de\/wp-json\/wp\/v2\/product"}],"about":[{"href":"https:\/\/mouldking.store\/de\/wp-json\/wp\/v2\/types\/product"}],"replies":[{"embeddable":true,"href":"https:\/\/mouldking.store\/de\/wp-json\/wp\/v2\/comments?post=43261"}],"wp:featuredmedia":[{"embeddable":true,"href":"https:\/\/mouldking.store\/de\/wp-json\/wp\/v2\/media\/43255"}],"wp:attachment":[{"href":"https:\/\/mouldking.store\/de\/wp-json\/wp\/v2\/media?parent=43261"}],"wp:term":[{"taxonomy":"product_cat","embeddable":true,"href":"https:\/\/mouldking.store\/de\/wp-json\/wp\/v2\/product_cat?post=43261"},{"taxonomy":"product_tag","embeddable":true,"href":"https:\/\/mouldking.store\/de\/wp-json\/wp\/v2\/product_tag?post=43261"}],"curies":[{"name":"wp","href":"https:\/\/api.w.org\/{rel}","templated":true}]}}