{"id":43330,"date":"2023-03-22T10:21:57","date_gmt":"2023-03-22T03:21:57","guid":{"rendered":"https:\/\/mouldking.store\/shop\/rastar-93500-maserati-mc20-nettuno-sports-car-with-3400-pieces\/"},"modified":"2023-03-22T10:21:57","modified_gmt":"2023-03-22T03:21:57","slug":"rastar-93500-maserati-mc20-nettuno-sports-car-with-3400-pieces","status":"publish","type":"product","link":"https:\/\/mouldking.store\/de\/shop\/rastar-93500-maserati-mc20-nettuno-sports-car-with-3400-pieces\/","title":{"rendered":"Rastar 93500 Maserati MC20 Nettuno Sportwagen mit 3400 Teilen"},"content":{"rendered":"<div>\u2705 RASTAR 93500 Sportwagen Maserati MC20 Nettuno&nbsp;<br \/>&nbsp;<br \/>\u2705Der Maserati MC20 Nettuno ist ein Hochleistungssportwagen des italienischen Autoherstellers Maserati. Er wurde im September 2020 als erster Supersportwagen der Marke seit mehr als einem Jahrzehnt vorgestellt. Der MC20 wird von einem neuen 3,0-Liter-Twin-Turbo-V6-Motor namens Nettuno angetrieben, der vollst\u00e4ndig von Maserati im eigenen Haus entwickelt wurde. Der Motor leistet 621 PS und 538 Pfund-Fu\u00df Drehmoment und ist mit einem Achtgang-Doppelkupplungs-Automatikgetriebe gekoppelt.<br \/>&nbsp;<br \/>\ud83d\udeab WICHTIG!&nbsp;<br \/>&nbsp;<br \/>Produktname: Maserati MC20 Nettuno Sportwagen&nbsp;<br \/>&nbsp;<br \/>Kategorie: Technik<br \/>&nbsp;<br \/>Dieses Kit enth\u00e4lt: RASTAR 93500<br \/>&nbsp;<br \/>3400 St\u00fcck Ziegel von guter Qualit\u00e4t&nbsp;<br \/>&nbsp;<br \/>Gr\u00f6\u00dfe: 58,5 \u00d7 28,1 \u00d7 15,4 cm<br \/>&nbsp;<br \/>Manuelle Anweisungen&nbsp;<br \/>&nbsp;<br \/>\ud83d\udcccNatur des Protagonisten&nbsp;<br \/>&nbsp;<br \/>Die Einf\u00fchrung unserer stolzen Kollektion mit dem Namen \u201eMaserati MC20 Nettuno Sports Car\u201c sollten Sie sich nicht entgehen lassen.&nbsp;<br \/>&nbsp;<br \/>Der MC20 hat ein schlankes und aerodynamisches Design mit einem niedrigen, breiten Stand und einer scharfen Frontpartie. Es verf\u00fcgt auch \u00fcber fortschrittliche Technologien wie aktive Aerodynamik, ein volldigitales Kombiinstrument und ein ausgekl\u00fcgeltes Federungssystem. Das Auto kann in weniger als drei Sekunden von 0 auf 60 Meilen pro Stunde beschleunigen und hat eine H\u00f6chstgeschwindigkeit von \u00fcber 200 Meilen pro Stunde.<\/div>","protected":false},"excerpt":{"rendered":"<p>Marke: Rastar<br \/>\nGeschlecht: Unisex<br \/>\nAltersspanne: &gt; 14 Jahre alt<br \/>\nModellnummer: 93500<br \/>\nEinstufung: Assemblage<br \/>\nKunststoffblockform: Selbstsichernde Steine<br \/>\nMaterial: Kunststoff<br \/>\nKunststofftyp: ABS<br \/>\nZiegelsteine: 3400 +<br \/>\nNur einstellen<br \/>\nDynamische Version<br \/>\nOhne Originalkarton<\/p>","protected":false},"featured_media":43325,"comment_status":"open","ping_status":"closed","template":"","meta":{"_acf_changed":false},"product_cat":[1360,1357,364],"product_tag":[457,11612,11613,11614,11150,389,11080],"class_list":["product","first","instock","shipping-taxable","purchasable","product-type-simple"],"acf":[],"_links":{"self":[{"href":"https:\/\/mouldking.store\/de\/wp-json\/wp\/v2\/product\/43330","targetHints":{"allow":["GET"]}}],"collection":[{"href":"https:\/\/mouldking.store\/de\/wp-json\/wp\/v2\/product"}],"about":[{"href":"https:\/\/mouldking.store\/de\/wp-json\/wp\/v2\/types\/product"}],"replies":[{"embeddable":true,"href":"https:\/\/mouldking.store\/de\/wp-json\/wp\/v2\/comments?post=43330"}],"wp:featuredmedia":[{"embeddable":true,"href":"https:\/\/mouldking.store\/de\/wp-json\/wp\/v2\/media\/43325"}],"wp:attachment":[{"href":"https:\/\/mouldking.store\/de\/wp-json\/wp\/v2\/media?parent=43330"}],"wp:term":[{"taxonomy":"product_cat","embeddable":true,"href":"https:\/\/mouldking.store\/de\/wp-json\/wp\/v2\/product_cat?post=43330"},{"taxonomy":"product_tag","embeddable":true,"href":"https:\/\/mouldking.store\/de\/wp-json\/wp\/v2\/product_tag?post=43330"}],"curies":[{"name":"wp","href":"https:\/\/api.w.org\/{rel}","templated":true}]}}