{"id":43336,"date":"2023-03-22T10:36:14","date_gmt":"2023-03-22T03:36:14","guid":{"rendered":"https:\/\/mouldking.store\/shop\/panlosbrick-673001-mechanical-sports-car-with-1314-pieces\/"},"modified":"2023-03-22T10:36:14","modified_gmt":"2023-03-22T03:36:14","slug":"panlosbrick-673001-mechanical-sports-car-with-1314-pieces","status":"publish","type":"product","link":"https:\/\/mouldking.store\/de\/shop\/panlosbrick-673001-mechanical-sports-car-with-1314-pieces\/","title":{"rendered":"PANLOSBRICK 673001 Mechanischer Sportwagen mit 1314 Teilen"},"content":{"rendered":"<div>\u2705 Panlos 673001 Mechanischer Sportwagen<br \/>&nbsp;<br \/>\u2705Ein mechanischer Sportwagen ist ein Hochleistungsfahrzeug, das mit Fokus auf Maschinenbau, Leistung und Fahrerlebnis entwickelt und gebaut wird. Diese Autos werden in der Regel mit einem starken Schwerpunkt auf Leichtbau, Aerodynamik und Hochleistungsmotoren gebaut, die au\u00dfergew\u00f6hnliche Geschwindigkeit, Beschleunigung und Handling bieten.<br \/>&nbsp;<br \/>\ud83d\udeab WICHTIG!&nbsp;<br \/>&nbsp;<br \/>Produktname: Mechanischer Sportwagen<br \/>&nbsp;<br \/>Kategorie: Technik<br \/>&nbsp;<br \/>Dieses Kit enth\u00e4lt: Panlos 673001<br \/>&nbsp;<br \/>1314 St\u00fcck Ziegel von guter Qualit\u00e4t&nbsp;<br \/>&nbsp;<br \/>Gr\u00f6\u00dfe: 36 \u00d7 16 \u00d7 10 cm<br \/>&nbsp;<br \/>Manuelle Anweisungen&nbsp;<br \/>&nbsp;<br \/>\ud83d\udcccNatur des Protagonisten&nbsp;<br \/>&nbsp;<br \/>Die Einf\u00fchrung unserer stolzen Kollektion mit dem Namen \u201eMechanical Sports Car\u201c sollten Sie sich nicht entgehen lassen.&nbsp;<br \/>&nbsp;<br \/>Mechanische Sportwagen sind f\u00fcr ihr pr\u00e4zises Handling und Ansprechverhalten bekannt und verf\u00fcgen h\u00e4ufig \u00fcber fortschrittliche Federungssysteme, gro\u00dfe Bremsen und Spezialreifen, mit denen sie Kurven und Bremsen mit hoher Geschwindigkeit problemlos bew\u00e4ltigen k\u00f6nnen. Viele mechanische Sportwagen verf\u00fcgen auch \u00fcber Schaltgetriebe, die dem Fahrer eine bessere Kontrolle \u00fcber die Kraft und Leistung des Autos geben.<\/div>","protected":false},"excerpt":{"rendered":"<p>Marke: PANLOSBRICK<br \/>\nGeschlecht: Unisex<br \/>\nAltersspanne: &gt; 6 Jahre alt<br \/>\nModellnummer: 673001<br \/>\nEinstufung: Assemblage<br \/>\nKunststoffblockform: Selbstsichernde Steine<br \/>\nMaterial: Kunststoff<br \/>\nKunststofftyp: ABS<br \/>\nZiegelsteine: 1314 +<br \/>\nStatische Version<br \/>\nKeine Originalverpackung<\/p>","protected":false},"featured_media":43331,"comment_status":"open","ping_status":"closed","template":"","meta":{"_acf_changed":false},"product_cat":[1360,1357,364],"product_tag":[457,11138,11150,389,11080],"class_list":["product","first","instock","shipping-taxable","purchasable","product-type-simple"],"acf":[],"_links":{"self":[{"href":"https:\/\/mouldking.store\/de\/wp-json\/wp\/v2\/product\/43336","targetHints":{"allow":["GET"]}}],"collection":[{"href":"https:\/\/mouldking.store\/de\/wp-json\/wp\/v2\/product"}],"about":[{"href":"https:\/\/mouldking.store\/de\/wp-json\/wp\/v2\/types\/product"}],"replies":[{"embeddable":true,"href":"https:\/\/mouldking.store\/de\/wp-json\/wp\/v2\/comments?post=43336"}],"wp:featuredmedia":[{"embeddable":true,"href":"https:\/\/mouldking.store\/de\/wp-json\/wp\/v2\/media\/43331"}],"wp:attachment":[{"href":"https:\/\/mouldking.store\/de\/wp-json\/wp\/v2\/media?parent=43336"}],"wp:term":[{"taxonomy":"product_cat","embeddable":true,"href":"https:\/\/mouldking.store\/de\/wp-json\/wp\/v2\/product_cat?post=43336"},{"taxonomy":"product_tag","embeddable":true,"href":"https:\/\/mouldking.store\/de\/wp-json\/wp\/v2\/product_tag?post=43336"}],"curies":[{"name":"wp","href":"https:\/\/api.w.org\/{rel}","templated":true}]}}