{"id":43355,"date":"2023-03-22T11:05:06","date_gmt":"2023-03-22T04:05:06","guid":{"rendered":"https:\/\/mouldking.store\/shop\/jaki-8212-1979s-cassette-music-walker-with-500-pieces\/"},"modified":"2023-05-15T15:36:42","modified_gmt":"2023-05-15T08:36:42","slug":"jaki-8212-1979s-cassette-music-walker-with-500-pieces","status":"publish","type":"product","link":"https:\/\/mouldking.store\/de\/shop\/jaki-8212-1979s-cassette-music-walker-with-500-pieces\/","title":{"rendered":"JAKI 8212 1979S Kassettenmusik Walker mit 500 St\u00fcck"},"content":{"rendered":"<div>\u2705 JAKI 8212 1979S Kassetten-Musik-Walker<br \/>&nbsp;<br \/>\u2705 Ein Kassettenmusik-Walker ist ein tragbarer Musikplayer, der in den 1980er und fr\u00fchen 1990er Jahren beliebt war. Es ist so konzipiert, dass es beim Gehen oder Joggen um die Taille getragen oder in der Hand getragen werden kann, daher der Name \u201eWalker\u201c.<br \/>&nbsp;<br \/>\ud83d\udeab WICHTIG!&nbsp;<br \/>&nbsp;<br \/>Produktname: 1979er Cassette Music Walker<br \/>&nbsp;<br \/>Kategorie: Sch\u00f6pfer&nbsp;<br \/>&nbsp;<br \/>Dieses Kit enth\u00e4lt: JAKI 8212<br \/>&nbsp;<br \/>500 St\u00fcck Steine von guter Qualit\u00e4t&nbsp;<br \/>&nbsp;<br \/>Gr\u00f6\u00dfe: 10,4 \u00d7 4,4 \u00d7 8 cm<br \/>&nbsp;<br \/>Manuelle Anweisungen&nbsp;<br \/>&nbsp;<br \/>\ud83d\udcccNatur des Protagonisten&nbsp;<br \/>&nbsp;<br \/>Die Einf\u00fchrung unserer stolzen Kollektion mit dem Namen \u201e1979S Cassette Music Walker\u201c sollten Sie nicht verpassen.&nbsp;<br \/>&nbsp;<br \/>Der Kassettenmusik-Walker verf\u00fcgt normalerweise \u00fcber einen eingebauten Kassettenrekorder, einen Radiotuner und ein Paar Kopfh\u00f6rer. Es wird mit Batterien betrieben, wodurch es tragbar und einfach unterwegs zu verwenden ist. Das Ger\u00e4t hatte oft ein kleines LCD-Display, um Titelnummern und Radiofrequenzen anzuzeigen.<\/div>","protected":false},"excerpt":{"rendered":"<p>Marke: JAKI<br \/>\nGeschlecht: Unisex<br \/>\nAltersspanne: &gt; 8 Jahre alt<br \/>\nModellnummer: 8212<br \/>\nEinstufung: Assemblage<br \/>\nKunststoffblockform: Selbstsichernde Steine<br \/>\nMaterial: Kunststoff<br \/>\nKunststofftyp: ABS<br \/>\nZiegelsteine: 500 +<br \/>\nKeine Originalverpackung<br \/>\nSt\u00fccke k\u00f6nnen sich \u00e4ndern<\/p>","protected":false},"featured_media":43350,"comment_status":"open","ping_status":"closed","template":"","meta":{"_acf_changed":false},"product_cat":[1365,371],"product_tag":[11617,11072,8452,1465,11223],"class_list":["product","first","instock","shipping-taxable","purchasable","product-type-simple"],"acf":[],"_links":{"self":[{"href":"https:\/\/mouldking.store\/de\/wp-json\/wp\/v2\/product\/43355","targetHints":{"allow":["GET"]}}],"collection":[{"href":"https:\/\/mouldking.store\/de\/wp-json\/wp\/v2\/product"}],"about":[{"href":"https:\/\/mouldking.store\/de\/wp-json\/wp\/v2\/types\/product"}],"replies":[{"embeddable":true,"href":"https:\/\/mouldking.store\/de\/wp-json\/wp\/v2\/comments?post=43355"}],"wp:featuredmedia":[{"embeddable":true,"href":"https:\/\/mouldking.store\/de\/wp-json\/wp\/v2\/media\/43350"}],"wp:attachment":[{"href":"https:\/\/mouldking.store\/de\/wp-json\/wp\/v2\/media?parent=43355"}],"wp:term":[{"taxonomy":"product_cat","embeddable":true,"href":"https:\/\/mouldking.store\/de\/wp-json\/wp\/v2\/product_cat?post=43355"},{"taxonomy":"product_tag","embeddable":true,"href":"https:\/\/mouldking.store\/de\/wp-json\/wp\/v2\/product_tag?post=43355"}],"curies":[{"name":"wp","href":"https:\/\/api.w.org\/{rel}","templated":true}]}}