{"id":43366,"date":"2023-03-22T11:29:20","date_gmt":"2023-03-22T04:29:20","guid":{"rendered":"https:\/\/mouldking.store\/shop\/micro-cosmos-mc-02-riki-oh-devastator-with-2000-pieces\/"},"modified":"2023-03-22T11:29:20","modified_gmt":"2023-03-22T04:29:20","slug":"micro-cosmos-mc-02-riki-oh-devastator-with-2000-pieces","status":"publish","type":"product","link":"https:\/\/mouldking.store\/de\/shop\/micro-cosmos-mc-02-riki-oh-devastator-with-2000-pieces\/","title":{"rendered":"MICRO COSMOS MC-02 RIKI-OH Devastator with 2000 Pieces"},"content":{"rendered":"<div>\u2705MICRO COSMOS MC-02 RIKI-OH Devastator<br \/>&nbsp;<br \/>\u2705RIKI-OH Devastator is a robot toy from the Japanese toy line MICRO COSMOS MC-02. It is based on the character Riki-Oh from the Japanese manga and anime series &#8220;Riki-Oh: The Story of Ricky&#8221;.<br \/>&nbsp;<br \/>\ud83d\udeab WICHTIG!&nbsp;<br \/>&nbsp;<br \/>Product Name: RIKI-OH Devastator<br \/>&nbsp;<br \/>Kategorie: Sch\u00f6pfer&nbsp;<br \/>&nbsp;<br \/>This Kit Contains: MICRO COSMOS MC-02 (A+B+C)<br \/>&nbsp;<br \/>2000 St\u00fcck Steine von guter Qualit\u00e4t&nbsp;<br \/>&nbsp;<br \/>Size: 17 cm<br \/>&nbsp;<br \/>Manuelle Anweisungen&nbsp;<br \/>&nbsp;<br \/>\ud83d\udcccNatur des Protagonisten&nbsp;<br \/>&nbsp;<br \/>Introducing our proud collection named \u201cRIKI-OH Devastator\u201d you should not miss.&nbsp;<br \/>&nbsp;<br \/>The RIKI-OH Devastator toy is a highly articulated and poseable action figure, with various points of articulation that allow for a wide range of dynamic poses. The figure is made of high-quality plastic and comes with a variety of accessories, such as interchangeable hands, weapons, and effect parts. The robot has a distinctive red and black color scheme and a bulky, muscular design. It also features a large cannon on its right arm, which adds to its imposing appearance. The RIKI-OH Devastator toy is designed for collectors and fans of mecha and anime, and it is often sought after by those who appreciate high-quality Japanese robot toys.<\/div>","protected":false},"excerpt":{"rendered":"<p>Brand: MICRO COSMOS<br \/>\nGeschlecht: Unisex<br \/>\nAltersspanne: &gt; 6 Jahre alt<br \/>\nModel Number: MC-02<br \/>\nEinstufung: Assemblage<br \/>\nKunststoffblockform: Selbstsichernde Steine<br \/>\nMaterial: Kunststoff<br \/>\nKunststofftyp: ABS<br \/>\nZiegelsteine: 2000 +<br \/>\nSt\u00fccke k\u00f6nnen sich \u00e4ndern<br \/>\nKeine Originalverpackung<\/p>","protected":false},"featured_media":43361,"comment_status":"open","ping_status":"closed","template":"","meta":{"_acf_changed":false},"product_cat":[1365,371],"product_tag":[11072,8452,11621,11620,590],"class_list":["product","first","instock","shipping-taxable","purchasable","product-type-simple"],"acf":[],"_links":{"self":[{"href":"https:\/\/mouldking.store\/de\/wp-json\/wp\/v2\/product\/43366","targetHints":{"allow":["GET"]}}],"collection":[{"href":"https:\/\/mouldking.store\/de\/wp-json\/wp\/v2\/product"}],"about":[{"href":"https:\/\/mouldking.store\/de\/wp-json\/wp\/v2\/types\/product"}],"replies":[{"embeddable":true,"href":"https:\/\/mouldking.store\/de\/wp-json\/wp\/v2\/comments?post=43366"}],"wp:featuredmedia":[{"embeddable":true,"href":"https:\/\/mouldking.store\/de\/wp-json\/wp\/v2\/media\/43361"}],"wp:attachment":[{"href":"https:\/\/mouldking.store\/de\/wp-json\/wp\/v2\/media?parent=43366"}],"wp:term":[{"taxonomy":"product_cat","embeddable":true,"href":"https:\/\/mouldking.store\/de\/wp-json\/wp\/v2\/product_cat?post=43366"},{"taxonomy":"product_tag","embeddable":true,"href":"https:\/\/mouldking.store\/de\/wp-json\/wp\/v2\/product_tag?post=43366"}],"curies":[{"name":"wp","href":"https:\/\/api.w.org\/{rel}","templated":true}]}}