{"id":43385,"date":"2023-03-24T09:47:30","date_gmt":"2023-03-24T02:47:30","guid":{"rendered":"https:\/\/mouldking.store\/shop\/jiestar-58006-tiangong-space-station-with-838-pieces\/"},"modified":"2023-03-24T09:47:30","modified_gmt":"2023-03-24T02:47:30","slug":"jiestar-58006-tiangong-space-station-with-838-pieces","status":"publish","type":"product","link":"https:\/\/mouldking.store\/de\/shop\/jiestar-58006-tiangong-space-station-with-838-pieces\/","title":{"rendered":"JIESTAR 58006 Raumstation Tiangong mit 838 Teilen"},"content":{"rendered":"<div>\u2705 JIESTAR 58006 Raumstation Tiangong<br \/>&nbsp;<br \/>\u2705Tiangong Space Station ist eine Raumstation, die derzeit von China entwickelt und zusammengebaut wird. Der Name \u201eTiangong\u201c bedeutet auf Chinesisch \u201eHimmlischer Palast\u201c. Es ist als modulare Raumstation konzipiert, die aus drei Hauptkomponenten besteht: einem Kernmodul, zwei Experimentmodulen und einem Frachtraumschiff.<br \/>&nbsp;<br \/>\ud83d\udeab WICHTIG!&nbsp;<br \/>&nbsp;<br \/>Produktname: Raumstation Tiangong<\/p>\n<p>Kategorie: Weltraum<br \/>&nbsp;<br \/>Dieses Kit enth\u00e4lt: JIESTAR 58006<br \/>&nbsp;<br \/>838 St\u00fcck Steine von guter Qualit\u00e4t&nbsp;<br \/>&nbsp;<br \/>Gr\u00f6\u00dfe: 38,5 \u00d7 37,5 \u00d7 29 cm<br \/>&nbsp;<br \/>Manuelle Anweisungen&nbsp;<br \/>&nbsp;<br \/>\ud83d\udcccNatur des Protagonisten&nbsp;<br \/>&nbsp;<br \/>Die Einf\u00fchrung unserer stolzen Kollektion mit dem Namen \u201eTiangong Space Station\u201c sollten Sie nicht verpassen.&nbsp;<br \/>&nbsp;<br \/>Das erste Modul, Tianhe-1, wurde am 29. April 2021 gestartet und dient als zentraler Knotenpunkt f\u00fcr die Station. Es bietet Wohnraum f\u00fcr die Besatzung und enth\u00e4lt die Lebenserhaltungssysteme, Energie- und Antriebssysteme sowie Kontrollsysteme der Station. Die Station wird f\u00fcr eine Vielzahl von Zwecken genutzt, darunter wissenschaftliche Forschung, technologische Entwicklung und Weltraumexperimente. Es wird auch erwartet, dass es eine Rolle in Chinas ehrgeizigen Pl\u00e4nen f\u00fcr die Erforschung des Mondes spielt.<\/div>","protected":false},"excerpt":{"rendered":"<p>Marke: JIESTAR<br \/>\nGeschlecht: Unisex<br \/>\nAltersspanne: &gt; 6 Jahre alt<br \/>\nModellnummer: 58006<br \/>\nEinstufung: Assemblage<br \/>\nKunststoffblockform: Selbstsichernde Steine<br \/>\nMaterial: Kunststoff<br \/>\nKunststofftyp: ABS<br \/>\nZiegelsteine: 838 +<br \/>\nKeine Originalverpackung<\/p>","protected":false},"featured_media":43379,"comment_status":"open","ping_status":"closed","template":"","meta":{"_acf_changed":false},"product_cat":[1357,6016,364],"product_tag":[2276,2309,389,11624],"class_list":["product","first","instock","shipping-taxable","purchasable","product-type-simple"],"acf":[],"_links":{"self":[{"href":"https:\/\/mouldking.store\/de\/wp-json\/wp\/v2\/product\/43385","targetHints":{"allow":["GET"]}}],"collection":[{"href":"https:\/\/mouldking.store\/de\/wp-json\/wp\/v2\/product"}],"about":[{"href":"https:\/\/mouldking.store\/de\/wp-json\/wp\/v2\/types\/product"}],"replies":[{"embeddable":true,"href":"https:\/\/mouldking.store\/de\/wp-json\/wp\/v2\/comments?post=43385"}],"wp:featuredmedia":[{"embeddable":true,"href":"https:\/\/mouldking.store\/de\/wp-json\/wp\/v2\/media\/43379"}],"wp:attachment":[{"href":"https:\/\/mouldking.store\/de\/wp-json\/wp\/v2\/media?parent=43385"}],"wp:term":[{"taxonomy":"product_cat","embeddable":true,"href":"https:\/\/mouldking.store\/de\/wp-json\/wp\/v2\/product_cat?post=43385"},{"taxonomy":"product_tag","embeddable":true,"href":"https:\/\/mouldking.store\/de\/wp-json\/wp\/v2\/product_tag?post=43385"}],"curies":[{"name":"wp","href":"https:\/\/api.w.org\/{rel}","templated":true}]}}