{"id":43392,"date":"2023-03-24T10:06:58","date_gmt":"2023-03-24T03:06:58","guid":{"rendered":"https:\/\/mouldking.store\/shop\/jaki-8502-daybreak-space-shuttle-atlantis-with-2000-pieces\/"},"modified":"2023-03-24T10:06:58","modified_gmt":"2023-03-24T03:06:58","slug":"jaki-8502-daybreak-space-shuttle-atlantis-with-2000-pieces","status":"publish","type":"product","link":"https:\/\/mouldking.store\/de\/shop\/jaki-8502-daybreak-space-shuttle-atlantis-with-2000-pieces\/","title":{"rendered":"JAKI 8502 Daybreak Space Shuttle Atlantis mit 2000 Teilen"},"content":{"rendered":"<div>\u2705 JAKI 8502 Daybreak Space Shuttle Atlantis<br \/>&nbsp;<br \/>\u2705During the STS-117 mission, Atlantis delivered and installed a new truss segment and solar arrays to the International Space Station (ISS). The mission was named &#8220;STS-117 Daybreak&#8221; to signify the dawn of a new era in space exploration and the addition of new capabilities to the ISS.<br \/>&nbsp;<br \/>\ud83d\udeab WICHTIG!&nbsp;<br \/>&nbsp;<br \/>Product Name: Daybreak Space Shuttle Atlantis<br \/>&nbsp;<br \/>Kategorie: Weltraum<br \/>&nbsp;<br \/>This Kit Contains: JAKI 8502<br \/>&nbsp;<br \/>2000 St\u00fcck Steine von guter Qualit\u00e4t&nbsp;<br \/>&nbsp;<br \/>Size: 35.9 \u00d7 20.8 \u00d7 19.3 cm<br \/>&nbsp;<br \/>Manuelle Anweisungen&nbsp;<br \/>&nbsp;<br \/>\ud83d\udcccNatur des Protagonisten&nbsp;<br \/>&nbsp;<br \/>Introducing our proud collection named \u201cDaybreak Space Shuttle Atlantis\u201d you should not miss.&nbsp;<br \/>&nbsp;<br \/>The Space Shuttle Atlantis was one of NASA&#8217;s fleet of Space Shuttles and flew 33 missions over the course of its career, from its first flight in 1985 to its final flight in 2011. It was named after the primary research vessel for the Woods Hole Oceanographic Institution in Massachusetts.<\/div>","protected":false},"excerpt":{"rendered":"<p>Marke: JAKI<br \/>\nGeschlecht: Unisex<br \/>\nAltersspanne: &gt; 8 Jahre alt<br \/>\nModel Number: 8502<br \/>\nEinstufung: Assemblage<br \/>\nKunststoffblockform: Selbstsichernde Steine<br \/>\nMaterial: Kunststoff<br \/>\nKunststofftyp: ABS<br \/>\nZiegelsteine: 2000 +<br \/>\nSt\u00fccke k\u00f6nnen sich \u00e4ndern<br \/>\nKeine Originalverpackung<\/p>","protected":false},"featured_media":43386,"comment_status":"open","ping_status":"closed","template":"","meta":{"_acf_changed":false},"product_cat":[1357,6016,364],"product_tag":[11512,11625,9009,9235,2276,389],"class_list":["product","first","instock","shipping-taxable","purchasable","product-type-simple"],"acf":[],"_links":{"self":[{"href":"https:\/\/mouldking.store\/de\/wp-json\/wp\/v2\/product\/43392","targetHints":{"allow":["GET"]}}],"collection":[{"href":"https:\/\/mouldking.store\/de\/wp-json\/wp\/v2\/product"}],"about":[{"href":"https:\/\/mouldking.store\/de\/wp-json\/wp\/v2\/types\/product"}],"replies":[{"embeddable":true,"href":"https:\/\/mouldking.store\/de\/wp-json\/wp\/v2\/comments?post=43392"}],"wp:featuredmedia":[{"embeddable":true,"href":"https:\/\/mouldking.store\/de\/wp-json\/wp\/v2\/media\/43386"}],"wp:attachment":[{"href":"https:\/\/mouldking.store\/de\/wp-json\/wp\/v2\/media?parent=43392"}],"wp:term":[{"taxonomy":"product_cat","embeddable":true,"href":"https:\/\/mouldking.store\/de\/wp-json\/wp\/v2\/product_cat?post=43392"},{"taxonomy":"product_tag","embeddable":true,"href":"https:\/\/mouldking.store\/de\/wp-json\/wp\/v2\/product_tag?post=43392"}],"curies":[{"name":"wp","href":"https:\/\/api.w.org\/{rel}","templated":true}]}}