{"id":43398,"date":"2023-03-24T10:29:27","date_gmt":"2023-03-24T03:29:27","guid":{"rendered":"https:\/\/mouldking.store\/shop\/pantasy-86205-astro-boy-awakening-moment-with-1500-pieces\/"},"modified":"2023-03-24T10:29:27","modified_gmt":"2023-03-24T03:29:27","slug":"pantasy-86205-astro-boy-awakening-moment-with-1500-pieces","status":"publish","type":"product","link":"https:\/\/mouldking.store\/de\/shop\/pantasy-86205-astro-boy-awakening-moment-with-1500-pieces\/","title":{"rendered":"Pantasy 86205 Astro Boy Awakening Moment mit 1500 Teilen"},"content":{"rendered":"<div>\u2705 Pantasy 86205 Astro Boy Awakening Moment<br \/>&nbsp;<br \/>\u2705Astro Boy, in Japan auch als Tetsuwan Atomu bekannt, ist eine fiktive Figur und der Protagonist einer von Osamu Tezuka erstellten Manga- und Anime-Serie. Astro Boy ist ein Roboterjunge, der von einem brillanten Wissenschaftler namens Dr. Tenma erschaffen wurde, um seinen verstorbenen Sohn zu ersetzen. Astro Boy hat ein Herz aus Gold und ist mit einem starken Sinn f\u00fcr Gerechtigkeit und dem Wunsch, anderen zu helfen, programmiert. Er besitzt eine Reihe \u00fcbermenschlicher F\u00e4higkeiten, darunter Flucht, Superkraft und einen m\u00e4chtigen Energiestrahl, den er aus seinen Fingerspitzen schie\u00dfen kann.<br \/>&nbsp;<br \/>\ud83d\udeab WICHTIG!&nbsp;<br \/>&nbsp;<br \/>Produktname: Astro Boy Awakening Moment<br \/>&nbsp;<br \/>Kategorie: Film<br \/>&nbsp;<br \/>Dieses Kit enth\u00e4lt: Pantasy 86205&nbsp;<br \/>&nbsp;<br \/>1500 St\u00fcck Ziegel von guter Qualit\u00e4t&nbsp;<br \/>&nbsp;<br \/>Gr\u00f6\u00dfe: 30,7 \u00d7 24 \u00d7 25 cm<br \/>&nbsp;<br \/>Manuelle Anweisungen&nbsp;<br \/>&nbsp;<br \/>\ud83d\udcccNatur des Protagonisten&nbsp;<br \/>&nbsp;<br \/>Die Einf\u00fchrung unserer stolzen Kollektion mit dem Namen \u201eAstro Boy Awakening Moment\u201c sollten Sie nicht verpassen.&nbsp;<br \/>&nbsp;<br \/>Astro Boy ist bekannt f\u00fcr sein unverwechselbares Design, das ein schlankes, futuristisches Aussehen mit gro\u00dfen Augen und einer kleinen, runden Nase aufweist. Er tr\u00e4gt normalerweise ein rot-blaues Outfit und wird oft mit einem Raketenrucksack auf dem R\u00fccken dargestellt, mit dem er durch die Luft fliegen kann.<\/div>","protected":false},"excerpt":{"rendered":"<p>Marke: Pantasy<br \/>\nGeschlecht: Unisex<br \/>\nAltersspanne: &gt; 6 Jahre alt<br \/>\nModellnummer: 86205<br \/>\nEinstufung: Assemblage<br \/>\nKunststoffblockform: Selbstsichernde Steine<br \/>\nMaterial: Kunststoff<br \/>\nKunststofftyp: ABS<br \/>\nZiegelsteine: 1500 +<br \/>\nKeine Originalverpackung<\/p>","protected":false},"featured_media":43393,"comment_status":"open","ping_status":"closed","template":"","meta":{"_acf_changed":false},"product_cat":[1365,371,581,1408],"product_tag":[7487,11626,11072,8452,434],"class_list":["product","first","instock","shipping-taxable","purchasable","product-type-simple"],"acf":[],"_links":{"self":[{"href":"https:\/\/mouldking.store\/de\/wp-json\/wp\/v2\/product\/43398","targetHints":{"allow":["GET"]}}],"collection":[{"href":"https:\/\/mouldking.store\/de\/wp-json\/wp\/v2\/product"}],"about":[{"href":"https:\/\/mouldking.store\/de\/wp-json\/wp\/v2\/types\/product"}],"replies":[{"embeddable":true,"href":"https:\/\/mouldking.store\/de\/wp-json\/wp\/v2\/comments?post=43398"}],"wp:featuredmedia":[{"embeddable":true,"href":"https:\/\/mouldking.store\/de\/wp-json\/wp\/v2\/media\/43393"}],"wp:attachment":[{"href":"https:\/\/mouldking.store\/de\/wp-json\/wp\/v2\/media?parent=43398"}],"wp:term":[{"taxonomy":"product_cat","embeddable":true,"href":"https:\/\/mouldking.store\/de\/wp-json\/wp\/v2\/product_cat?post=43398"},{"taxonomy":"product_tag","embeddable":true,"href":"https:\/\/mouldking.store\/de\/wp-json\/wp\/v2\/product_tag?post=43398"}],"curies":[{"name":"wp","href":"https:\/\/api.w.org\/{rel}","templated":true}]}}