{"id":43419,"date":"2023-03-24T11:01:01","date_gmt":"2023-03-24T04:01:01","guid":{"rendered":"https:\/\/mouldking.store\/shop\/moc-factory-89430-transformer-thomas-from-choo-choo-charles-with-137-pieces\/"},"modified":"2025-12-16T22:25:07","modified_gmt":"2025-12-16T15:25:07","slug":"moc-factory-89430-transformer-thomas-from-choo-choo-charles-with-137-pieces","status":"publish","type":"product","link":"https:\/\/mouldking.store\/de\/shop\/moc-factory-89430-transformer-thomas-from-choo-choo-charles-with-137-pieces\/","title":{"rendered":"MOC Factory 89430 Trafo Thomas von Choo Choo Charles mit 137 Teilen"},"content":{"rendered":"<div>\u2705 MOC-89430 Transformator Thomas von Choo Choo Charles<\/p>\n<p>\u2705Thomas ist eine blaue Dampflok mit l\u00e4chelndem Gesicht und gro\u00dfen, runden Augen. Er hat einen kuppelf\u00f6rmigen Kessel, einen zylindrischen Schornstein und einen kleinen Kuhf\u00e4nger an der Vorderseite seines Motors. Er hat auch sechs kleine R\u00e4der an seinem Hauptk\u00f6rper und ein zus\u00e4tzliches Paar R\u00e4der an der R\u00fcckseite seines Motors.<\/p>\n<p>\ud83d\udeab WICHTIG!<\/p>\n<p>Produktname: Transformator Thomas von Choo Choo Charles<\/p>\n<p>Kategorie: Film<\/p>\n<p>Dieses Kit enth\u00e4lt: C9329Y01<\/p>\n<p>137 St\u00fcck Steine von guter Qualit\u00e4t<\/p>\n<p>Gr\u00f6\u00dfe: 11 x 8,5 x 13 cm<\/p>\n<p>Gewicht: 0,08 kg<\/p>\n<p>PDF-Anleitung<\/p>\n<p>\ud83d\udcccNatur des Protagonisten<\/p>\n<p>Die Einf\u00fchrung unserer stolzen Kollektion mit dem Namen \u201eTransformer Thomas von Choo Choo Charles\u201c sollten Sie nicht verpassen.<\/p>\n<p>In vielen Versionen der Figur tr\u00e4gt Thomas die Zahl \u201e1\u201c in Wei\u00df auf seiner Seite und die Worte \u201eNorth Western Railway\u201c sind \u00fcber seinem Gesicht aufgedruckt. Er hat auch einen kleinen roten Puffer auf der R\u00fcckseite seiner Lokomotive, mit dem er andere Waggons schiebt oder zieht.<\/p><\/div>","protected":false},"excerpt":{"rendered":"<p>Marke: MOC-Fabrik<br \/>\nGeschlecht: Unisex<br \/>\nAltersspanne: &gt; 6 Jahre alt<br \/>\nModellnummer: 89430<br \/>\nEinstufung: Assemblage<br \/>\nKunststoffblockform: Selbstsichernde Steine<br \/>\nMaterial: Kunststoff<br \/>\nKunststofftyp: ABS<br \/>\nZiegelsteine: 137 +<br \/>\nKeine Originalverpackung<\/p>","protected":false},"featured_media":43413,"comment_status":"open","ping_status":"closed","template":"","meta":{"_acf_changed":false},"product_cat":[1365,371,581,1408],"product_tag":[10876,11072,8452,434,590,11304,300,6795],"class_list":["product","first","instock","shipping-taxable","purchasable","product-type-simple"],"acf":[],"_links":{"self":[{"href":"https:\/\/mouldking.store\/de\/wp-json\/wp\/v2\/product\/43419","targetHints":{"allow":["GET"]}}],"collection":[{"href":"https:\/\/mouldking.store\/de\/wp-json\/wp\/v2\/product"}],"about":[{"href":"https:\/\/mouldking.store\/de\/wp-json\/wp\/v2\/types\/product"}],"replies":[{"embeddable":true,"href":"https:\/\/mouldking.store\/de\/wp-json\/wp\/v2\/comments?post=43419"}],"wp:featuredmedia":[{"embeddable":true,"href":"https:\/\/mouldking.store\/de\/wp-json\/wp\/v2\/media\/43413"}],"wp:attachment":[{"href":"https:\/\/mouldking.store\/de\/wp-json\/wp\/v2\/media?parent=43419"}],"wp:term":[{"taxonomy":"product_cat","embeddable":true,"href":"https:\/\/mouldking.store\/de\/wp-json\/wp\/v2\/product_cat?post=43419"},{"taxonomy":"product_tag","embeddable":true,"href":"https:\/\/mouldking.store\/de\/wp-json\/wp\/v2\/product_tag?post=43419"}],"curies":[{"name":"wp","href":"https:\/\/api.w.org\/{rel}","templated":true}]}}