{"id":43441,"date":"2023-03-24T11:39:15","date_gmt":"2023-03-24T04:39:15","guid":{"rendered":"https:\/\/mouldking.store\/shop\/moc-factory-48514-separatist-transport-shuttle-with-1933-pieces\/"},"modified":"2025-12-16T22:25:07","modified_gmt":"2025-12-16T15:25:07","slug":"moc-factory-48514-separatist-transport-shuttle-with-1933-pieces","status":"publish","type":"product","link":"https:\/\/mouldking.store\/de\/shop\/moc-factory-48514-separatist-transport-shuttle-with-1933-pieces\/","title":{"rendered":"MOC Factory 48514 Separatistisches Transportshuttle mit 1933 Teilen"},"content":{"rendered":"<div>\u2705 MOC-48514 Transportshuttle der Separatisten<\/p>\n<p>\u2705 Im Star Wars-Universum waren Separatist Transport Shuttles Raumschiffe, die von der Konf\u00f6deration unabh\u00e4ngiger Systeme w\u00e4hrend der Klonkriege eingesetzt wurden, einem gro\u00dfen Konflikt, der in der Star Wars-Prequel-Trilogie dargestellt wurde. Diese Shuttles wurden normalerweise verwendet, um Truppen, Droiden und Vorr\u00e4te zu verschiedenen Schlachtfeldern zu transportieren.<\/p>\n<p>\ud83d\udeab WICHTIG!<\/p>\n<p>Produktname: Transportshuttle der Separatisten<\/p>\n<p>Kategorie: Krieg der Sterne<\/p>\n<p>Dieses Kit enth\u00e4lt: MOC-48514&nbsp;<\/p>\n<p>1933 St\u00fcck Ziegelsteine von guter Qualit\u00e4t<\/p>\n<p>PDF-Anleitung<\/p>\n<p>\ud83d\udcccNatur des Protagonisten<\/p>\n<p>Die Einf\u00fchrung unserer stolzen Kollektion mit dem Namen \u201eSeparatist Transport Shuttle\u201c sollten Sie sich nicht entgehen lassen.<\/p>\n<p>Transportshuttles der Separatisten hatten eine schlanke, kantige Form und waren schwer mit Laserkanonen und anderen Waffen bewaffnet. Sie waren auch mit fortschrittlichen Sensoren und Kommunikationssystemen ausgestattet, die es ihnen erm\u00f6glichten, in einer Vielzahl von Umgebungen effektiv zu arbeiten.<\/p><\/div>","protected":false},"excerpt":{"rendered":"<p>Marke: MOC-Fabrik<br \/>\nGeschlecht: Unisex<br \/>\nAltersspanne: &gt; 12 Jahre alt<br \/>\nModellnummer: 48514<br \/>\nEinstufung: Assemblage<br \/>\nKunststoffblockform: Selbstsichernde Steine<br \/>\nMaterial: Kunststoff<br \/>\nKunststofftyp: ABS<br \/>\nZiegelsteine: 1933 +<br \/>\nVorbereitungszeit: 4-8 Wochen<\/p>","protected":false},"featured_media":43438,"comment_status":"open","ping_status":"closed","template":"","meta":{"_acf_changed":false},"product_cat":[1350,1357,372,581,415,364,1408],"product_tag":[374,434,11629,9235,436,389,11222],"class_list":["product","first","instock","shipping-taxable","purchasable","product-type-simple"],"acf":[],"_links":{"self":[{"href":"https:\/\/mouldking.store\/de\/wp-json\/wp\/v2\/product\/43441","targetHints":{"allow":["GET"]}}],"collection":[{"href":"https:\/\/mouldking.store\/de\/wp-json\/wp\/v2\/product"}],"about":[{"href":"https:\/\/mouldking.store\/de\/wp-json\/wp\/v2\/types\/product"}],"replies":[{"embeddable":true,"href":"https:\/\/mouldking.store\/de\/wp-json\/wp\/v2\/comments?post=43441"}],"wp:featuredmedia":[{"embeddable":true,"href":"https:\/\/mouldking.store\/de\/wp-json\/wp\/v2\/media\/43438"}],"wp:attachment":[{"href":"https:\/\/mouldking.store\/de\/wp-json\/wp\/v2\/media?parent=43441"}],"wp:term":[{"taxonomy":"product_cat","embeddable":true,"href":"https:\/\/mouldking.store\/de\/wp-json\/wp\/v2\/product_cat?post=43441"},{"taxonomy":"product_tag","embeddable":true,"href":"https:\/\/mouldking.store\/de\/wp-json\/wp\/v2\/product_tag?post=43441"}],"curies":[{"name":"wp","href":"https:\/\/api.w.org\/{rel}","templated":true}]}}