{"id":43454,"date":"2023-03-24T12:12:16","date_gmt":"2023-03-24T05:12:16","guid":{"rendered":"https:\/\/mouldking.store\/shop\/moc-factory-79027-saxony-steam-ship-with-2533-pieces\/"},"modified":"2025-12-16T22:25:07","modified_gmt":"2025-12-16T15:25:07","slug":"moc-factory-79027-saxony-steam-ship-with-2533-pieces","status":"publish","type":"product","link":"https:\/\/mouldking.store\/de\/shop\/moc-factory-79027-saxony-steam-ship-with-2533-pieces\/","title":{"rendered":"MOC Factory 79027 Sachsen Dampfschiff mit 2533 St\u00fcck"},"content":{"rendered":"<div>\u2705 MOC-79027 Sachsen Dampfschiff<\/p>\n<p>\u2705Die Saxonia war ein 1869 von der britischen Reederei Cunard Line gebauter Passagierdampfer. Sie wurde nach dem deutschen Bundesland Sachsen benannt und zun\u00e4chst f\u00fcr Transatlantik\u00fcberfahrten zwischen Liverpool und New York eingesetzt.<\/p><\/div>\n<div>\ud83d\udeab WICHTIG!<\/p>\n<p>Produktname: S\u00e4chsisches Dampfschiff<\/p>\n<p>Kategorie: Technik<\/p>\n<p>Dieses Kit enth\u00e4lt: MOC-79027<\/p>\n<p>2533 St\u00fcck Ziegel von guter Qualit\u00e4t<\/p>\n<p>PDF-Anleitung<\/p>\n<p>\ud83d\udcccNatur des Protagonisten<\/p>\n<p>Die Einf\u00fchrung unserer stolzen Kollektion mit dem Namen \u201eS\u00e4chsisches Dampfschiff\u201c sollten Sie sich nicht entgehen lassen.<\/p>\n<p>Die Saxonia war etwa 400 Fu\u00df lang und hatte eine Kapazit\u00e4t von etwa 2.000 Passagieren. Es war eines der gr\u00f6\u00dften und schnellsten Dampfschiffe seiner Zeit mit einer H\u00f6chstgeschwindigkeit von 15 Knoten. Das Schiff war auch bekannt f\u00fcr seine kunstvollen Dekorationen und luxuri\u00f6sen Annehmlichkeiten wie eine gro\u00dfe Treppe, einen gro\u00dfen Speisesaal und ger\u00e4umige Kabinen.<\/p><\/div>","protected":false},"excerpt":{"rendered":"<p>Marke: MOC-Fabrik<br \/>\nGeschlecht: Unisex<br \/>\nAltersspanne: &gt; 6 Jahre alt<br \/>\nModellnummer: 79027<br \/>\nEinstufung: Assemblage<br \/>\nKunststoffblockform: Selbstsichernde Steine<br \/>\nMaterial: Kunststoff<br \/>\nKunststofftyp: ABS<br \/>\nZiegelsteine: 2533 +<br \/>\nVorbereitungszeit: 4-8 Wochen<\/p>","protected":false},"featured_media":43451,"comment_status":"open","ping_status":"closed","template":"","meta":{"_acf_changed":false},"product_cat":[1357,364],"product_tag":[304,1006,389,11080],"class_list":["product","first","instock","shipping-taxable","purchasable","product-type-simple"],"acf":[],"_links":{"self":[{"href":"https:\/\/mouldking.store\/de\/wp-json\/wp\/v2\/product\/43454","targetHints":{"allow":["GET"]}}],"collection":[{"href":"https:\/\/mouldking.store\/de\/wp-json\/wp\/v2\/product"}],"about":[{"href":"https:\/\/mouldking.store\/de\/wp-json\/wp\/v2\/types\/product"}],"replies":[{"embeddable":true,"href":"https:\/\/mouldking.store\/de\/wp-json\/wp\/v2\/comments?post=43454"}],"wp:featuredmedia":[{"embeddable":true,"href":"https:\/\/mouldking.store\/de\/wp-json\/wp\/v2\/media\/43451"}],"wp:attachment":[{"href":"https:\/\/mouldking.store\/de\/wp-json\/wp\/v2\/media?parent=43454"}],"wp:term":[{"taxonomy":"product_cat","embeddable":true,"href":"https:\/\/mouldking.store\/de\/wp-json\/wp\/v2\/product_cat?post=43454"},{"taxonomy":"product_tag","embeddable":true,"href":"https:\/\/mouldking.store\/de\/wp-json\/wp\/v2\/product_tag?post=43454"}],"curies":[{"name":"wp","href":"https:\/\/api.w.org\/{rel}","templated":true}]}}