{"id":43519,"date":"2023-03-27T16:18:59","date_gmt":"2023-03-27T09:18:59","guid":{"rendered":"https:\/\/mouldking.store\/shop\/dk-80009-boeing-787-airplane-with-1353-pieces\/"},"modified":"2023-03-27T16:18:59","modified_gmt":"2023-03-27T09:18:59","slug":"dk-80009-boeing-787-airplane-with-1353-pieces","status":"publish","type":"product","link":"https:\/\/mouldking.store\/de\/shop\/dk-80009-boeing-787-airplane-with-1353-pieces\/","title":{"rendered":"DK 80009 Boeing 787 Flugzeug mit 1353 Teilen"},"content":{"rendered":"<div>\u2705 DK 80009 Boeing 787 Flugzeug<br \/>&nbsp;<br \/>\u2705Die Boeing 787, auch als Dreamliner bekannt, ist ein vom amerikanischen Flugzeughersteller Boeing entwickeltes Verkehrsflugzeug. Es handelt sich um ein zweimotoriges Gro\u00dfraumflugzeug mit gro\u00dfer Reichweite, das je nach Variante und Sitzkonfiguration zwischen 200 und 330 Passagiere bef\u00f6rdern kann.<br \/>&nbsp;<br \/>\ud83d\udeab WICHTIG!&nbsp;<br \/>&nbsp;<br \/>Produktname: Flugzeug Boeing 787<br \/>&nbsp;<br \/>Kategorie: Technik<br \/>&nbsp;<br \/>Dieses Kit enth\u00e4lt: DK 80009<br \/>&nbsp;<br \/>1353 St\u00fcck Ziegel von guter Qualit\u00e4t&nbsp;<br \/>&nbsp;<br \/>Gr\u00f6\u00dfe: 67 \u00d7 66 \u00d7 29 cm<br \/>&nbsp;<br \/>Manuelle Anweisungen&nbsp;<br \/>&nbsp;<br \/>\ud83d\udcccNatur des Protagonisten&nbsp;<br \/>&nbsp;<br \/>Die Einf\u00fchrung unserer stolzen Kollektion namens \u201eBoeing 787 Airplane\u201c sollten Sie sich nicht entgehen lassen.&nbsp;<br \/>&nbsp;<br \/>Die 787 zeichnet sich durch ihre fortschrittlichen Funktionen und Technologien aus, einschlie\u00dflich der umfangreichen Verwendung von leichten Verbundwerkstoffen in ihrer Konstruktion, die dazu beitragen, ihr Gewicht und ihren Kraftstoffverbrauch zu reduzieren. Es verf\u00fcgt auch \u00fcber gro\u00dfe, elektronisch dimmbare Fenster, fortschrittliche Aerodynamik und ein hochmodernes Flugdeck mit fortschrittlicher Avionik und Fly-by-Wire-Steuerung.<\/div>","protected":false},"excerpt":{"rendered":"<p>Marke: DK<br \/>\nGeschlecht: Unisex<br \/>\nAltersspanne: &gt; 6 Jahre alt<br \/>\nModellnummer: 80009<br \/>\nEinstufung: Assemblage<br \/>\nKunststoffblockform: Selbstsichernde Steine<br \/>\nMaterial: Kunststoff<br \/>\nKunststofftyp: ABS<br \/>\nZiegelsteine: 1353 +<br \/>\nKeine Originalverpackung<\/p>","protected":false},"featured_media":43514,"comment_status":"open","ping_status":"closed","template":"","meta":{"_acf_changed":false},"product_cat":[1357,364],"product_tag":[11092,3191,389,11080],"class_list":["product","first","instock","shipping-taxable","purchasable","product-type-simple"],"acf":[],"_links":{"self":[{"href":"https:\/\/mouldking.store\/de\/wp-json\/wp\/v2\/product\/43519","targetHints":{"allow":["GET"]}}],"collection":[{"href":"https:\/\/mouldking.store\/de\/wp-json\/wp\/v2\/product"}],"about":[{"href":"https:\/\/mouldking.store\/de\/wp-json\/wp\/v2\/types\/product"}],"replies":[{"embeddable":true,"href":"https:\/\/mouldking.store\/de\/wp-json\/wp\/v2\/comments?post=43519"}],"wp:featuredmedia":[{"embeddable":true,"href":"https:\/\/mouldking.store\/de\/wp-json\/wp\/v2\/media\/43514"}],"wp:attachment":[{"href":"https:\/\/mouldking.store\/de\/wp-json\/wp\/v2\/media?parent=43519"}],"wp:term":[{"taxonomy":"product_cat","embeddable":true,"href":"https:\/\/mouldking.store\/de\/wp-json\/wp\/v2\/product_cat?post=43519"},{"taxonomy":"product_tag","embeddable":true,"href":"https:\/\/mouldking.store\/de\/wp-json\/wp\/v2\/product_tag?post=43519"}],"curies":[{"name":"wp","href":"https:\/\/api.w.org\/{rel}","templated":true}]}}