{"id":43525,"date":"2023-03-27T16:26:35","date_gmt":"2023-03-27T09:26:35","guid":{"rendered":"https:\/\/mouldking.store\/shop\/pantasy-11002-china-southern-airlines-arj21-with-3000-pieces\/"},"modified":"2023-03-27T16:26:35","modified_gmt":"2023-03-27T09:26:35","slug":"pantasy-11002-china-southern-airlines-arj21-with-3000-pieces","status":"publish","type":"product","link":"https:\/\/mouldking.store\/de\/shop\/pantasy-11002-china-southern-airlines-arj21-with-3000-pieces\/","title":{"rendered":"Pantasy 11002 China Southern Airlines ARJ21 mit 3000 St\u00fcck"},"content":{"rendered":"<div>\u2705 Pantasy 11002 China Southern Airlines ARJ21<br \/>&nbsp;<br \/>\u2705Die China Southern Airlines ARJ21 ist ein regionales D\u00fcsenflugzeug, das von der Commercial Aircraft Corporation of China (COMAC) hergestellt wird. Es ist ein zweimotoriges Single-Aisle-Flugzeug f\u00fcr Kurz- und Mittelstreckenfl\u00fcge mit einer Reichweite von bis zu 3.700 Kilometern (2.300 Meilen) und einer Kapazit\u00e4t von bis zu 90 Passagieren, je nach Sitzkonfiguration.<br \/>&nbsp;<br \/>\ud83d\udeab WICHTIG!&nbsp;<br \/>&nbsp;<br \/>Produktname: China Southern Airlines ARJ21<br \/>&nbsp;<br \/>Kategorie: Technik<br \/>&nbsp;<br \/>Dieses Kit enth\u00e4lt: Pantasy 11002<br \/>&nbsp;<br \/>3000 St\u00fcck Steine von guter Qualit\u00e4t&nbsp;<br \/>&nbsp;<br \/>Gr\u00f6\u00dfe: 46,7 \u00d7 44,7 \u00d7 31 cm<\/p>\n<p>Gewicht 1,011 kg<\/p><\/div>\n<div>&nbsp;<br \/>Manuelle Anweisungen&nbsp;<br \/>&nbsp;<br \/>\ud83d\udcccNatur des Protagonisten&nbsp;<br \/>&nbsp;<br \/>Die Einf\u00fchrung unserer stolzen Kollektion mit dem Namen \u201eChina Southern Airlines ARJ21\u201c sollten Sie sich nicht entgehen lassen.&nbsp;<br \/>&nbsp;<br \/>Der ARJ21 zeichnet sich dadurch aus, dass er das erste Verkehrsflugzeug ist, das vollst\u00e4ndig in China entwickelt und hergestellt wurde, mit dem Ziel, Chinas Abh\u00e4ngigkeit von ausl\u00e4ndischen Flugzeugherstellern wie Boeing und Airbus zu verringern. Das Programm wurde 2002 gestartet und der erste ARJ21 wurde 2016 bei Chengdu Airlines in Dienst gestellt.<\/div>","protected":false},"excerpt":{"rendered":"<p>Marke: Pantasy<br \/>\nGeschlecht: Unisex<br \/>\nAltersspanne: &gt; 6 Jahre alt<br \/>\nModellnummer: 11002<br \/>\nEinstufung: Assemblage<br \/>\nKunststoffblockform: Selbstsichernde Steine<br \/>\nMaterial: Kunststoff<br \/>\nKunststofftyp: ABS<br \/>\nZiegelsteine: 3000 +<br \/>\nKeine Originalverpackung<br \/>\nSt\u00fccke zahlen Wechselgeld<\/p>","protected":false},"featured_media":43520,"comment_status":"open","ping_status":"closed","template":"","meta":{"_acf_changed":false},"product_cat":[1357,364],"product_tag":[11092,10892,11364,389,11080],"class_list":["product","first","instock","shipping-taxable","purchasable","product-type-simple"],"acf":[],"_links":{"self":[{"href":"https:\/\/mouldking.store\/de\/wp-json\/wp\/v2\/product\/43525","targetHints":{"allow":["GET"]}}],"collection":[{"href":"https:\/\/mouldking.store\/de\/wp-json\/wp\/v2\/product"}],"about":[{"href":"https:\/\/mouldking.store\/de\/wp-json\/wp\/v2\/types\/product"}],"replies":[{"embeddable":true,"href":"https:\/\/mouldking.store\/de\/wp-json\/wp\/v2\/comments?post=43525"}],"wp:featuredmedia":[{"embeddable":true,"href":"https:\/\/mouldking.store\/de\/wp-json\/wp\/v2\/media\/43520"}],"wp:attachment":[{"href":"https:\/\/mouldking.store\/de\/wp-json\/wp\/v2\/media?parent=43525"}],"wp:term":[{"taxonomy":"product_cat","embeddable":true,"href":"https:\/\/mouldking.store\/de\/wp-json\/wp\/v2\/product_cat?post=43525"},{"taxonomy":"product_tag","embeddable":true,"href":"https:\/\/mouldking.store\/de\/wp-json\/wp\/v2\/product_tag?post=43525"}],"curies":[{"name":"wp","href":"https:\/\/api.w.org\/{rel}","templated":true}]}}