{"id":43558,"date":"2023-03-27T17:16:55","date_gmt":"2023-03-27T10:16:55","guid":{"rendered":"https:\/\/mouldking.store\/shop\/decool-jisi-16809-coffee-machine-with-678-pieces\/"},"modified":"2023-03-27T17:16:55","modified_gmt":"2023-03-27T10:16:55","slug":"decool-jisi-16809-coffee-machine-with-678-pieces","status":"publish","type":"product","link":"https:\/\/mouldking.store\/de\/shop\/decool-jisi-16809-coffee-machine-with-678-pieces\/","title":{"rendered":"DECOOL \/ JiSi 16809 Kaffeemaschine mit 678 Teilen"},"content":{"rendered":"<div>\u2705 DECOOL 16809 Kaffeemaschine<br \/>&nbsp;<br \/>\u2705Eine Kaffeemaschine ist ein Ger\u00e4t, das dazu bestimmt ist, Kaffee automatisch mit minimalem manuellen Aufwand zuzubereiten. Es gibt viele verschiedene Arten von Kaffeemaschinen, jede mit ihren eigenen einzigartigen Funktionen und Br\u00fchmethoden.<br \/>&nbsp;<br \/>\ud83d\udeab WICHTIG!&nbsp;<br \/>&nbsp;<br \/>Produktname: Kaffeemaschine<br \/>&nbsp;<br \/>Kategorie: Sch\u00f6pfer&nbsp;<br \/>&nbsp;<br \/>Dieses Kit enth\u00e4lt: DECOOL 16809&nbsp;<br \/>&nbsp;<br \/>678 St\u00fcck Steine von guter Qualit\u00e4t&nbsp;<br \/>&nbsp;<br \/>Gr\u00f6\u00dfe: 11 \u00d7 16 \u00d7 19 cm<br \/>&nbsp;<br \/>Manuelle Anweisungen&nbsp;<br \/>&nbsp;<br \/>\ud83d\udcccNatur des Protagonisten&nbsp;<br \/>&nbsp;<br \/>Die Einf\u00fchrung unserer stolzen Kollektion mit dem Namen \u201eKaffeemaschine\u201c sollten Sie nicht verpassen.&nbsp;<br \/>&nbsp;<br \/>Die Funktionsweise einer Kaffeemaschine h\u00e4ngt vom Maschinentyp ab. Im Allgemeinen arbeiten Kaffeemaschinen mit hei\u00dfem Wasser und Kaffeesatz, um den Geschmack und das Aroma des Kaffees zu extrahieren. Die spezifische Mechanik der Maschine h\u00e4ngt von ihrer Konstruktion und ihrem Typ ab.<\/div>","protected":false},"excerpt":{"rendered":"<p>Marke: DECOOL \/ JiSi<br \/>\nGeschlecht: Unisex<br \/>\nAltersspanne: &gt; 8 Jahre alt<br \/>\nModellnummer: 16809<br \/>\nEinstufung: Assemblage<br \/>\nKunststoffblockform: Selbstsichernde Steine<br \/>\nMaterial: Kunststoff<br \/>\nKunststofftyp: ABS<br \/>\nZiegelsteine: 678 +<br \/>\nKeine Originalverpackung<\/p>","protected":false},"featured_media":43553,"comment_status":"open","ping_status":"closed","template":"","meta":{"_acf_changed":false},"product_cat":[1365,371],"product_tag":[5228,7821,11072,8452],"class_list":["product","first","instock","shipping-taxable","purchasable","product-type-simple"],"acf":[],"_links":{"self":[{"href":"https:\/\/mouldking.store\/de\/wp-json\/wp\/v2\/product\/43558","targetHints":{"allow":["GET"]}}],"collection":[{"href":"https:\/\/mouldking.store\/de\/wp-json\/wp\/v2\/product"}],"about":[{"href":"https:\/\/mouldking.store\/de\/wp-json\/wp\/v2\/types\/product"}],"replies":[{"embeddable":true,"href":"https:\/\/mouldking.store\/de\/wp-json\/wp\/v2\/comments?post=43558"}],"wp:featuredmedia":[{"embeddable":true,"href":"https:\/\/mouldking.store\/de\/wp-json\/wp\/v2\/media\/43553"}],"wp:attachment":[{"href":"https:\/\/mouldking.store\/de\/wp-json\/wp\/v2\/media?parent=43558"}],"wp:term":[{"taxonomy":"product_cat","embeddable":true,"href":"https:\/\/mouldking.store\/de\/wp-json\/wp\/v2\/product_cat?post=43558"},{"taxonomy":"product_tag","embeddable":true,"href":"https:\/\/mouldking.store\/de\/wp-json\/wp\/v2\/product_tag?post=43558"}],"curies":[{"name":"wp","href":"https:\/\/api.w.org\/{rel}","templated":true}]}}