{"id":43591,"date":"2023-03-27T18:43:15","date_gmt":"2023-03-27T11:43:15","guid":{"rendered":"https:\/\/mouldking.store\/shop\/moc-factory-104069-black-fortress-with-46588-pieces\/"},"modified":"2025-12-16T22:25:05","modified_gmt":"2025-12-16T15:25:05","slug":"moc-factory-104069-black-fortress-with-46588-pieces","status":"publish","type":"product","link":"https:\/\/mouldking.store\/de\/shop\/moc-factory-104069-black-fortress-with-46588-pieces\/","title":{"rendered":"MOC Factory 104069 Black Fortress mit 46588 Teilen"},"content":{"rendered":"<div>\u2705 MOC-104069 Schwarze Festung<\/p>\n<p>\u2705Black Fortress eine modulare Struktur, insgesamt 7 Ebenen und ein komplettes Interieur.&nbsp;<\/p>\n<p>\ud83d\udeab WICHTIG!<\/p>\n<p>Produktname: Schwarze Festung<\/p>\n<p>Kategorie: Krieg der Sterne<\/p>\n<p>Dieses Kit enth\u00e4lt: MOC-104069<\/p>\n<p>46588 St\u00fcck Ziegel von guter Qualit\u00e4t<\/p>\n<p>Gr\u00f6\u00dfe: 77,68 x 105,52 x 102,16 cm<\/p>\n<p>PDF-Anleitung<\/p>\n<p>\ud83d\udcccNatur des Protagonisten<\/p>\n<p>Die Einf\u00fchrung unserer stolzen Kollektion mit dem Namen \u201eBlack Fortress\u201c sollten Sie sich nicht entgehen lassen.<\/p>\n<p>Das Innere umfasst einen Hangar, Zellen, Kommandor\u00e4ume, einen medizinischen Raum, eine Waffenkammer, eine K\u00fcche, Wohnr\u00e4ume, einen Thronsaal, ein G\u00e4stezimmer, einen Besprechungsraum, einen Superior-Raum und andere Details.<\/p><\/div>","protected":false},"excerpt":{"rendered":"<p>Marke: MOC-Fabrik<br \/>\nGeschlecht: Unisex<br \/>\nAltersspanne: &gt; 6 Jahre alt<br \/>\nModellnummer: 104069<br \/>\nEinstufung: Assemblage<br \/>\nKunststoffblockform: Selbstsichernde Steine<br \/>\nMaterial: Kunststoff<br \/>\nKunststofftyp: ABS<br \/>\nZiegelsteine: 46588 +<br \/>\nVorbereitungszeit: 4-8 Wochen<\/p>","protected":false},"featured_media":43586,"comment_status":"open","ping_status":"closed","template":"","meta":{"_acf_changed":false},"product_cat":[1395,390,581,415,1408],"product_tag":[8711,8659,11099,392,434,436],"class_list":["product","first","instock","shipping-taxable","purchasable","product-type-simple"],"acf":[],"_links":{"self":[{"href":"https:\/\/mouldking.store\/de\/wp-json\/wp\/v2\/product\/43591","targetHints":{"allow":["GET"]}}],"collection":[{"href":"https:\/\/mouldking.store\/de\/wp-json\/wp\/v2\/product"}],"about":[{"href":"https:\/\/mouldking.store\/de\/wp-json\/wp\/v2\/types\/product"}],"replies":[{"embeddable":true,"href":"https:\/\/mouldking.store\/de\/wp-json\/wp\/v2\/comments?post=43591"}],"wp:featuredmedia":[{"embeddable":true,"href":"https:\/\/mouldking.store\/de\/wp-json\/wp\/v2\/media\/43586"}],"wp:attachment":[{"href":"https:\/\/mouldking.store\/de\/wp-json\/wp\/v2\/media?parent=43591"}],"wp:term":[{"taxonomy":"product_cat","embeddable":true,"href":"https:\/\/mouldking.store\/de\/wp-json\/wp\/v2\/product_cat?post=43591"},{"taxonomy":"product_tag","embeddable":true,"href":"https:\/\/mouldking.store\/de\/wp-json\/wp\/v2\/product_tag?post=43591"}],"curies":[{"name":"wp","href":"https:\/\/api.w.org\/{rel}","templated":true}]}}