{"id":43911,"date":"2023-04-04T13:07:30","date_gmt":"2023-04-04T06:07:30","guid":{"rendered":"https:\/\/mouldking.store\/shop\/moc-factory-24675-lost-in-space-charriot-with-292-pieces\/"},"modified":"2025-12-16T22:25:05","modified_gmt":"2025-12-16T15:25:05","slug":"moc-factory-24675-lost-in-space-charriot-with-292-pieces","status":"publish","type":"product","link":"https:\/\/mouldking.store\/de\/shop\/moc-factory-24675-lost-in-space-charriot-with-292-pieces\/","title":{"rendered":"MOC Factory 24675 Lost In Space Streitwagen mit 292 Teilen"},"content":{"rendered":"<div>\u2705 MOC-24675 Verloren im Weltraum Streitwagen<\/p>\n<p>\u2705Der Streitwagen wurde zu einem ikonischen Element der Fernsehserie \u201eLost in Space\u201c und spielte in vielen Episoden eine herausragende Rolle. Sein Design wurde im Laufe der Jahre in verschiedenen Spielzeugen, Modellen und Waren nachgebildet und ist zu einem beliebten Symbol des klassischen Science-Fiction-Fernsehens geworden.<\/p>\n<p>\ud83d\udeab WICHTIG!<\/p>\n<p>Produktname: Lost In Space Streitwagen<\/p>\n<p>Kategorie: Film<\/p>\n<p>Dieses Kit enth\u00e4lt: C9280<\/p>\n<p>292 St\u00fcck Steine von guter Qualit\u00e4t<\/p>\n<p>Gr\u00f6\u00dfe: 14,5 x 9 x 7,3 cm<\/p>\n<p>Gewicht: 0,19 kg<\/p>\n<p>PDF-Anleitung<\/p>\n<p>\ud83d\udcccNatur des Protagonisten<\/p>\n<p>Die Einf\u00fchrung unserer stolzen Kollektion mit dem Namen \u201eLost In Space Charriot\u201c sollten Sie sich nicht entgehen lassen.<\/p>\n<p>Der Lost in Space Chariot ist ein fiktives Fahrzeug aus der Science-Fiction-TV-Serie \u201eLost in Space\u201c aus den 1960er Jahren. Der Chariot war ein gro\u00dfes, sechsr\u00e4driges Fahrzeug, das von der Familie Robinson benutzt wurde, um den fremden Planeten zu erkunden, auf dem sie gestrandet waren, nachdem ihr Raumschiff, die Jupiter 2, von einem ausl\u00e4ndischen Agenten sabotiert worden war. Der Chariot wurde f\u00fcr die Navigation in unwegsamem Gel\u00e4nde entwickelt und war mit verschiedenen Funktionen wie einer Winde, einer Laserkanone und einem kleinen Labor zur Durchf\u00fchrung wissenschaftlicher Experimente ausgestattet.<\/p><\/div>","protected":false},"excerpt":{"rendered":"<p>Marke: MOC-Fabrik<br \/>\nGeschlecht: Unisex<br \/>\nAltersspanne: &gt; 6 Jahre alt<br \/>\nModellnummer: 24675<br \/>\nEinstufung: Assemblage<br \/>\nKunststoffblockform: Selbstsichernde Steine<br \/>\nMaterial: Kunststoff<br \/>\nKunststofftyp: ABS<br \/>\nZiegelsteine: 292 +<br \/>\nKeine Originalverpackung<\/p>","protected":false},"featured_media":43903,"comment_status":"open","ping_status":"closed","template":"","meta":{"_acf_changed":false},"product_cat":[1357,581,6016,364,1408],"product_tag":[9139,434,2276,389],"class_list":["product","first","instock","shipping-taxable","purchasable","product-type-simple"],"acf":[],"_links":{"self":[{"href":"https:\/\/mouldking.store\/de\/wp-json\/wp\/v2\/product\/43911","targetHints":{"allow":["GET"]}}],"collection":[{"href":"https:\/\/mouldking.store\/de\/wp-json\/wp\/v2\/product"}],"about":[{"href":"https:\/\/mouldking.store\/de\/wp-json\/wp\/v2\/types\/product"}],"replies":[{"embeddable":true,"href":"https:\/\/mouldking.store\/de\/wp-json\/wp\/v2\/comments?post=43911"}],"wp:featuredmedia":[{"embeddable":true,"href":"https:\/\/mouldking.store\/de\/wp-json\/wp\/v2\/media\/43903"}],"wp:attachment":[{"href":"https:\/\/mouldking.store\/de\/wp-json\/wp\/v2\/media?parent=43911"}],"wp:term":[{"taxonomy":"product_cat","embeddable":true,"href":"https:\/\/mouldking.store\/de\/wp-json\/wp\/v2\/product_cat?post=43911"},{"taxonomy":"product_tag","embeddable":true,"href":"https:\/\/mouldking.store\/de\/wp-json\/wp\/v2\/product_tag?post=43911"}],"curies":[{"name":"wp","href":"https:\/\/api.w.org\/{rel}","templated":true}]}}