{"id":43932,"date":"2023-04-04T13:37:25","date_gmt":"2023-04-04T06:37:25","guid":{"rendered":"https:\/\/mouldking.store\/shop\/moc-factory-89425-my-neighbor-totoro-catbus-with-777-pieces\/"},"modified":"2025-12-16T22:25:05","modified_gmt":"2025-12-16T15:25:05","slug":"moc-factory-89425-my-neighbor-totoro-catbus-with-777-pieces","status":"publish","type":"product","link":"https:\/\/mouldking.store\/de\/shop\/moc-factory-89425-my-neighbor-totoro-catbus-with-777-pieces\/","title":{"rendered":"MOC Factory 89425 Mein Nachbar Totoro CatBus mit 777 Teilen"},"content":{"rendered":"<div>\u2705 MOC-89425 Mein Nachbar Totoro CatBus<\/p>\n<p>\u2705Mein Nachbar Totoro ist ein japanischer Animationsfilm von 1988 unter der Regie von Hayao Miyazaki und produziert von Studio Ghibli. Der Film erz\u00e4hlt die Geschichte zweier junger Schwestern, die aufs Land ziehen und eine magische Welt der Waldgeister entdecken, darunter das liebenswerte Wesen Totoro.<\/p>\n<p>\ud83d\udeab WICHTIG!<\/p>\n<p>Produktname: Mein Nachbar Totoro CatBus<\/p>\n<p>Kategorie: Film<\/p>\n<p>Dieses Kit enth\u00e4lt: C9340<\/p>\n<p>777 St\u00fcck Steine von guter Qualit\u00e4t<\/p>\n<p>Gr\u00f6\u00dfe: 24 x 10 x 15 cm<\/p>\n<p>Gewicht: 0,66 kg<\/p>\n<p>PDF-Anleitung<\/p>\n<p>\ud83d\udcccNatur des Protagonisten<\/p>\n<p>Die Einf\u00fchrung unserer stolzen Kollektion mit dem Namen \u201eMy Neighbor Totoro CatBus\u201c sollten Sie nicht verpassen.<\/p>\n<p>Eine der denkw\u00fcrdigsten und ikonischsten Figuren des Films ist der Catbus, eine fantastische Kreatur, die teils Katze, teils Bus ist. Der Catbus wird als gro\u00dfe, pelzige Kreatur mit acht Beinen dargestellt, die sich ausziehen oder einziehen k\u00f6nnen, um ihre Gr\u00f6\u00dfe anzupassen. Der Catbus hat auch die F\u00e4higkeit, transparent zu werden, sodass die Passagiere hindurchsehen k\u00f6nnen, und kann sich schnell und leise durch den Wald bewegen. Der Catbus ist eine beliebte Figur im Film und hat sich in Japan und auf der ganzen Welt zu einer beliebten kulturellen Ikone entwickelt. Es ist in verschiedenen Waren erschienen, darunter Pl\u00fcschtiere, Figuren und sogar in einem eigenen Spin-off-Film namens \u201eMei and the Kittenbus\u201c.<\/p><\/div>","protected":false},"excerpt":{"rendered":"<p>Marke: MOC-Fabrik<br \/>\nGeschlecht: Unisex<br \/>\nAltersspanne: &gt; 6 Jahre alt<br \/>\nModellnummer: 89425<br \/>\nEinstufung: Assemblage<br \/>\nKunststoffblockform: Selbstsichernde Steine<br \/>\nMaterial: Kunststoff<br \/>\nKunststofftyp: ABS<br \/>\nZiegelsteine: 777 +<br \/>\nKeine Originalverpackung<\/p>","protected":false},"featured_media":43929,"comment_status":"open","ping_status":"closed","template":"","meta":{"_acf_changed":false},"product_cat":[1365,371,581,1408],"product_tag":[11678,11677,11072,8452,434,11675,11676],"class_list":["product","first","instock","shipping-taxable","purchasable","product-type-simple"],"acf":[],"_links":{"self":[{"href":"https:\/\/mouldking.store\/de\/wp-json\/wp\/v2\/product\/43932","targetHints":{"allow":["GET"]}}],"collection":[{"href":"https:\/\/mouldking.store\/de\/wp-json\/wp\/v2\/product"}],"about":[{"href":"https:\/\/mouldking.store\/de\/wp-json\/wp\/v2\/types\/product"}],"replies":[{"embeddable":true,"href":"https:\/\/mouldking.store\/de\/wp-json\/wp\/v2\/comments?post=43932"}],"wp:featuredmedia":[{"embeddable":true,"href":"https:\/\/mouldking.store\/de\/wp-json\/wp\/v2\/media\/43929"}],"wp:attachment":[{"href":"https:\/\/mouldking.store\/de\/wp-json\/wp\/v2\/media?parent=43932"}],"wp:term":[{"taxonomy":"product_cat","embeddable":true,"href":"https:\/\/mouldking.store\/de\/wp-json\/wp\/v2\/product_cat?post=43932"},{"taxonomy":"product_tag","embeddable":true,"href":"https:\/\/mouldking.store\/de\/wp-json\/wp\/v2\/product_tag?post=43932"}],"curies":[{"name":"wp","href":"https:\/\/api.w.org\/{rel}","templated":true}]}}