{"id":43948,"date":"2023-04-04T13:55:33","date_gmt":"2023-04-04T06:55:33","guid":{"rendered":"https:\/\/mouldking.store\/shop\/moc-factory-89424-kirby-and-the-forgotten-land-car-mouth-with-500-pieces\/"},"modified":"2025-12-16T22:25:05","modified_gmt":"2025-12-16T15:25:05","slug":"moc-factory-89424-kirby-and-the-forgotten-land-car-mouth-with-500-pieces","status":"publish","type":"product","link":"https:\/\/mouldking.store\/de\/shop\/moc-factory-89424-kirby-and-the-forgotten-land-car-mouth-with-500-pieces\/","title":{"rendered":"MOC Factory 89424 Kirby and the Forgotten Land Car Mouth mit 500 Teilen"},"content":{"rendered":"<div>\u2705 MOC-89424 Kirby und der vergessene Landwagenmund<\/p>\n<p>\u2705Kirby and the Forgotten Land ist ein Plattform-Videospiel, das von HAL Laboratory entwickelt und von Nintendo f\u00fcr die Nintendo Switch-Konsole ver\u00f6ffentlicht wurde.&nbsp;<\/p>\n<p>\ud83d\udeab WICHTIG!<\/p>\n<p>Produktname: Kirby und der vergessene Landwagenmund<\/p>\n<p>Kategorie: Film<\/p>\n<p>Dieses Kit enth\u00e4lt: C9351<\/p>\n<p>500 St\u00fcck Steine von guter Qualit\u00e4t<\/p>\n<p>PDF-Anleitung<\/p>\n<p>\ud83d\udcccNatur des Protagonisten<\/p>\n<p>Die Einf\u00fchrung unserer stolzen Kollektion mit dem Namen \u201eKirby and the Forgotten Land Car Mouth\u201c sollten Sie nicht verpassen.<\/p>\n<p>Im Spiel erkundet Kirby eine riesige 3D-Welt voller Geheimnisse, R\u00e4tsel und Feinde. Kirbys charakteristische F\u00e4higkeit, Feinde einzuatmen und ihre Kr\u00e4fte zu erlangen, kehrt zur\u00fcck, zusammen mit einigen neuen F\u00e4higkeiten wie einem m\u00e4chtigen Nahkampfangriff und der F\u00e4higkeit, Kr\u00e4fte zu kombinieren, um einzigartige neue F\u00e4higkeiten zu erschaffen.&nbsp;<\/p><\/div>","protected":false},"excerpt":{"rendered":"<p>Marke: MOC-Fabrik<br \/>\nGeschlecht: Unisex<br \/>\nAltersspanne: &gt; 6 Jahre alt<br \/>\nModellnummer: 89424<br \/>\nEinstufung: Assemblage<br \/>\nKunststoffblockform: Selbstsichernde Steine<br \/>\nMaterial: Kunststoff<br \/>\nKunststofftyp: ABS<br \/>\nZiegelsteine: 500 +<br \/>\nSt\u00fccke k\u00f6nnen sich \u00e4ndern<\/p>","protected":false},"featured_media":43938,"comment_status":"open","ping_status":"closed","template":"","meta":{"_acf_changed":false},"product_cat":[1365,1360,581,1408],"product_tag":[457,8452,11682,11681,4706,434],"class_list":["product","first","instock","shipping-taxable","purchasable","product-type-simple"],"acf":[],"_links":{"self":[{"href":"https:\/\/mouldking.store\/de\/wp-json\/wp\/v2\/product\/43948","targetHints":{"allow":["GET"]}}],"collection":[{"href":"https:\/\/mouldking.store\/de\/wp-json\/wp\/v2\/product"}],"about":[{"href":"https:\/\/mouldking.store\/de\/wp-json\/wp\/v2\/types\/product"}],"replies":[{"embeddable":true,"href":"https:\/\/mouldking.store\/de\/wp-json\/wp\/v2\/comments?post=43948"}],"wp:featuredmedia":[{"embeddable":true,"href":"https:\/\/mouldking.store\/de\/wp-json\/wp\/v2\/media\/43938"}],"wp:attachment":[{"href":"https:\/\/mouldking.store\/de\/wp-json\/wp\/v2\/media?parent=43948"}],"wp:term":[{"taxonomy":"product_cat","embeddable":true,"href":"https:\/\/mouldking.store\/de\/wp-json\/wp\/v2\/product_cat?post=43948"},{"taxonomy":"product_tag","embeddable":true,"href":"https:\/\/mouldking.store\/de\/wp-json\/wp\/v2\/product_tag?post=43948"}],"curies":[{"name":"wp","href":"https:\/\/api.w.org\/{rel}","templated":true}]}}