{"id":43956,"date":"2023-04-05T09:33:56","date_gmt":"2023-04-05T02:33:56","guid":{"rendered":"https:\/\/mouldking.store\/shop\/forange-fc8530-dream-cottage-maplewood-villa-with-2008-pieces\/"},"modified":"2023-04-05T09:33:56","modified_gmt":"2023-04-05T02:33:56","slug":"forange-fc8530-dream-cottage-maplewood-villa-with-2008-pieces","status":"publish","type":"product","link":"https:\/\/mouldking.store\/de\/shop\/forange-fc8530-dream-cottage-maplewood-villa-with-2008-pieces\/","title":{"rendered":"Forange FC8530 Dream Cottage Maplewood Villa mit 2008 St\u00fcck"},"content":{"rendered":"<div>\u2705 Forange FC8530 Traumhaus Maplewood Villa<br \/>&nbsp;<br \/>\u2705Maplewood Cottage ist ein kleines, charmantes und gem\u00fctliches Haus mit rustikalem oder traditionellem Design. Das \u00c4u\u00dfere kann aus Holz, Stein oder einer Kombination aus beidem bestehen und es kann eine Veranda oder einen Gartenbereich haben.<br \/>&nbsp;<br \/>\ud83d\udeab WICHTIG!&nbsp;<br \/>&nbsp;<br \/>Produktname: Traumhaus Maplewood Villa<br \/>&nbsp;<br \/>Kategorie: Modulares Bauen<br \/>&nbsp;<br \/>Dieses Kit enth\u00e4lt: Forange FC8530<br \/>&nbsp;<br \/>2008 St\u00fcck Ziegel von guter Qualit\u00e4t&nbsp;<br \/>&nbsp;<br \/>Gr\u00f6\u00dfe: 66,5 x 45,4 x 64 cm<br \/>&nbsp;<br \/>Manuelle Anweisungen&nbsp;<br \/>&nbsp;<br \/>\ud83d\udcccNatur des Protagonisten&nbsp;<br \/>&nbsp;<br \/>Wir stellen Ihnen unsere stolze Kollektion mit dem Namen \u201eDream Cottage Maplewood Villa\u201c vor, die Sie sich nicht entgehen lassen sollten.&nbsp;<br \/>&nbsp;<br \/>Die Inneneinrichtung eines Maplewood Cottage kann mit Holzb\u00f6den, freiliegenden Deckenbalken und einem Kamin oder Holzofen ausgestattet sein, was eine warme und einladende Atmosph\u00e4re schafft. Die Einrichtung kann Vintage- oder Landhausm\u00f6bel, gem\u00fctliche Textilien und nat\u00fcrliche Elemente wie Pflanzen oder Blumen umfassen. Das Cottage kann auch eine K\u00fcchenzeile oder eine kleine K\u00fcche mit Grundger\u00e4ten haben.<\/div>","protected":false},"excerpt":{"rendered":"<p>Marke: Forange<br \/>\nGeschlecht: Unisex<br \/>\nAltersspanne: &gt; 6 Jahre alt<br \/>\nModellnummer: FC8530<br \/>\nEinstufung: Assemblage<br \/>\nKunststoffblockform: Selbstsichernde Steine<br \/>\nMaterial: Kunststoff<br \/>\nKunststofftyp: ABS<br \/>\nZiegelsteine: 2008 +<br \/>\nKeine Originalverpackung<\/p>","protected":false},"featured_media":43951,"comment_status":"open","ping_status":"closed","template":"","meta":{"_acf_changed":false},"product_cat":[1365,1395,390],"product_tag":[4883,8452,2722,11201,11684,392,6614],"class_list":["product","first","instock","shipping-taxable","purchasable","product-type-simple"],"acf":[],"_links":{"self":[{"href":"https:\/\/mouldking.store\/de\/wp-json\/wp\/v2\/product\/43956","targetHints":{"allow":["GET"]}}],"collection":[{"href":"https:\/\/mouldking.store\/de\/wp-json\/wp\/v2\/product"}],"about":[{"href":"https:\/\/mouldking.store\/de\/wp-json\/wp\/v2\/types\/product"}],"replies":[{"embeddable":true,"href":"https:\/\/mouldking.store\/de\/wp-json\/wp\/v2\/comments?post=43956"}],"wp:featuredmedia":[{"embeddable":true,"href":"https:\/\/mouldking.store\/de\/wp-json\/wp\/v2\/media\/43951"}],"wp:attachment":[{"href":"https:\/\/mouldking.store\/de\/wp-json\/wp\/v2\/media?parent=43956"}],"wp:term":[{"taxonomy":"product_cat","embeddable":true,"href":"https:\/\/mouldking.store\/de\/wp-json\/wp\/v2\/product_cat?post=43956"},{"taxonomy":"product_tag","embeddable":true,"href":"https:\/\/mouldking.store\/de\/wp-json\/wp\/v2\/product_tag?post=43956"}],"curies":[{"name":"wp","href":"https:\/\/api.w.org\/{rel}","templated":true}]}}