{"id":43971,"date":"2023-04-05T09:52:44","date_gmt":"2023-04-05T02:52:44","guid":{"rendered":"https:\/\/mouldking.store\/shop\/zhegao-00415-summer-tea-with-836-pieces\/"},"modified":"2023-04-05T09:52:44","modified_gmt":"2023-04-05T02:52:44","slug":"zhegao-00415-summer-tea-with-836-pieces","status":"publish","type":"product","link":"https:\/\/mouldking.store\/de\/shop\/zhegao-00415-summer-tea-with-836-pieces\/","title":{"rendered":"ZHEGAO 00415 Sommertee mit 836 St\u00fcck"},"content":{"rendered":"<div>\u2705 ZHEGAO 00415 Sommertee<br \/>&nbsp;<br \/>\u2705 \u201eSummer Tea\u201c ist eine kreative Reihe von Bausteinsets, die erstmals im Jahr 2022 ver\u00f6ffentlicht wurde. Das Set enth\u00e4lt 836 Bausteinpartikel, was darauf hindeutet, dass es sich um ein relativ gro\u00dfes und komplexes Set handelt.<br \/>&nbsp;<br \/>\ud83d\udeab WICHTIG!&nbsp;<br \/>&nbsp;<br \/>Produktname: Sommertee<br \/>&nbsp;<br \/>Kategorie: Sch\u00f6pfer&nbsp;<br \/>&nbsp;<br \/>Dieses Kit enth\u00e4lt: ZHEGAO 00415&nbsp;<br \/>&nbsp;<br \/>836 St\u00fcck Steine von guter Qualit\u00e4t&nbsp;<br \/>&nbsp;<br \/>Gr\u00f6\u00dfe: 21,6 \u00d7 14,6 \u00d7 16,2 cm<\/p>\n<\/div>\n<div>Manuelle Anweisungen&nbsp;<br \/>&nbsp;<br \/>\ud83d\udcccNatur des Protagonisten&nbsp;<br \/>&nbsp;<br \/>Die Einf\u00fchrung unserer stolzen Kollektion namens \u201eSummer Tea\u201c sollten Sie nicht verpassen.&nbsp;<br \/>&nbsp;<br \/>Das Set ist rund um den Sommer oder Outdoor-Aktivit\u00e4ten thematisiert. Der Name \u201eSummer Tea\u201c k\u00f6nnte auf ein Set hindeuten, das eine Teeparty-Szene zum Zusammenbauen mit Tischen, St\u00fchlen und Teezubeh\u00f6r enth\u00e4lt. Alternativ ist es m\u00f6glich, dass das Set andere sommerliche Elemente enth\u00e4lt, wie z. B. eine Strandszene, eine Poolparty oder eine Gartenparty.<\/div>","protected":false},"excerpt":{"rendered":"<p>Marke: ZHEGAO<br \/>\nGeschlecht: Unisex<br \/>\nAltersspanne: &gt; 6 Jahre alt<br \/>\nModellnummer: 00415<br \/>\nEinstufung: Assemblage<br \/>\nKunststoffblockform: Selbstsichernde Steine<br \/>\nMaterial: Kunststoff<br \/>\nKunststofftyp: ABS<br \/>\nZiegelsteine: 836 +<br \/>\nKeine Minifiguren<\/p>","protected":false},"featured_media":43965,"comment_status":"open","ping_status":"closed","template":"","meta":{"_acf_changed":false},"product_cat":[1365,371],"product_tag":[4572,11072,8452,11686,11132],"class_list":["product","first","instock","shipping-taxable","purchasable","product-type-simple"],"acf":[],"_links":{"self":[{"href":"https:\/\/mouldking.store\/de\/wp-json\/wp\/v2\/product\/43971","targetHints":{"allow":["GET"]}}],"collection":[{"href":"https:\/\/mouldking.store\/de\/wp-json\/wp\/v2\/product"}],"about":[{"href":"https:\/\/mouldking.store\/de\/wp-json\/wp\/v2\/types\/product"}],"replies":[{"embeddable":true,"href":"https:\/\/mouldking.store\/de\/wp-json\/wp\/v2\/comments?post=43971"}],"wp:featuredmedia":[{"embeddable":true,"href":"https:\/\/mouldking.store\/de\/wp-json\/wp\/v2\/media\/43965"}],"wp:attachment":[{"href":"https:\/\/mouldking.store\/de\/wp-json\/wp\/v2\/media?parent=43971"}],"wp:term":[{"taxonomy":"product_cat","embeddable":true,"href":"https:\/\/mouldking.store\/de\/wp-json\/wp\/v2\/product_cat?post=43971"},{"taxonomy":"product_tag","embeddable":true,"href":"https:\/\/mouldking.store\/de\/wp-json\/wp\/v2\/product_tag?post=43971"}],"curies":[{"name":"wp","href":"https:\/\/api.w.org\/{rel}","templated":true}]}}