{"id":43977,"date":"2023-04-05T10:04:22","date_gmt":"2023-04-05T03:04:22","guid":{"rendered":"https:\/\/mouldking.store\/shop\/pantasy-86309-the-little-prince-toys-with-1000-pieces\/"},"modified":"2023-04-05T10:04:22","modified_gmt":"2023-04-05T03:04:22","slug":"pantasy-86309-the-little-prince-toys-with-1000-pieces","status":"publish","type":"product","link":"https:\/\/mouldking.store\/de\/shop\/pantasy-86309-the-little-prince-toys-with-1000-pieces\/","title":{"rendered":"Pantasy 86309 Der kleine Prinz Spielzeug mit 1000 Teilen"},"content":{"rendered":"<div>\u2705 Pantasy 86309 Der kleine Prinz Spielzeug<br \/>&nbsp;<br \/>\u2705 \u201eDer kleine Prinz\u201c ist eine Novelle von Antoine de Saint-Exup\u00e9ry, die erstmals 1943 ver\u00f6ffentlicht wurde. Es ist ein ber\u00fchmtes und beliebtes Werk der Literatur, das in zahlreiche Sprachen \u00fcbersetzt und weltweit millionenfach verkauft wurde.<br \/>&nbsp;<br \/>\ud83d\udeab WICHTIG!&nbsp;<br \/>&nbsp;<br \/>Produktname: Der kleine Prinz Spielzeug<br \/>&nbsp;<br \/>Kategorie: Sch\u00f6pfer&nbsp;<br \/>&nbsp;<br \/>Dieses Kit enth\u00e4lt: Pantasy 86309<br \/>&nbsp;<br \/>1000 St\u00fcck Steine von guter Qualit\u00e4t&nbsp;<br \/>&nbsp;<br \/>Gr\u00f6\u00dfe: 12,6 \u00d7 8 \u00d7 17,8 cm<br \/>&nbsp;<br \/>Manuelle Anweisungen&nbsp;<br \/>&nbsp;<br \/>\ud83d\udcccNatur des Protagonisten&nbsp;<br \/>&nbsp;<br \/>Die Einf\u00fchrung unserer stolzen Kollektion namens \u201eThe Little Prince Toys\u201c sollten Sie nicht verpassen.&nbsp;<br \/>&nbsp;<br \/>Die Geschichte folgt einem kleinen Jungen, der als \u201eder kleine Prinz\u201c bezeichnet wird und von Planet zu Planet reist und dabei auf verschiedene Charaktere trifft. Auf seinen Reisen lernt der kleine Prinz wichtige Lektionen \u00fcber das Leben, die Liebe und Freundschaft. Die Geschichte wird oft als philosophische Allegorie interpretiert, wobei der kleine Prinz die Unschuld und den menschlichen Geist darstellt und seine Reise die Suche nach Sinn und Verst\u00e4ndnis im Leben symbolisiert. Das Buch untersucht Themen wie die Bedeutung der Vorstellungskraft, die Gefahren von Engstirnigkeit und Konformit\u00e4t sowie die Sch\u00f6nheit von Einfachheit und menschlicher Verbundenheit.<\/div>","protected":false},"excerpt":{"rendered":"<p>Marke: Pantasy<br \/>\nGeschlecht: Unisex<br \/>\nAltersspanne: &gt; 6 Jahre alt<br \/>\nModellnummer: 86309<br \/>\nEinstufung: Assemblage<br \/>\nKunststoffblockform: Selbstsichernde Steine<br \/>\nMaterial: Kunststoff<br \/>\nKunststofftyp: ABS<br \/>\nZiegelsteine: 1000 +<br \/>\nKeine Originalverpackung<\/p>","protected":false},"featured_media":43972,"comment_status":"open","ping_status":"closed","template":"","meta":{"_acf_changed":false},"product_cat":[1365,371],"product_tag":[11072,8452,11607],"class_list":["product","first","instock","shipping-taxable","purchasable","product-type-simple"],"acf":[],"_links":{"self":[{"href":"https:\/\/mouldking.store\/de\/wp-json\/wp\/v2\/product\/43977","targetHints":{"allow":["GET"]}}],"collection":[{"href":"https:\/\/mouldking.store\/de\/wp-json\/wp\/v2\/product"}],"about":[{"href":"https:\/\/mouldking.store\/de\/wp-json\/wp\/v2\/types\/product"}],"replies":[{"embeddable":true,"href":"https:\/\/mouldking.store\/de\/wp-json\/wp\/v2\/comments?post=43977"}],"wp:featuredmedia":[{"embeddable":true,"href":"https:\/\/mouldking.store\/de\/wp-json\/wp\/v2\/media\/43972"}],"wp:attachment":[{"href":"https:\/\/mouldking.store\/de\/wp-json\/wp\/v2\/media?parent=43977"}],"wp:term":[{"taxonomy":"product_cat","embeddable":true,"href":"https:\/\/mouldking.store\/de\/wp-json\/wp\/v2\/product_cat?post=43977"},{"taxonomy":"product_tag","embeddable":true,"href":"https:\/\/mouldking.store\/de\/wp-json\/wp\/v2\/product_tag?post=43977"}],"curies":[{"name":"wp","href":"https:\/\/api.w.org\/{rel}","templated":true}]}}