{"id":43983,"date":"2023-04-05T10:16:01","date_gmt":"2023-04-05T03:16:01","guid":{"rendered":"https:\/\/mouldking.store\/shop\/52toys-bb-42kr-kharon-with-500-pieces\/"},"modified":"2023-04-05T10:16:01","modified_gmt":"2023-04-05T03:16:01","slug":"52toys-bb-42kr-kharon-with-500-pieces","status":"publish","type":"product","link":"https:\/\/mouldking.store\/de\/shop\/52toys-bb-42kr-kharon-with-500-pieces\/","title":{"rendered":"52TOYS BB-42KR KHARON mit 500 St\u00fcck"},"content":{"rendered":"<div>\u2705 52TOYS BB-42KR KHARON<br \/>&nbsp;<br \/>\u2705The 52TOYS BeastBox BB-42KR KHARON is a collectible figure toy produced by the toy manufacturer 52TOYS. It is part of the company&#8217;s BeastBox line of toys, which are known for their transformable designs and animal-inspired motifs.<br \/>&nbsp;<br \/>\ud83d\udeab WICHTIG!&nbsp;<br \/>&nbsp;<br \/>Product Name: KHARON<br \/>&nbsp;<br \/>Kategorie: Sch\u00f6pfer&nbsp;<br \/>&nbsp;<br \/>This Kit Contains:&nbsp; 52TOYS BB-42KR&nbsp;<br \/>&nbsp;<br \/>500 St\u00fcck Steine von guter Qualit\u00e4t&nbsp;<br \/>&nbsp;<br \/>Size: 14.5 cm<br \/>&nbsp;<br \/>Manuelle Anweisungen&nbsp;<br \/>&nbsp;<br \/>\ud83d\udcccNatur des Protagonisten&nbsp;<br \/>&nbsp;<br \/>Introducing our proud collection named \u201cKHARON\u201d you should not miss.&nbsp;<\/p>\n<p>The BB-42KR KHARON is a highly detailed and poseable figure that can transform from a mechanical bull to a robot. It features a sleek, black and gold color scheme and intricate details, such as a sculpted skull on its chest plate. The figure is made from high-quality materials and features numerous points of articulation, allowing for a wide range of dynamic poses. It also comes with a variety of accessories, including a pair of swords and a display stand.&nbsp;<\/p><\/div>","protected":false},"excerpt":{"rendered":"<p>Marke: 52TOYS<br \/>\nGeschlecht: Unisex<br \/>\nAltersspanne: &gt; 6 Jahre alt<br \/>\nModel Number: BB-42KR<br \/>\nEinstufung: Assemblage<br \/>\nKunststoffblockform: Selbstsichernde Steine<br \/>\nMaterial: Kunststoff<br \/>\nKunststofftyp: ABS<br \/>\nZiegelsteine: 500 +<br \/>\nSt\u00fccke k\u00f6nnen sich \u00e4ndern<\/p>","protected":false},"featured_media":43978,"comment_status":"open","ping_status":"closed","template":"","meta":{"_acf_changed":false},"product_cat":[1365,371],"product_tag":[11072,8452,11687,590],"class_list":["product","first","instock","shipping-taxable","purchasable","product-type-simple"],"acf":[],"_links":{"self":[{"href":"https:\/\/mouldking.store\/de\/wp-json\/wp\/v2\/product\/43983","targetHints":{"allow":["GET"]}}],"collection":[{"href":"https:\/\/mouldking.store\/de\/wp-json\/wp\/v2\/product"}],"about":[{"href":"https:\/\/mouldking.store\/de\/wp-json\/wp\/v2\/types\/product"}],"replies":[{"embeddable":true,"href":"https:\/\/mouldking.store\/de\/wp-json\/wp\/v2\/comments?post=43983"}],"wp:featuredmedia":[{"embeddable":true,"href":"https:\/\/mouldking.store\/de\/wp-json\/wp\/v2\/media\/43978"}],"wp:attachment":[{"href":"https:\/\/mouldking.store\/de\/wp-json\/wp\/v2\/media?parent=43983"}],"wp:term":[{"taxonomy":"product_cat","embeddable":true,"href":"https:\/\/mouldking.store\/de\/wp-json\/wp\/v2\/product_cat?post=43983"},{"taxonomy":"product_tag","embeddable":true,"href":"https:\/\/mouldking.store\/de\/wp-json\/wp\/v2\/product_tag?post=43983"}],"curies":[{"name":"wp","href":"https:\/\/api.w.org\/{rel}","templated":true}]}}