{"id":43992,"date":"2023-04-05T10:34:36","date_gmt":"2023-04-05T03:34:36","guid":{"rendered":"https:\/\/mouldking.store\/shop\/reobrix-66031-magic-station-book-with-3060-pieces\/"},"modified":"2023-04-05T10:34:36","modified_gmt":"2023-04-05T03:34:36","slug":"reobrix-66031-magic-station-book-with-3060-pieces","status":"publish","type":"product","link":"https:\/\/mouldking.store\/de\/shop\/reobrix-66031-magic-station-book-with-3060-pieces\/","title":{"rendered":"REOBRIX 66031 Magic Station Buch mit 3060 Teilen"},"content":{"rendered":"<div>\u2705 Reobrix 66031 Magic Station Buch<br \/>&nbsp;<br \/>\u2705 \u201eThe Magic Station\u201c ist ein Bausteinset, das Teil der Harry-Potter-Merchandise-Serie ist. Das Set enth\u00e4lt 3060 Bausteinpartikel und soll 2023 erscheinen.<br \/>&nbsp;<br \/>\ud83d\udeab WICHTIG!&nbsp;<br \/>&nbsp;<br \/>Produktname: Magisches Stationsbuch<br \/>&nbsp;<br \/>Kategorie: Sch\u00f6pfer&nbsp;<br \/>&nbsp;<br \/>Dieses Kit enth\u00e4lt: Reobrix 66031<br \/>&nbsp;<br \/>3060 St\u00fcck Steine von guter Qualit\u00e4t&nbsp;<br \/>&nbsp;<br \/>Gr\u00f6\u00dfe: 64 \u00d7 15,5 \u00d7 29,5 cm<br \/>&nbsp;<br \/>Manuelle Anweisungen&nbsp;<br \/>&nbsp;<br \/>\ud83d\udcccNatur des Protagonisten&nbsp;<br \/>&nbsp;<br \/>Die Einf\u00fchrung unserer stolzen Kollektion mit dem Namen \u201eMagic Station Book\u201c sollten Sie nicht verpassen.&nbsp;<br \/>&nbsp;<br \/>Es wird eine Nachbildung eines magischen Ortes aus den B\u00fcchern oder Filmen sein, wie der Hogwarts-Schule f\u00fcr Hexerei und Zauberei oder der Winkelgasse. Bausteinsets werden oft verwendet, um detaillierte und komplizierte Modelle nachzubilden, daher ist es m\u00f6glich, dass das Set \u201eThe Magic Station\u201c den Fans die M\u00f6glichkeit bietet, ein hochdetailliertes Harry-Potter-Modell zu bauen und auszustellen.<\/div>","protected":false},"excerpt":{"rendered":"<p>Marke: REOBRIX<br \/>\nGeschlecht: Unisex<br \/>\nAltersspanne: &gt; 6 Jahre alt<br \/>\nModellnummer: 66031<br \/>\nEinstufung: Assemblage<br \/>\nKunststoffblockform: Selbstsichernde Steine<br \/>\nMaterial: Kunststoff<br \/>\nKunststofftyp: ABS<br \/>\nZiegelsteine: 3060 +<br \/>\nKeine Originalverpackung<\/p>","protected":false},"featured_media":43987,"comment_status":"open","ping_status":"closed","template":"","meta":{"_acf_changed":false},"product_cat":[1365,371],"product_tag":[1411,11072,8452,8858,2309],"class_list":["product","first","instock","shipping-taxable","purchasable","product-type-simple"],"acf":[],"_links":{"self":[{"href":"https:\/\/mouldking.store\/de\/wp-json\/wp\/v2\/product\/43992","targetHints":{"allow":["GET"]}}],"collection":[{"href":"https:\/\/mouldking.store\/de\/wp-json\/wp\/v2\/product"}],"about":[{"href":"https:\/\/mouldking.store\/de\/wp-json\/wp\/v2\/types\/product"}],"replies":[{"embeddable":true,"href":"https:\/\/mouldking.store\/de\/wp-json\/wp\/v2\/comments?post=43992"}],"wp:featuredmedia":[{"embeddable":true,"href":"https:\/\/mouldking.store\/de\/wp-json\/wp\/v2\/media\/43987"}],"wp:attachment":[{"href":"https:\/\/mouldking.store\/de\/wp-json\/wp\/v2\/media?parent=43992"}],"wp:term":[{"taxonomy":"product_cat","embeddable":true,"href":"https:\/\/mouldking.store\/de\/wp-json\/wp\/v2\/product_cat?post=43992"},{"taxonomy":"product_tag","embeddable":true,"href":"https:\/\/mouldking.store\/de\/wp-json\/wp\/v2\/product_tag?post=43992"}],"curies":[{"name":"wp","href":"https:\/\/api.w.org\/{rel}","templated":true}]}}