{"id":44012,"date":"2023-04-10T09:36:38","date_gmt":"2023-04-10T02:36:38","guid":{"rendered":"https:\/\/mouldking.store\/shop\/moc-factory-89422-yellow-eggy-with-87-pieces\/"},"modified":"2025-12-16T22:25:05","modified_gmt":"2025-12-16T15:25:05","slug":"moc-factory-89422-yellow-eggy-with-87-pieces","status":"publish","type":"product","link":"https:\/\/mouldking.store\/de\/shop\/moc-factory-89422-yellow-eggy-with-87-pieces\/","title":{"rendered":"MOC Factory 89422 Yellow Eggy mit 87 St\u00fcck"},"content":{"rendered":"<div>\u2705 MOC-89422 Gelbes Ei<\/p>\n<p>\u2705 Eggy ist eine gelbe, eif\u00f6rmige Figur mit gro\u00dfen Augen und einem Mund. Er hat kleine Stockarme und -beine und wird oft mit einem niedlichen und verspielten Ausdruck dargestellt. Eggy ist daf\u00fcr bekannt, ein alberner Charakter zu sein und ist oft in kom\u00f6diantische Sketche und Herausforderungen auf dem YouTube-Kanal von LankyBox involviert.<\/p>\n<p>\ud83d\udeab WICHTIG!<\/p>\n<p>Produktname: Gelbes Ei<\/p>\n<p>Kategorie: Film<\/p>\n<p>Dieses Kit enth\u00e4lt: C9389Y02<\/p>\n<p>87 St\u00fcck Steine von guter Qualit\u00e4t<\/p>\n<p>Gr\u00f6\u00dfe: 7,6 x 3,8 x 7 cm<\/p>\n<p>Gewicht: 0,04 kg<\/p>\n<p>PDF-Anleitung<\/p>\n<p>\ud83d\udcccNatur des Protagonisten<\/p>\n<p>Die Einf\u00fchrung unserer stolzen Kollektion namens \u201eYellow Eggy\u201c sollten Sie nicht verpassen.<\/p>\n<p>LankyBox ist ein Comedy-Kanal, der von Adam McArthur und Justin Kroma erstellt wurde, die Charaktere namens LankyBoxAdam und LankyBoxJustin spielen. Eggy ist eine wiederkehrende Figur auf dem Kanal und kommt oft in Sketchen und Herausforderungen vor. Eggy ist eine gelbe, eif\u00f6rmige Figur mit gro\u00dfen Augen und einem Mund und daf\u00fcr bekannt, s\u00fc\u00df und albern zu sein.<\/p><\/div>","protected":false},"excerpt":{"rendered":"<p>Marke: MOC-Fabrik<br \/>\nGeschlecht: Unisex<br \/>\nAltersspanne: &gt; 6 Jahre alt<br \/>\nModellnummer: 89422<br \/>\nEinstufung: Assemblage<br \/>\nKunststoffblockform: Selbstsichernde Steine<br \/>\nMaterial: Kunststoff<br \/>\nKunststofftyp: ABS<br \/>\nZiegelsteine: 87 +<br \/>\nKeine Originalverpackung<\/p>","protected":false},"featured_media":44005,"comment_status":"open","ping_status":"closed","template":"","meta":{"_acf_changed":false},"product_cat":[1365,371,581,1408],"product_tag":[11072,8452,11688,434],"class_list":["product","first","instock","shipping-taxable","purchasable","product-type-simple"],"acf":[],"_links":{"self":[{"href":"https:\/\/mouldking.store\/de\/wp-json\/wp\/v2\/product\/44012","targetHints":{"allow":["GET"]}}],"collection":[{"href":"https:\/\/mouldking.store\/de\/wp-json\/wp\/v2\/product"}],"about":[{"href":"https:\/\/mouldking.store\/de\/wp-json\/wp\/v2\/types\/product"}],"replies":[{"embeddable":true,"href":"https:\/\/mouldking.store\/de\/wp-json\/wp\/v2\/comments?post=44012"}],"wp:featuredmedia":[{"embeddable":true,"href":"https:\/\/mouldking.store\/de\/wp-json\/wp\/v2\/media\/44005"}],"wp:attachment":[{"href":"https:\/\/mouldking.store\/de\/wp-json\/wp\/v2\/media?parent=44012"}],"wp:term":[{"taxonomy":"product_cat","embeddable":true,"href":"https:\/\/mouldking.store\/de\/wp-json\/wp\/v2\/product_cat?post=44012"},{"taxonomy":"product_tag","embeddable":true,"href":"https:\/\/mouldking.store\/de\/wp-json\/wp\/v2\/product_tag?post=44012"}],"curies":[{"name":"wp","href":"https:\/\/api.w.org\/{rel}","templated":true}]}}