{"id":44063,"date":"2023-04-10T10:16:36","date_gmt":"2023-04-10T03:16:36","guid":{"rendered":"https:\/\/mouldking.store\/shop\/moc-factory-89419-suzumes-chair-sota-munakata-with-119-pieces\/"},"modified":"2025-12-16T22:25:05","modified_gmt":"2025-12-16T15:25:05","slug":"moc-factory-89419-suzumes-chair-sota-munakata-with-119-pieces","status":"publish","type":"product","link":"https:\/\/mouldking.store\/de\/shop\/moc-factory-89419-suzumes-chair-sota-munakata-with-119-pieces\/","title":{"rendered":"MOC Factory 89419 Suzumes Stuhl Sota Munakata mit 119 Teilen"},"content":{"rendered":"<div>\u2705 MOC-89419 Suzumes Stuhl Sota Munakata<\/p>\n<p>\u2705 \u201eSuzume\u201c ist eine Figur in dem von CoMix Wave Films produzierten japanischen animierten Fantasy-Abenteuerfilm aus dem Jahr 2022 mit dem Titel \u201eSuzume no Gakko no Cinderella\u201c (Suzumes Schule f\u00fcr Cinderellas) in Japan und \u201eBelle\u201c auf internationalen M\u00e4rkten. Die Figur Suzume ist die Protagonistin des Films und wird von der Schauspielerin und S\u00e4ngerin Kaho Nakamura ge\u00e4u\u00dfert.<\/p>\n<p>\ud83d\udeab WICHTIG!<\/p>\n<p>Produktname: Suzumes Stuhl Sota Munakata<\/p>\n<p>Kategorie: Sch\u00f6pfer<\/p>\n<p>Dieses Kit enth\u00e4lt: C9417<\/p>\n<p>119 St\u00fcck Steine von guter Qualit\u00e4t<\/p>\n<p>Gr\u00f6\u00dfe: 9,7 x 8,5 x 14,1 cm<\/p>\n<p>Gewicht: 0,14 kg<\/p>\n<p>PDF-Anleitung<\/p>\n<p>\ud83d\udcccNatur des Protagonisten<\/p>\n<p>Die Einf\u00fchrung unserer stolzen Kollektion mit dem Namen \u201eSuzume&#039;s Chair Sota Munakata\u201c sollten Sie nicht verpassen.<\/p>\n<p>Der Film erz\u00e4hlt die Geschichte eines jungen M\u00e4dchens namens Suzume, das in einer l\u00e4ndlichen Stadt in Japan lebt und davon tr\u00e4umt, S\u00e4ngerin zu werden. Sie erh\u00e4lt die Gelegenheit, an einem Virtual-Reality-Musikwettbewerb teilzunehmen, bei dem sie einen digitalen Avatar namens \u201eBelle\u201c erstellt, der zu einer weltweiten Sensation wird. W\u00e4hrend Belles Popularit\u00e4t w\u00e4chst, muss Suzume die Herausforderungen des Ruhms und ihrer eigenen Identit\u00e4t meistern. Der Film wurde f\u00fcr seine Animation, Musik und Themen der Selbstfindung und Erm\u00e4chtigung gelobt. Es wurde vom gefeierten Filmemacher Mamoru Hosoda inszeniert und im Juli 2021 in Japan ver\u00f6ffentlicht, mit einer internationalen Ver\u00f6ffentlichung Anfang 2022.<\/p><\/div>","protected":false},"excerpt":{"rendered":"<p>Marke: MOC-Fabrik<br \/>\nGeschlecht: Unisex<br \/>\nAltersspanne: &gt; 6 Jahre alt<br \/>\nModellnummer: 89419<br \/>\nEinstufung: Assemblage<br \/>\nKunststoffblockform: Selbstsichernde Steine<br \/>\nMaterial: Kunststoff<br \/>\nKunststofftyp: ABS<br \/>\nZiegelsteine: 119 +<br \/>\nKeine Originalverpackung<\/p>","protected":false},"featured_media":44053,"comment_status":"open","ping_status":"closed","template":"","meta":{"_acf_changed":false},"product_cat":[1365,371],"product_tag":[11113,11072,8452,11694,11693,11692],"class_list":["product","first","instock","shipping-taxable","purchasable","product-type-simple"],"acf":[],"_links":{"self":[{"href":"https:\/\/mouldking.store\/de\/wp-json\/wp\/v2\/product\/44063","targetHints":{"allow":["GET"]}}],"collection":[{"href":"https:\/\/mouldking.store\/de\/wp-json\/wp\/v2\/product"}],"about":[{"href":"https:\/\/mouldking.store\/de\/wp-json\/wp\/v2\/types\/product"}],"replies":[{"embeddable":true,"href":"https:\/\/mouldking.store\/de\/wp-json\/wp\/v2\/comments?post=44063"}],"wp:featuredmedia":[{"embeddable":true,"href":"https:\/\/mouldking.store\/de\/wp-json\/wp\/v2\/media\/44053"}],"wp:attachment":[{"href":"https:\/\/mouldking.store\/de\/wp-json\/wp\/v2\/media?parent=44063"}],"wp:term":[{"taxonomy":"product_cat","embeddable":true,"href":"https:\/\/mouldking.store\/de\/wp-json\/wp\/v2\/product_cat?post=44063"},{"taxonomy":"product_tag","embeddable":true,"href":"https:\/\/mouldking.store\/de\/wp-json\/wp\/v2\/product_tag?post=44063"}],"curies":[{"name":"wp","href":"https:\/\/api.w.org\/{rel}","templated":true}]}}