{"id":44076,"date":"2023-04-10T10:29:48","date_gmt":"2023-04-10T03:29:48","guid":{"rendered":"https:\/\/mouldking.store\/shop\/moc-factory-98283-rick-and-morty-smith-residence-with-1848-pieces\/"},"modified":"2025-12-16T22:25:05","modified_gmt":"2025-12-16T15:25:05","slug":"moc-factory-98283-rick-and-morty-smith-residence-with-1848-pieces","status":"publish","type":"product","link":"https:\/\/mouldking.store\/de\/shop\/moc-factory-98283-rick-and-morty-smith-residence-with-1848-pieces\/","title":{"rendered":"MOC Factory 98283 Rick und Morty Smith Residenz mit 1848 Teilen"},"content":{"rendered":"<div>\u2705 MOC-98283 Wohnhaus von Rick und Morty Smith<\/p>\n<p>\u2705The Smith Residence ist die Heimat der Hauptfiguren der animierten Fernsehserie \u201eRick and Morty\u201c. Es ist die Residenz der Familie Smith, darunter Jerry, Beth, Summer und Morty. Das Haus befindet sich in der fiktiven Stadt \u201eMorty&#039;s Mind Blowers\u201c und dient als Hauptschauplatz f\u00fcr viele Episoden der Serie.<\/p>\n<p>\ud83d\udeab WICHTIG!<\/p>\n<p>Produktname: Wohnhaus von Rick und Morty Smith<\/p>\n<p>Kategorie: Modulares Bauen<\/p>\n<p>Dieses Kit enth\u00e4lt: C9342<\/p>\n<p>1848 St\u00fcck Ziegel von guter Qualit\u00e4t<\/p>\n<p>Gr\u00f6\u00dfe: 38,4 x 35 x 18 cm<\/p>\n<p>Gewicht: 2,23 kg<\/p>\n<p>PDF-Anleitung<\/p>\n<p>\ud83d\udcccNatur des Protagonisten<\/p>\n<p>Die Einf\u00fchrung unserer stolzen Kollektion mit dem Namen \u201eRick and Morty Smith Residence\u201c sollten Sie sich nicht entgehen lassen.<\/p>\n<p>Die Smith Residence wird als typisches Vorstadthaus mit mehreren Ebenen, einer Garage und einem Hinterhof dargestellt. In der Garage bewahrt Rick, ein brillanter, aber oft leichtsinniger Wissenschaftler, sein Raumschiff und verschiedene wissenschaftliche Erfindungen auf. Der Hinterhof ist auch Schauplatz vieler von Ricks Experimenten und Abenteuern, oft mit au\u00dferirdischen Kreaturen oder jenseitiger Technologie. W\u00e4hrend der gesamten Serie wird die Smith Residence aufgrund von Ricks Experimenten und Pannen verschiedenen \u00c4nderungen und Renovierungen unterzogen. Trotz des Chaos, das oft innerhalb seiner Mauern herrscht, dient die Smith Residence als Ort des Trostes und der Zuflucht f\u00fcr die Familie Smith und ist ein wesentlicher Bestandteil der Kulisse und Atmosph\u00e4re der Show.<\/p><\/div>","protected":false},"excerpt":{"rendered":"<p>Marke: MOC-Fabrik<br \/>\nGeschlecht: Unisex<br \/>\nAltersspanne: &gt; 6 Jahre alt<br \/>\nModellnummer: 98283<br \/>\nEinstufung: Assemblage<br \/>\nKunststoffblockform: Selbstsichernde Steine<br \/>\nMaterial: Kunststoff<br \/>\nKunststofftyp: ABS<br \/>\nZiegelsteine: 1848 +<br \/>\nKeine Originalverpackung<\/p>","protected":false},"featured_media":44072,"comment_status":"open","ping_status":"closed","template":"","meta":{"_acf_changed":false},"product_cat":[1365,1395,390,581,1408],"product_tag":[8452,392,434,11696,11695],"class_list":["product","first","instock","shipping-taxable","purchasable","product-type-simple"],"acf":[],"_links":{"self":[{"href":"https:\/\/mouldking.store\/de\/wp-json\/wp\/v2\/product\/44076","targetHints":{"allow":["GET"]}}],"collection":[{"href":"https:\/\/mouldking.store\/de\/wp-json\/wp\/v2\/product"}],"about":[{"href":"https:\/\/mouldking.store\/de\/wp-json\/wp\/v2\/types\/product"}],"replies":[{"embeddable":true,"href":"https:\/\/mouldking.store\/de\/wp-json\/wp\/v2\/comments?post=44076"}],"wp:featuredmedia":[{"embeddable":true,"href":"https:\/\/mouldking.store\/de\/wp-json\/wp\/v2\/media\/44072"}],"wp:attachment":[{"href":"https:\/\/mouldking.store\/de\/wp-json\/wp\/v2\/media?parent=44076"}],"wp:term":[{"taxonomy":"product_cat","embeddable":true,"href":"https:\/\/mouldking.store\/de\/wp-json\/wp\/v2\/product_cat?post=44076"},{"taxonomy":"product_tag","embeddable":true,"href":"https:\/\/mouldking.store\/de\/wp-json\/wp\/v2\/product_tag?post=44076"}],"curies":[{"name":"wp","href":"https:\/\/api.w.org\/{rel}","templated":true}]}}