{"id":44100,"date":"2023-04-10T11:00:47","date_gmt":"2023-04-10T04:00:47","guid":{"rendered":"https:\/\/mouldking.store\/shop\/custom-89996-rx78-2-with-10000-pieces\/"},"modified":"2023-04-10T11:00:47","modified_gmt":"2023-04-10T04:00:47","slug":"custom-89996-rx78-2-with-10000-pieces","status":"publish","type":"product","link":"https:\/\/mouldking.store\/de\/shop\/custom-89996-rx78-2-with-10000-pieces\/","title":{"rendered":"Custom 89996 RX78-2 mit 10000 St\u00fcck"},"content":{"rendered":"<div>\u2705 Benutzerdefiniert 89996 RX78-2<\/p>\n<p>\u2705RX-78-2 ist ein fiktiver mobiler Anzug aus der Anime- und Manga-Serie \u201eMobile Suit Gundam\u201c. Der RX-78-2 ist der prim\u00e4re mobile Anzug, der vom Protagonisten der Serie, Amuro Ray, verwendet wird, und gilt als eines der kultigsten Mecha-Designs in der Geschichte des Anime.<br \/>&nbsp;<br \/>\ud83d\udeab WICHTIG!&nbsp;<br \/>&nbsp;<br \/>Produktname: RX78-2<br \/>&nbsp;<br \/>Kategorie: Sch\u00f6pfer&nbsp;<br \/>&nbsp;<br \/>Dieses Kit enth\u00e4lt: Benutzerdefiniert 89996<br \/>&nbsp;<br \/>10000 St\u00fcck Ziegel von guter Qualit\u00e4t&nbsp;<br \/>&nbsp;<br \/>Gr\u00f6\u00dfe: 55 x 100 cm<br \/>&nbsp;<br \/>Manuelle Anweisungen&nbsp;<br \/>&nbsp;<br \/>\ud83d\udcccNatur des Protagonisten&nbsp;<br \/>&nbsp;<br \/>Die Einf\u00fchrung unserer stolzen Kollektion mit dem Namen \u201eRX78-2\u201c sollten Sie nicht verpassen.&nbsp;<br \/>&nbsp;<br \/>Der RX-78-2 wurde von der Erdf\u00f6deration w\u00e4hrend des Einj\u00e4hrigen Krieges, einem Konflikt zwischen der Erdf\u00f6deration und dem F\u00fcrstentum Zeon, als Prototyp eines mobilen Anzugs entwickelt. Der RX-78-2 wurde als vielseitiger und leistungsstarker mobiler Anzug entwickelt, der sich an eine Vielzahl von Kampfsituationen anpassen kann. Der RX-78-2 ist mit einer Vielzahl von Waffen bewaffnet, darunter Balkens\u00e4bel, ein Balkengewehr und ein Schild. Es verf\u00fcgt auch \u00fcber eine Reihe fortschrittlicher Systeme und Technologien, wie einen leistungsstarken Reaktor, einen Minovsky-Teilchengenerator und ein ausgekl\u00fcgeltes Ziel- und Sensorsystem.<\/div>","protected":false},"excerpt":{"rendered":"<p>Marke: Benutzerdefiniert<br \/>\nGeschlecht: Unisex<br \/>\nAltersspanne: &gt; 6 Jahre alt<br \/>\nModellnummer: 89996<br \/>\nEinstufung: Assemblage<br \/>\nKunststoffblockform: Selbstsichernde Steine<br \/>\nMaterial: Kunststoff<br \/>\nKunststofftyp: ABS<br \/>\nZiegelsteine: 10000 +<br \/>\nKeine Originalverpackung<\/p>","protected":false},"featured_media":44097,"comment_status":"open","ping_status":"closed","template":"","meta":{"_acf_changed":false},"product_cat":[1365,371],"product_tag":[11072,8452,590,11700],"class_list":["product","first","instock","shipping-taxable","purchasable","product-type-simple"],"acf":[],"_links":{"self":[{"href":"https:\/\/mouldking.store\/de\/wp-json\/wp\/v2\/product\/44100","targetHints":{"allow":["GET"]}}],"collection":[{"href":"https:\/\/mouldking.store\/de\/wp-json\/wp\/v2\/product"}],"about":[{"href":"https:\/\/mouldking.store\/de\/wp-json\/wp\/v2\/types\/product"}],"replies":[{"embeddable":true,"href":"https:\/\/mouldking.store\/de\/wp-json\/wp\/v2\/comments?post=44100"}],"wp:featuredmedia":[{"embeddable":true,"href":"https:\/\/mouldking.store\/de\/wp-json\/wp\/v2\/media\/44097"}],"wp:attachment":[{"href":"https:\/\/mouldking.store\/de\/wp-json\/wp\/v2\/media?parent=44100"}],"wp:term":[{"taxonomy":"product_cat","embeddable":true,"href":"https:\/\/mouldking.store\/de\/wp-json\/wp\/v2\/product_cat?post=44100"},{"taxonomy":"product_tag","embeddable":true,"href":"https:\/\/mouldking.store\/de\/wp-json\/wp\/v2\/product_tag?post=44100"}],"curies":[{"name":"wp","href":"https:\/\/api.w.org\/{rel}","templated":true}]}}