{"id":44105,"date":"2023-04-10T11:08:59","date_gmt":"2023-04-10T04:08:59","guid":{"rendered":"https:\/\/mouldking.store\/shop\/mj-13018-black-magic-castle-book-with-969-pieces\/"},"modified":"2023-04-10T11:08:59","modified_gmt":"2023-04-10T04:08:59","slug":"mj-13018-black-magic-castle-book-with-969-pieces","status":"publish","type":"product","link":"https:\/\/mouldking.store\/de\/shop\/mj-13018-black-magic-castle-book-with-969-pieces\/","title":{"rendered":"MJ 13018 Black Magic Castle Buch mit 969 Teilen"},"content":{"rendered":"<div>\u2705 MJI 13018 Black Magic Castle Buch<br \/>&nbsp;<br \/>\u2705Barad-d\u00fbr ist ein fiktiver Turm in JRR Tolkiens Mittelerde-Universum und erscheint in seinem Roman \u201eDer Herr der Ringe\u201c. Es war die Festung des Dunklen Lords Sauron und befand sich im Land Mordor.<br \/>&nbsp;<br \/>\ud83d\udeab WICHTIG!&nbsp;<br \/>&nbsp;<br \/>Produktname: Black Magic Castle Book<br \/>&nbsp;<br \/>Kategorie: Film<\/p>\n<p>Dieses Kit enth\u00e4lt: MJI 13018&nbsp;<br \/>&nbsp;<br \/>969 St\u00fcck Steine von guter Qualit\u00e4t&nbsp;<br \/>&nbsp;<br \/>Manuelle Anweisungen&nbsp;<br \/>&nbsp;<br \/>\ud83d\udcccNatur des Protagonisten&nbsp;<br \/>&nbsp;<br \/>Die Einf\u00fchrung unserer stolzen Sammlung mit dem Namen \u201eBlack Magic Castle Book\u201c sollten Sie nicht verpassen.&nbsp;<br \/>&nbsp;<br \/>Barad-d\u00fbr wurde von Sauron w\u00e4hrend des Zweiten Zeitalters erbaut und am Ende des Zweiten Zeitalters zun\u00e4chst von der Letzten Allianz aus Elben und Menschen zerst\u00f6rt, angef\u00fchrt von Gil-galad und Elendil. Sauron baute den Turm jedoch w\u00e4hrend des Dritten Zeitalters wieder auf und nutzte ihn als Operationsbasis bei seinen Bem\u00fchungen, Mittelerde zu erobern. Der Turm wurde als unglaublich hoch und imposant beschrieben, mit W\u00e4nden, die f\u00fcr konventionelle Waffen undurchdringlich waren. Barad-d\u00fbr wurde am Ende des Ringkrieges endg\u00fcltig zerst\u00f6rt, als Frodo Beutlin den Einen Ring in den Feuern des Schicksalsberges zerst\u00f6rte, wodurch Saurons Macht zerst\u00f6rt wurde und der Turm einst\u00fcrzte.<\/div>","protected":false},"excerpt":{"rendered":"<p>Marke: MJ<br \/>\nGeschlecht: Unisex<br \/>\nAltersspanne: &gt; 13 Jahre alt<br \/>\nModellnummer: 13018<br \/>\nEinstufung: Assemblage<br \/>\nKunststoffblockform: Selbstsichernde Steine<br \/>\nMaterial: Kunststoff<br \/>\nKunststofftyp: ABS<br \/>\nZiegelsteine: 969 +<br \/>\nKeine Originalverpackung<\/p>","protected":false},"featured_media":44101,"comment_status":"open","ping_status":"closed","template":"","meta":{"_acf_changed":false},"product_cat":[1365,1395,390,581,1408],"product_tag":[787,8452,8858,392,434],"class_list":["product","first","instock","shipping-taxable","purchasable","product-type-simple"],"acf":[],"_links":{"self":[{"href":"https:\/\/mouldking.store\/de\/wp-json\/wp\/v2\/product\/44105","targetHints":{"allow":["GET"]}}],"collection":[{"href":"https:\/\/mouldking.store\/de\/wp-json\/wp\/v2\/product"}],"about":[{"href":"https:\/\/mouldking.store\/de\/wp-json\/wp\/v2\/types\/product"}],"replies":[{"embeddable":true,"href":"https:\/\/mouldking.store\/de\/wp-json\/wp\/v2\/comments?post=44105"}],"wp:featuredmedia":[{"embeddable":true,"href":"https:\/\/mouldking.store\/de\/wp-json\/wp\/v2\/media\/44101"}],"wp:attachment":[{"href":"https:\/\/mouldking.store\/de\/wp-json\/wp\/v2\/media?parent=44105"}],"wp:term":[{"taxonomy":"product_cat","embeddable":true,"href":"https:\/\/mouldking.store\/de\/wp-json\/wp\/v2\/product_cat?post=44105"},{"taxonomy":"product_tag","embeddable":true,"href":"https:\/\/mouldking.store\/de\/wp-json\/wp\/v2\/product_tag?post=44105"}],"curies":[{"name":"wp","href":"https:\/\/api.w.org\/{rel}","templated":true}]}}