{"id":44111,"date":"2023-04-10T11:15:39","date_gmt":"2023-04-10T04:15:39","guid":{"rendered":"https:\/\/mouldking.store\/shop\/panlosbrick-672104-yamaha-r1-motorcycle-with-2347-pieces\/"},"modified":"2023-04-10T11:15:39","modified_gmt":"2023-04-10T04:15:39","slug":"panlosbrick-672104-yamaha-r1-motorcycle-with-2347-pieces","status":"publish","type":"product","link":"https:\/\/mouldking.store\/de\/shop\/panlosbrick-672104-yamaha-r1-motorcycle-with-2347-pieces\/","title":{"rendered":"PANLOSBRICK 672104 YAMAHA R1 Motorrad mit 2347 Teilen"},"content":{"rendered":"<div>\u2705 PANLOS 672104 YAMAHA R1 Motorrad<br \/>&nbsp;<br \/>\u2705Die Yamaha YZF-R1 ist ein Sportmotorrad der Yamaha Motor Company. Es wurde erstmals 1998 eingef\u00fchrt und hat seitdem mehrere Aktualisierungen und \u00dcberarbeitungen durchlaufen.<br \/>&nbsp;<br \/>\ud83d\udeab WICHTIG!&nbsp;<br \/>&nbsp;<br \/>Produktname: YAMAHA R1 Motorrad<br \/>&nbsp;<br \/>Kategorie: Technik<br \/>&nbsp;<br \/>Dieses Kit enth\u00e4lt: PANLOS 672104<br \/>&nbsp;<br \/>2347 St\u00fcck Ziegel von guter Qualit\u00e4t&nbsp;<br \/>&nbsp;<br \/>Gr\u00f6\u00dfe: 49 \u00d7 18 \u00d7 32 cm<br \/>&nbsp;<br \/>Manuelle Anweisungen&nbsp;<br \/>&nbsp;<br \/>\ud83d\udcccNatur des Protagonisten&nbsp;<br \/>&nbsp;<br \/>Die Einf\u00fchrung unserer stolzen Kollektion namens \u201eYAMAHA R1 Motorcycle\u201c sollten Sie sich nicht entgehen lassen.&nbsp;<br \/>&nbsp;<br \/>Die R1 ist als Hochleistungsmotorrad mit Fokus auf Streckenleistung konzipiert, kann aber auch auf der Stra\u00dfe gefahren werden. Angetrieben wird er von einem fl\u00fcssigkeitsgek\u00fchlten Vierzylindermotor mit 998 Kubikzentimeter Hubraum, der rund 200 PS an der Kurbelwelle abgibt. Der R1 verf\u00fcgt \u00fcber eine Reihe fortschrittlicher Technologien und Funktionen, darunter eine Rutschkupplung, eine Schnellschaltung, Traktionskontrolle und ABS. Es hat einen leichten Aluminiumrahmen und eine Schwinge, und seine Federung ist f\u00fcr optimale Leistung vollst\u00e4ndig einstellbar. Der R1 ist auch f\u00fcr sein unverwechselbares Design bekannt, das sich im Laufe der Jahre zu einem kantigeren und aggressiveren Design entwickelt hat.<\/div>","protected":false},"excerpt":{"rendered":"<p>Marke: PANLOSBRICK<br \/>\nGeschlecht: Unisex<br \/>\nAltersspanne: &gt; 6 Jahre alt<br \/>\nModellnummer: 672104<br \/>\nEinstufung: Assemblage<br \/>\nKunststoffblockform: Selbstsichernde Steine<br \/>\nMaterial: Kunststoff<br \/>\nKunststofftyp: ABS<br \/>\nZiegelsteine: 2347 +<br \/>\nKeine Originalverpackung<\/p>","protected":false},"featured_media":44106,"comment_status":"open","ping_status":"closed","template":"","meta":{"_acf_changed":false},"product_cat":[1357,364],"product_tag":[2449,389,11080,7864],"class_list":["product","first","instock","shipping-taxable","purchasable","product-type-simple"],"acf":[],"_links":{"self":[{"href":"https:\/\/mouldking.store\/de\/wp-json\/wp\/v2\/product\/44111","targetHints":{"allow":["GET"]}}],"collection":[{"href":"https:\/\/mouldking.store\/de\/wp-json\/wp\/v2\/product"}],"about":[{"href":"https:\/\/mouldking.store\/de\/wp-json\/wp\/v2\/types\/product"}],"replies":[{"embeddable":true,"href":"https:\/\/mouldking.store\/de\/wp-json\/wp\/v2\/comments?post=44111"}],"wp:featuredmedia":[{"embeddable":true,"href":"https:\/\/mouldking.store\/de\/wp-json\/wp\/v2\/media\/44106"}],"wp:attachment":[{"href":"https:\/\/mouldking.store\/de\/wp-json\/wp\/v2\/media?parent=44111"}],"wp:term":[{"taxonomy":"product_cat","embeddable":true,"href":"https:\/\/mouldking.store\/de\/wp-json\/wp\/v2\/product_cat?post=44111"},{"taxonomy":"product_tag","embeddable":true,"href":"https:\/\/mouldking.store\/de\/wp-json\/wp\/v2\/product_tag?post=44111"}],"curies":[{"name":"wp","href":"https:\/\/api.w.org\/{rel}","templated":true}]}}