{"id":44118,"date":"2023-04-10T11:27:15","date_gmt":"2023-04-10T04:27:15","guid":{"rendered":"https:\/\/mouldking.store\/shop\/rastar-93510-maserati-mc20-nettuno-with-3400-pieces\/"},"modified":"2023-04-10T11:27:15","modified_gmt":"2023-04-10T04:27:15","slug":"rastar-93510-maserati-mc20-nettuno-with-3400-pieces","status":"publish","type":"product","link":"https:\/\/mouldking.store\/de\/shop\/rastar-93510-maserati-mc20-nettuno-with-3400-pieces\/","title":{"rendered":"Rastar 93510 Maserati MC20 Nettuno mit 3400 St\u00fcck"},"content":{"rendered":"<div>\u2705 RASTAR 93510 Maserati MC20 Nettuno<br \/>&nbsp;<br \/>\u2705The Maserati MC20 Nettuno is a high-performance sports car produced by the Italian luxury car manufacturer Maserati. It was introduced in September 2020 as the company&#8217;s first new supercar in more than a decade.<br \/>&nbsp;<br \/>\ud83d\udeab WICHTIG!&nbsp;<br \/>&nbsp;<br \/>Product Name: Maserati MC20 Nettuno&nbsp;<br \/>&nbsp;<br \/>Kategorie: Technik<br \/>&nbsp;<br \/>This Kit Contains: RASTAR 93510 static version<br \/>&nbsp;<br \/>3400 St\u00fcck Ziegel von guter Qualit\u00e4t&nbsp;<br \/>&nbsp;<br \/>Gr\u00f6\u00dfe: 58,5 \u00d7 28,1 \u00d7 15,4 cm<br \/>&nbsp;<br \/>Manuelle Anweisungen&nbsp;<br \/>&nbsp;<br \/>\ud83d\udcccNatur des Protagonisten&nbsp;<br \/>&nbsp;<br \/>Introducing our proud collection named \u201cMaserati MC20 Nettuno\u201d you should not miss.&nbsp;<br \/>&nbsp;<br \/>The MC20 Nettuno is powered by an advanced twin-turbocharged V6 engine that was designed and built entirely in-house by Maserati. The engine, which is called the Nettuno, has a displacement of 3.0 liters and produces 621 horsepower and 538 lb-ft of torque. It is mated to an eight-speed dual-clutch transmission and rear-wheel drive. The car can go from 0 to 60 mph in under three seconds and has a top speed of over 200 mph. The MC20 Nettuno features a lightweight carbon fiber monocoque chassis and bodywork, which helps to keep its weight down to around 3,300 pounds. It also has advanced aerodynamics, including a rear spoiler that automatically adjusts to provide optimal downforce at high speeds. The car has a sleek, modern design with sharp angles and aggressive styling.<\/div>","protected":false},"excerpt":{"rendered":"<p>Marke: Rastar<br \/>\nGeschlecht: Unisex<br \/>\nAltersspanne: &gt; 6 Jahre alt<br \/>\nModel Number: 93510<br \/>\nEinstufung: Assemblage<br \/>\nKunststoffblockform: Selbstsichernde Steine<br \/>\nMaterial: Kunststoff<br \/>\nKunststofftyp: ABS<br \/>\nZiegelsteine: 3400 +<br \/>\nKeine Originalverpackung<\/p>","protected":false},"featured_media":44112,"comment_status":"open","ping_status":"closed","template":"","meta":{"_acf_changed":false},"product_cat":[1360,1357,364],"product_tag":[457,11612,11613,11614,11150,389,11080],"class_list":["product","first","instock","shipping-taxable","purchasable","product-type-simple"],"acf":[],"_links":{"self":[{"href":"https:\/\/mouldking.store\/de\/wp-json\/wp\/v2\/product\/44118","targetHints":{"allow":["GET"]}}],"collection":[{"href":"https:\/\/mouldking.store\/de\/wp-json\/wp\/v2\/product"}],"about":[{"href":"https:\/\/mouldking.store\/de\/wp-json\/wp\/v2\/types\/product"}],"replies":[{"embeddable":true,"href":"https:\/\/mouldking.store\/de\/wp-json\/wp\/v2\/comments?post=44118"}],"wp:featuredmedia":[{"embeddable":true,"href":"https:\/\/mouldking.store\/de\/wp-json\/wp\/v2\/media\/44112"}],"wp:attachment":[{"href":"https:\/\/mouldking.store\/de\/wp-json\/wp\/v2\/media?parent=44118"}],"wp:term":[{"taxonomy":"product_cat","embeddable":true,"href":"https:\/\/mouldking.store\/de\/wp-json\/wp\/v2\/product_cat?post=44118"},{"taxonomy":"product_tag","embeddable":true,"href":"https:\/\/mouldking.store\/de\/wp-json\/wp\/v2\/product_tag?post=44118"}],"curies":[{"name":"wp","href":"https:\/\/api.w.org\/{rel}","templated":true}]}}