{"id":44123,"date":"2023-04-10T11:36:55","date_gmt":"2023-04-10T04:36:55","guid":{"rendered":"https:\/\/mouldking.store\/shop\/moc-factory-41221-oshkosh-m911-red-version-het-with-1815-pieces\/"},"modified":"2025-12-16T22:25:04","modified_gmt":"2025-12-16T15:25:04","slug":"moc-factory-41221-oshkosh-m911-red-version-het-with-1815-pieces","status":"publish","type":"product","link":"https:\/\/mouldking.store\/de\/shop\/moc-factory-41221-oshkosh-m911-red-version-het-with-1815-pieces\/","title":{"rendered":"MOC Factory 41221 Oshkosh M911 Rote Version HET mit 1815 St\u00fcck"},"content":{"rendered":"<div>\u2705 MOC-41221 Oshkosh M911 Rote Version HET<\/p>\n<p>\u2705Der Oshkosh M911 ist ein Schwerlast-Milit\u00e4rlastwagen, der von der Oshkosh Corporation f\u00fcr die Streitkr\u00e4fte der Vereinigten Staaten hergestellt wurde. Er war als Heavy Equipment Transporter (HET) konzipiert und diente dem Transport von Panzern, gepanzerten Fahrzeugen und anderem schweren Ger\u00e4t.<\/p>\n<p>\ud83d\udeab WICHTIG!<\/p>\n<p>Produktname: Oshkosh M911 Rote Version HET<\/p>\n<p>Kategorie: Technik<\/p>\n<p>Dieses Kit enth\u00e4lt: MOC-41221<\/p>\n<p>1815 St\u00fcck Ziegel von guter Qualit\u00e4t<\/p>\n<p>PDF-Anleitung<\/p>\n<p>\ud83d\udcccNatur des Protagonisten<\/p>\n<p>Die Einf\u00fchrung unserer stolzen Kollektion mit dem Namen \u201eOshkosh M911 Red Version HET\u201c sollten Sie nicht verpassen.<\/p>\n<p>Der M911 wurde in den 1970er Jahren eingef\u00fchrt und sp\u00e4ter mit einem st\u00e4rkeren Motor und anderen Verbesserungen aufger\u00fcstet, um den M911A1 zu schaffen. Es wurde dann mit einer \u201eroten Version\u201c weiter aufger\u00fcstet, die einen 740 PS starken Detroit Diesel 8V92TA-Motor und einige andere kleinere Verbesserungen enthielt. Die M911 Red Version HET hatte ein zul\u00e4ssiges Gesamtgewicht (GVWR) von 120.000 Pfund und konnte bis zu 70 Tonnen ziehen. Es hatte eine leistungsstarke Winde und eine hydraulische Laderampe, um das Be- und Entladen von schwerem Ger\u00e4t zu erleichtern. Der Lastwagen wurde oft in Kombination mit einem Spezialanh\u00e4nger verwendet, der als M747 Heavy Equipment Trailer bekannt ist.<\/p><\/div>","protected":false},"excerpt":{"rendered":"<p>Marke: MOC-Fabrik<br \/>\nGeschlecht: Unisex<br \/>\nAltersspanne: &gt; 6 Jahre alt<br \/>\nModellnummer: 41221<br \/>\nEinstufung: Assemblage<br \/>\nKunststoffblockform: Selbstsichernde Steine<br \/>\nMaterial: Kunststoff<br \/>\nKunststofftyp: ABS<br \/>\nZiegelsteine: 1815 +<br \/>\nZeit vereinbaren; 4-8 Wochen<\/p>","protected":false},"featured_media":44119,"comment_status":"open","ping_status":"closed","template":"","meta":{"_acf_changed":false},"product_cat":[1357,364],"product_tag":[11702,11701,389,11080,7879],"class_list":["product","first","instock","shipping-taxable","purchasable","product-type-simple"],"acf":[],"_links":{"self":[{"href":"https:\/\/mouldking.store\/de\/wp-json\/wp\/v2\/product\/44123","targetHints":{"allow":["GET"]}}],"collection":[{"href":"https:\/\/mouldking.store\/de\/wp-json\/wp\/v2\/product"}],"about":[{"href":"https:\/\/mouldking.store\/de\/wp-json\/wp\/v2\/types\/product"}],"replies":[{"embeddable":true,"href":"https:\/\/mouldking.store\/de\/wp-json\/wp\/v2\/comments?post=44123"}],"wp:featuredmedia":[{"embeddable":true,"href":"https:\/\/mouldking.store\/de\/wp-json\/wp\/v2\/media\/44119"}],"wp:attachment":[{"href":"https:\/\/mouldking.store\/de\/wp-json\/wp\/v2\/media?parent=44123"}],"wp:term":[{"taxonomy":"product_cat","embeddable":true,"href":"https:\/\/mouldking.store\/de\/wp-json\/wp\/v2\/product_cat?post=44123"},{"taxonomy":"product_tag","embeddable":true,"href":"https:\/\/mouldking.store\/de\/wp-json\/wp\/v2\/product_tag?post=44123"}],"curies":[{"name":"wp","href":"https:\/\/api.w.org\/{rel}","templated":true}]}}