{"id":44140,"date":"2023-04-10T12:06:51","date_gmt":"2023-04-10T05:06:51","guid":{"rendered":"https:\/\/mouldking.store\/shop\/moc-factory-122577-ultimate-lord-vaders-castle-with-10166-pieces\/"},"modified":"2025-12-16T22:25:04","modified_gmt":"2025-12-16T15:25:04","slug":"moc-factory-122577-ultimate-lord-vaders-castle-with-10166-pieces","status":"publish","type":"product","link":"https:\/\/mouldking.store\/de\/shop\/moc-factory-122577-ultimate-lord-vaders-castle-with-10166-pieces\/","title":{"rendered":"MOC Factory 122577 Ultimate Lord Vader&#039;s Castle mit 10166 Teilen"},"content":{"rendered":"<div>\u2705 MOC-122577 Ultimative Burg von Lord Vader<\/p>\n<p>\u2705 \u201eUltimate Lord Vader&#039;s Castle\u201c ist eine benutzerdefinierte Steinkreation, die von einem Steinliebhaber entworfen und online geteilt wird. Es ist kein offizielles Ziegelset oder Produkt.<\/p>\n<p>\ud83d\udeab WICHTIG!<\/p>\n<p>Produktname: Ultimate Lord Vader&#039;s Castle<\/p>\n<p>Kategorie: Krieg der Sterne<\/p>\n<p>Dieses Kit enth\u00e4lt: MOC-122577<\/p>\n<p>10166 St\u00fcck Ziegel von guter Qualit\u00e4t<\/p>\n<p>Gr\u00f6\u00dfe: 20,2 x 30,2 x 45,4 (Zoll)<\/p>\n<p>PDF-Anleitung<\/p>\n<p>\ud83d\udcccNatur des Protagonisten<\/p>\n<p>Die Einf\u00fchrung unserer stolzen Kollektion mit dem Namen \u201eUltimate Lord Vader&#039;s Castle\u201c sollten Sie sich nicht entgehen lassen.<\/p>\n<p>Das Design f\u00fcr Ultimate Lord Vader&#039;s Castle ist inspiriert von der Festung aus dem Film \u201eRogue One: A Star Wars Story\u201c, die das pers\u00f6nliche Schloss des ber\u00fcchtigten Darth Vader war. Das Backsteinmodell verf\u00fcgt \u00fcber ein gro\u00dfes, imposantes Schloss mit schwarzer Farbgebung und verschiedenen Details wie einem Landeplatz, einem Thronsaal und einer Meditationskammer. Das Modell ist so konzipiert, dass es mit Ziegeln und anderen kompatiblen Teilen gebaut werden kann, und enth\u00e4lt eine detaillierte Anleitung f\u00fcr den Zusammenbau. Es ist eher ein Ausstellungsst\u00fcck als ein spielbares Set und aufgrund seiner Komplexit\u00e4t und Gr\u00f6\u00dfe f\u00fcr erfahrenere Ziegelbauer gedacht.<\/p><\/div>","protected":false},"excerpt":{"rendered":"<p>Marke: MOC-Fabrik<br \/>\nGeschlecht: Unisex<br \/>\nAltersspanne: &gt; 6 Jahre alt<br \/>\nModellnummer: 122577<br \/>\nEinstufung: Assemblage<br \/>\nKunststoffblockform: Selbstsichernde Steine<br \/>\nMaterial: Kunststoff<br \/>\nKunststofftyp: ABS<br \/>\nZiegelsteine: 10166 +<br \/>\nVorbereitungszeit: 4-8 Wochen<\/p>","protected":false},"featured_media":44135,"comment_status":"open","ping_status":"closed","template":"","meta":{"_acf_changed":false},"product_cat":[1395,390,581,415,1408],"product_tag":[787,4883,392,434,436,11245],"class_list":["product","first","instock","shipping-taxable","purchasable","product-type-simple"],"acf":[],"_links":{"self":[{"href":"https:\/\/mouldking.store\/de\/wp-json\/wp\/v2\/product\/44140","targetHints":{"allow":["GET"]}}],"collection":[{"href":"https:\/\/mouldking.store\/de\/wp-json\/wp\/v2\/product"}],"about":[{"href":"https:\/\/mouldking.store\/de\/wp-json\/wp\/v2\/types\/product"}],"replies":[{"embeddable":true,"href":"https:\/\/mouldking.store\/de\/wp-json\/wp\/v2\/comments?post=44140"}],"wp:featuredmedia":[{"embeddable":true,"href":"https:\/\/mouldking.store\/de\/wp-json\/wp\/v2\/media\/44135"}],"wp:attachment":[{"href":"https:\/\/mouldking.store\/de\/wp-json\/wp\/v2\/media?parent=44140"}],"wp:term":[{"taxonomy":"product_cat","embeddable":true,"href":"https:\/\/mouldking.store\/de\/wp-json\/wp\/v2\/product_cat?post=44140"},{"taxonomy":"product_tag","embeddable":true,"href":"https:\/\/mouldking.store\/de\/wp-json\/wp\/v2\/product_tag?post=44140"}],"curies":[{"name":"wp","href":"https:\/\/api.w.org\/{rel}","templated":true}]}}