{"id":44237,"date":"2023-04-12T11:56:48","date_gmt":"2023-04-12T04:56:48","guid":{"rendered":"https:\/\/mouldking.store\/shop\/moc-factory-104139-assembly-square-apocalypse-version-with-4453-pieces\/"},"modified":"2025-12-16T22:25:04","modified_gmt":"2025-12-16T15:25:04","slug":"moc-factory-104139-assembly-square-apocalypse-version-with-4453-pieces","status":"publish","type":"product","link":"https:\/\/mouldking.store\/de\/shop\/moc-factory-104139-assembly-square-apocalypse-version-with-4453-pieces\/","title":{"rendered":"MOC Factory 104139 Assembly Square \u2013 Apokalypse-Version mit 4453 Teilen"},"content":{"rendered":"<div>\u2705 MOC-104139 Versammlungsplatz \u2013 Apokalypse-Version<\/p>\n<p>\u2705Assembly Square ist ein Gesch\u00e4fts- und Wohnkomplex in der Stadt Somerville, Massachusetts, USA. Der Komplex umfasst B\u00fcros, Wohnungen, Einzelhandelsgesch\u00e4fte, Restaurants und \u00f6ffentliche R\u00e4ume. Der Assembly Square befindet sich auf dem Gel\u00e4nde einer ehemaligen Fabrik der Ford Motor Company und wurde vom Federal Realty Investment Trust entwickelt.<\/p>\n<p>\ud83d\udeab WICHTIG!<\/p>\n<p>Produktname: Assembly Square \u2013 Apokalypse-Version<\/p>\n<p>Kategorie: Modulares Bauen<\/p>\n<p>Dieses Kit enth\u00e4lt: MOC-104139<\/p>\n<p>4453 St\u00fcck Steine von guter Qualit\u00e4t<\/p>\n<p>PDF-Anleitung<\/p>\n<p>\ud83d\udcccNatur des Protagonisten<\/p>\n<p>Die Einf\u00fchrung unserer stolzen Kollektion mit dem Namen \u201eAssembly Square \u2013 Apocalypse Version\u201c sollten Sie nicht verpassen.<\/p>\n<p>Der Komplex hat sich zu einem beliebten Einkaufs- und Restaurantziel im Gro\u00dfraum Boston entwickelt, mit einer Vielzahl von Gesch\u00e4ften und Restaurants wie AMC Theatres, Starbucks, Legal Sea Foods und mehr. Es verf\u00fcgt auch \u00fcber \u00f6ffentliche Bereiche wie den Baxter Riverfront Park, wo die Menschen den Blick auf den Mystic River genie\u00dfen k\u00f6nnen.<\/p><\/div>","protected":false},"excerpt":{"rendered":"<p>Marke: MOC-Fabrik<br \/>\nGeschlecht: Unisex<br \/>\nAltersspanne: &gt; 6 Jahre alt<br \/>\nModellnummer: 104139<br \/>\nEinstufung: Assemblage<br \/>\nKunststoffblockform: Selbstsichernde Steine<br \/>\nMaterial: Kunststoff<br \/>\nKunststofftyp: ABS<br \/>\nZiegelsteine: 4453 +<br \/>\nVorbereitungszeit: 4-8 Wochen<\/p>","protected":false},"featured_media":44232,"comment_status":"open","ping_status":"closed","template":"","meta":{"_acf_changed":false},"product_cat":[1395,390],"product_tag":[11714,11562,4883,11099,392,11125],"class_list":["product","first","instock","shipping-taxable","purchasable","product-type-simple"],"acf":[],"_links":{"self":[{"href":"https:\/\/mouldking.store\/de\/wp-json\/wp\/v2\/product\/44237","targetHints":{"allow":["GET"]}}],"collection":[{"href":"https:\/\/mouldking.store\/de\/wp-json\/wp\/v2\/product"}],"about":[{"href":"https:\/\/mouldking.store\/de\/wp-json\/wp\/v2\/types\/product"}],"replies":[{"embeddable":true,"href":"https:\/\/mouldking.store\/de\/wp-json\/wp\/v2\/comments?post=44237"}],"wp:featuredmedia":[{"embeddable":true,"href":"https:\/\/mouldking.store\/de\/wp-json\/wp\/v2\/media\/44232"}],"wp:attachment":[{"href":"https:\/\/mouldking.store\/de\/wp-json\/wp\/v2\/media?parent=44237"}],"wp:term":[{"taxonomy":"product_cat","embeddable":true,"href":"https:\/\/mouldking.store\/de\/wp-json\/wp\/v2\/product_cat?post=44237"},{"taxonomy":"product_tag","embeddable":true,"href":"https:\/\/mouldking.store\/de\/wp-json\/wp\/v2\/product_tag?post=44237"}],"curies":[{"name":"wp","href":"https:\/\/api.w.org\/{rel}","templated":true}]}}