{"id":44263,"date":"2023-04-14T09:23:13","date_gmt":"2023-04-14T02:23:13","guid":{"rendered":"https:\/\/mouldking.store\/shop\/moc-factory-96408-bo-katan-kryze-helmet-collection-with-569-pieces\/"},"modified":"2025-12-16T22:25:04","modified_gmt":"2025-12-16T15:25:04","slug":"moc-factory-96408-bo-katan-kryze-helmet-collection-with-569-pieces","status":"publish","type":"product","link":"https:\/\/mouldking.store\/de\/shop\/moc-factory-96408-bo-katan-kryze-helmet-collection-with-569-pieces\/","title":{"rendered":"MOC Factory 96408 Bo-Katan Kryze Helmkollektion mit 569 Teilen"},"content":{"rendered":"<div>\u2705 MOC-96408 Bo-Katan Kryze Helmkollektion<\/p>\n<p>\u2705Bo-Katan Kryze ist eine fiktive Figur im Star Wars-Universum, die in den animierten Fernsehserien \u201eThe Clone Wars\u201c und \u201eStar Wars Rebels\u201c vorkommt. Sie ist eine mandalorianische Kriegerin, die Teil einer Gruppe namens Nite Owls ist und sp\u00e4ter die Anf\u00fchrerin des mandalorianischen Widerstands gegen das Imperium wird.<\/p>\n<p>\ud83d\udeab WICHTIG!<\/p>\n<p>Produktname: Bo-Katan Kryze Helmkollektion<\/p>\n<p>Kategorie: Krieg der Sterne<\/p>\n<p>Dieses Kit enth\u00e4lt: C9408<\/p>\n<p>569 St\u00fcck Steine von guter Qualit\u00e4t<\/p>\n<p>Gr\u00f6\u00dfe: 9,6 x 9,6 x 16 cm<\/p>\n<p>Gewicht: 0,483 kg<\/p>\n<p>PDF-Anleitung<\/p>\n<p>\ud83d\udcccNatur des Protagonisten<\/p>\n<p>Die Einf\u00fchrung unserer stolzen Kollektion mit dem Namen \u201eBo-Katan Kryze Helmet Collection\u201c sollten Sie nicht verpassen.<\/p>\n<p>Die Bo-Katan Kryze Helmkollektion ist eine Reihe von Nachbildungen von Helmen, die auf dem Design von Bo-Katans Helm aus \u201eThe Clone Wars\u201c und \u201eStar Wars Rebels\u201c basieren. Diese Helme sind offiziell von Lucasfilm lizenziert und werden von verschiedenen Unternehmen hergestellt, darunter Hasbro und Sideshow Collectibles. Die Helme sind aus hochwertigen Materialien gefertigt und verf\u00fcgen \u00fcber komplizierte Details und Farbapplikationen, die dem Erscheinungsbild von Bo-Katans Helm auf dem Bildschirm treu bleiben. Sie sind f\u00fcr Sammler und Fans der Star Wars-Franchise konzipiert, die ein Erinnerungsst\u00fcck aus der Serie besitzen m\u00f6chten.<\/p><\/div>","protected":false},"excerpt":{"rendered":"<p>Marke: MOC-Fabrik<br \/>\nGeschlecht: Unisex<br \/>\nAltersspanne: &gt; 6 Jahre alt<br \/>\nModellnummer: 96408<br \/>\nEinstufung: Assemblage<br \/>\nKunststoffblockform: Selbstsichernde Steine<br \/>\nMaterial: Kunststoff<br \/>\nKunststofftyp: ABS<br \/>\nZiegelsteine: 569 +<br \/>\nKeine Originalverpackung<\/p>","protected":false},"featured_media":44258,"comment_status":"open","ping_status":"closed","template":"","meta":{"_acf_changed":false},"product_cat":[1365,581,415,1408],"product_tag":[11717,8149,8452,8047,11340,11718,434,436],"class_list":["product","first","instock","shipping-taxable","purchasable","product-type-simple"],"acf":[],"_links":{"self":[{"href":"https:\/\/mouldking.store\/de\/wp-json\/wp\/v2\/product\/44263","targetHints":{"allow":["GET"]}}],"collection":[{"href":"https:\/\/mouldking.store\/de\/wp-json\/wp\/v2\/product"}],"about":[{"href":"https:\/\/mouldking.store\/de\/wp-json\/wp\/v2\/types\/product"}],"replies":[{"embeddable":true,"href":"https:\/\/mouldking.store\/de\/wp-json\/wp\/v2\/comments?post=44263"}],"wp:featuredmedia":[{"embeddable":true,"href":"https:\/\/mouldking.store\/de\/wp-json\/wp\/v2\/media\/44258"}],"wp:attachment":[{"href":"https:\/\/mouldking.store\/de\/wp-json\/wp\/v2\/media?parent=44263"}],"wp:term":[{"taxonomy":"product_cat","embeddable":true,"href":"https:\/\/mouldking.store\/de\/wp-json\/wp\/v2\/product_cat?post=44263"},{"taxonomy":"product_tag","embeddable":true,"href":"https:\/\/mouldking.store\/de\/wp-json\/wp\/v2\/product_tag?post=44263"}],"curies":[{"name":"wp","href":"https:\/\/api.w.org\/{rel}","templated":true}]}}