{"id":44276,"date":"2023-04-14T09:32:01","date_gmt":"2023-04-14T02:32:01","guid":{"rendered":"https:\/\/mouldking.store\/shop\/moc-factory-89415-robot-mk17-guardian-with-1603-pieces\/"},"modified":"2025-12-16T22:25:04","modified_gmt":"2025-12-16T15:25:04","slug":"moc-factory-89415-robot-mk17-guardian-with-1603-pieces","status":"publish","type":"product","link":"https:\/\/mouldking.store\/de\/shop\/moc-factory-89415-robot-mk17-guardian-with-1603-pieces\/","title":{"rendered":"MOC Factory 89415 Roboter MK17 Guardian mit 1603 Teilen"},"content":{"rendered":"<div>\u2705 MOC-89415 Roboter MK17 W\u00e4chter<\/p>\n<p>\u2705Der MOC-Roboter MK17 Guardian ist ein Baustein- oder \u201eStein\u201c-Set, mit dem Sie ein Modell eines fiktiven Roboters namens MK17 Guardian bauen k\u00f6nnen.<\/p>\n<p>\ud83d\udeab WICHTIG!<\/p>\n<p>Produktname: Roboter MK17 Guardian<\/p>\n<p>Kategorie: Sch\u00f6pfer<\/p>\n<p>Dieses Kit enth\u00e4lt: C9361<\/p>\n<p>1603 St\u00fcck Ziegel von guter Qualit\u00e4t<\/p>\n<p>Gr\u00f6\u00dfe: 29,9 x 26,8 x 43,4 cm<\/p>\n<p>Gewicht: 0,796 kg<\/p>\n<p>PDF-Anleitung<\/p>\n<p>\ud83d\udcccNatur des Protagonisten<\/p>\n<p>Die Einf\u00fchrung unserer stolzen Kollektion mit dem Namen \u201eRobot MK17 Guardian\u201c sollten Sie nicht verpassen.<\/p>\n<p>Der MK17 Guardian ist eine Art Mech oder humanoider Roboter, der anscheinend von verschiedenen Roboterdesigns aus der Popul\u00e4rkultur wie der Gundam- und Transformers-Serie inspiriert ist. Das Baukastenset umfasst in der Regel Hunderte oder Tausende von Einzelteilen, die zum Robotermodell zusammengebaut werden k\u00f6nnen, zusammen mit Anweisungen und manchmal Aufklebern oder anderem Zubeh\u00f6r, um das Erscheinungsbild des Endprodukts zu verbessern. Als Bausteinset ist der MOC Robot MK17 Guardian f\u00fcr Bastler, Sammler und Fans des Bauens und Anpassens ihrer eigenen Modelle konzipiert. Es ist kein funktionsf\u00e4higer Roboter und nicht als Spielzeug oder f\u00fcr praktische Zwecke bestimmt.<\/p><\/div>","protected":false},"excerpt":{"rendered":"<p>Marke: MOC-Fabrik<br \/>\nGeschlecht: Unisex<br \/>\nAltersspanne: &gt; 6 Jahre alt<br \/>\nModellnummer: 89415<br \/>\nEinstufung: Assemblage<br \/>\nKunststoffblockform: Selbstsichernde Steine<br \/>\nMaterial: Kunststoff<br \/>\nKunststofftyp: ABS<br \/>\nZiegelsteine: 1603 +<br \/>\nKeine Originalverpackung<\/p>","protected":false},"featured_media":44264,"comment_status":"open","ping_status":"closed","template":"","meta":{"_acf_changed":false},"product_cat":[1365,371],"product_tag":[11072,8452,11429,11719,590],"class_list":["product","first","instock","shipping-taxable","purchasable","product-type-simple"],"acf":[],"_links":{"self":[{"href":"https:\/\/mouldking.store\/de\/wp-json\/wp\/v2\/product\/44276","targetHints":{"allow":["GET"]}}],"collection":[{"href":"https:\/\/mouldking.store\/de\/wp-json\/wp\/v2\/product"}],"about":[{"href":"https:\/\/mouldking.store\/de\/wp-json\/wp\/v2\/types\/product"}],"replies":[{"embeddable":true,"href":"https:\/\/mouldking.store\/de\/wp-json\/wp\/v2\/comments?post=44276"}],"wp:featuredmedia":[{"embeddable":true,"href":"https:\/\/mouldking.store\/de\/wp-json\/wp\/v2\/media\/44264"}],"wp:attachment":[{"href":"https:\/\/mouldking.store\/de\/wp-json\/wp\/v2\/media?parent=44276"}],"wp:term":[{"taxonomy":"product_cat","embeddable":true,"href":"https:\/\/mouldking.store\/de\/wp-json\/wp\/v2\/product_cat?post=44276"},{"taxonomy":"product_tag","embeddable":true,"href":"https:\/\/mouldking.store\/de\/wp-json\/wp\/v2\/product_tag?post=44276"}],"curies":[{"name":"wp","href":"https:\/\/api.w.org\/{rel}","templated":true}]}}