{"id":44301,"date":"2023-04-14T09:52:46","date_gmt":"2023-04-14T02:52:46","guid":{"rendered":"https:\/\/mouldking.store\/shop\/moc-factory-101609-destiny-2-hive-ghost-with-1043-pieces\/"},"modified":"2025-12-16T22:25:04","modified_gmt":"2025-12-16T15:25:04","slug":"moc-factory-101609-destiny-2-hive-ghost-with-1043-pieces","status":"publish","type":"product","link":"https:\/\/mouldking.store\/de\/shop\/moc-factory-101609-destiny-2-hive-ghost-with-1043-pieces\/","title":{"rendered":"MOC Factory 101609 Destiny 2 Hive Ghost mit 1043 Teilen"},"content":{"rendered":"<div>\u2705 MOC-101609 Destiny 2 Schwarmgeist<\/p>\n<p>\u2705Im Videospiel Destiny 2 ist der Hive Ghost eine Art Ghost-H\u00fclle, die von Spielern ausger\u00fcstet werden kann, um das Aussehen ihres Begleiters im Spiel, des Ghost, anzupassen. Die Hive Ghost-H\u00fclle ist nach dem Hive gestaltet, einer Rasse antagonistischer au\u00dferirdischer Kreaturen in der \u00dcberlieferung des Spiels.<\/p>\n<p>\ud83d\udeab WICHTIG!<\/p>\n<p>Produktname: Destiny 2 Hive Ghost<\/p>\n<p>Kategorie: Sch\u00f6pfer<\/p>\n<p>Dieses Kit enth\u00e4lt: C9345<\/p>\n<p>1043 St\u00fcck Ziegel von guter Qualit\u00e4t<\/p>\n<p>Gr\u00f6\u00dfe: 40 x 15 x 24 cm<\/p>\n<p>Gewicht: 0,637 kg<\/p>\n<p>PDF-Anleitung<\/p>\n<p>\ud83d\udcccNatur des Protagonisten<\/p>\n<p>Die Einf\u00fchrung unserer stolzen Kollektion mit dem Namen \u201eDestiny 2 Hive Ghost\u201c, die Sie nicht verpassen sollten.<\/p>\n<p>Die Hive Ghost-H\u00fclle verf\u00fcgt \u00fcber ein dunkles, kantiges Design mit komplizierten Mustern und Symbolen, die der Architektur und \u00c4sthetik des Hive \u00e4hneln. Es hat auch eine einzigartige Reihe von Sprachleitungen und Soundeffekten, die auf das Hive-Thema zugeschnitten sind. In Destiny 2 sind Geister KI-Begleiter, die dem Spielercharakter w\u00e4hrend des gesamten Spiels Hilfestellung und Informationen geben. Sie k\u00f6nnen mit verschiedenen Ghost-H\u00fcllen angepasst werden, von denen jede ihr eigenes einzigartiges Aussehen und eine Reihe von Vorteilen oder F\u00e4higkeiten hat. Die Hive Ghost-H\u00fclle ist eine von vielen Ghost-H\u00fcllen, die durch das Spielen oder durch den Kauf von In-Game-W\u00e4hrung erhalten werden k\u00f6nnen.<\/p><\/div>","protected":false},"excerpt":{"rendered":"<p>Marke: MOC-Fabrik<br \/>\nGeschlecht: Unisex<br \/>\nAltersspanne: &gt; 6 Jahre alt<br \/>\nModellnummer: 101609<br \/>\nEinstufung: Assemblage<br \/>\nKunststoffblockform: Selbstsichernde Steine<br \/>\nMaterial: Kunststoff<br \/>\nKunststofftyp: ABS<br \/>\nZiegelsteine: 1043 +<br \/>\nKeine Originalverpackung<\/p>","protected":false},"featured_media":44298,"comment_status":"open","ping_status":"closed","template":"","meta":{"_acf_changed":false},"product_cat":[1365,371],"product_tag":[11072,8452,11726,2964,11727],"class_list":["product","first","instock","shipping-taxable","purchasable","product-type-simple"],"acf":[],"_links":{"self":[{"href":"https:\/\/mouldking.store\/de\/wp-json\/wp\/v2\/product\/44301","targetHints":{"allow":["GET"]}}],"collection":[{"href":"https:\/\/mouldking.store\/de\/wp-json\/wp\/v2\/product"}],"about":[{"href":"https:\/\/mouldking.store\/de\/wp-json\/wp\/v2\/types\/product"}],"replies":[{"embeddable":true,"href":"https:\/\/mouldking.store\/de\/wp-json\/wp\/v2\/comments?post=44301"}],"wp:featuredmedia":[{"embeddable":true,"href":"https:\/\/mouldking.store\/de\/wp-json\/wp\/v2\/media\/44298"}],"wp:attachment":[{"href":"https:\/\/mouldking.store\/de\/wp-json\/wp\/v2\/media?parent=44301"}],"wp:term":[{"taxonomy":"product_cat","embeddable":true,"href":"https:\/\/mouldking.store\/de\/wp-json\/wp\/v2\/product_cat?post=44301"},{"taxonomy":"product_tag","embeddable":true,"href":"https:\/\/mouldking.store\/de\/wp-json\/wp\/v2\/product_tag?post=44301"}],"curies":[{"name":"wp","href":"https:\/\/api.w.org\/{rel}","templated":true}]}}