{"id":44308,"date":"2023-04-14T10:06:37","date_gmt":"2023-04-14T03:06:37","guid":{"rendered":"https:\/\/mouldking.store\/shop\/im-master-9826-2-helios-drift-sports-car-with-2443-pieces\/"},"modified":"2023-04-14T10:06:37","modified_gmt":"2023-04-14T03:06:37","slug":"im-master-9826-2-helios-drift-sports-car-with-2443-pieces","status":"publish","type":"product","link":"https:\/\/mouldking.store\/de\/shop\/im-master-9826-2-helios-drift-sports-car-with-2443-pieces\/","title":{"rendered":"IM.Master 9826-2 Helios Drift Sportwagen mit 2443 Teilen"},"content":{"rendered":"<div>\u2705 IM.Master 9826-2 Helios Drift Sportwagen<br \/>&nbsp;<br \/>\u2705IM.Master 9826-2 Technic 1:10 Helios Drift Sports Car ist ein Baustein- oder \u201eStein\u201c-Set, mit dem Sie ein Modell eines Sportwagens bauen k\u00f6nnen. Das Set enth\u00e4lt 2443 \u00b1 Teile einzelner Bausteine und ist f\u00fcr Enthusiasten konzipiert, die gerne ihre eigenen Modelle bauen und anpassen.<br \/>&nbsp;<br \/>\ud83d\udeab WICHTIG!&nbsp;<br \/>&nbsp;<br \/>Produktname: Helios Drift Sportwagen<br \/>&nbsp;<br \/>Kategorie: Technik<br \/>&nbsp;<br \/>Dieses Kit enth\u00e4lt IM.Master 9826-2<br \/>&nbsp;<br \/>2443 St\u00fcck Steine von guter Qualit\u00e4t&nbsp;<br \/>&nbsp;<br \/>Gr\u00f6\u00dfe: 50,5 \u00d7 24,7 \u00d7 13 cm<br \/>&nbsp;<br \/>Manuelle Anweisungen&nbsp;<br \/>&nbsp;<br \/>\ud83d\udcccNatur des Protagonisten&nbsp;<br \/>&nbsp;<br \/>Die Einf\u00fchrung unserer stolzen Kollektion mit dem Namen \u201eHelios Drift Sports Car\u201c sollten Sie nicht verpassen.&nbsp;<br \/>&nbsp;<br \/>Der Helios Drift Sports Car ist ein fiktives Fahrzeug und kein lizenziertes Produkt eines etablierten Autoherstellers. Es scheint eine Kreation des B\u00fchnenbildners zu sein, und sein Design kann von verschiedenen realen Sportwagen inspiriert sein. Das Set ist Teil der Technic-Serie, die ein Unterthema der Brick Building Block Sets ist. Technic-Sets sind bekannt f\u00fcr ihre fortschrittlichen Bautechniken und funktionellen Merkmale wie funktionierende Zahnr\u00e4der, Aufh\u00e4ngungen und Motoren.&nbsp;<\/div>","protected":false},"excerpt":{"rendered":"<p>Marke: IM.Master<br \/>\nGeschlecht: Unisex<br \/>\nAltersspanne: &gt; 8 Jahre alt<br \/>\nModellnummer: 9826-2<br \/>\nEinstufung: Assemblage<br \/>\nKunststoffblockform: Selbstsichernde Steine<br \/>\nMaterial: Kunststoff<br \/>\nKunststofftyp: ABS<br \/>\nZiegelsteine: 2443 +<br \/>\nMit Motor<\/p>","protected":false},"featured_media":44302,"comment_status":"open","ping_status":"closed","template":"","meta":{"_acf_changed":false},"product_cat":[1360,1357,364],"product_tag":[457,7231,11728,11150,389,11080],"class_list":["product","first","instock","shipping-taxable","purchasable","product-type-simple"],"acf":[],"_links":{"self":[{"href":"https:\/\/mouldking.store\/de\/wp-json\/wp\/v2\/product\/44308","targetHints":{"allow":["GET"]}}],"collection":[{"href":"https:\/\/mouldking.store\/de\/wp-json\/wp\/v2\/product"}],"about":[{"href":"https:\/\/mouldking.store\/de\/wp-json\/wp\/v2\/types\/product"}],"replies":[{"embeddable":true,"href":"https:\/\/mouldking.store\/de\/wp-json\/wp\/v2\/comments?post=44308"}],"wp:featuredmedia":[{"embeddable":true,"href":"https:\/\/mouldking.store\/de\/wp-json\/wp\/v2\/media\/44302"}],"wp:attachment":[{"href":"https:\/\/mouldking.store\/de\/wp-json\/wp\/v2\/media?parent=44308"}],"wp:term":[{"taxonomy":"product_cat","embeddable":true,"href":"https:\/\/mouldking.store\/de\/wp-json\/wp\/v2\/product_cat?post=44308"},{"taxonomy":"product_tag","embeddable":true,"href":"https:\/\/mouldking.store\/de\/wp-json\/wp\/v2\/product_tag?post=44308"}],"curies":[{"name":"wp","href":"https:\/\/api.w.org\/{rel}","templated":true}]}}